{"id":213171,"date":"2024-08-14T16:05:57","date_gmt":"2024-08-14T14:05:57","guid":{"rendered":"https:\/\/dev.lediamant.ch\/?post_type=product&#038;p=213171"},"modified":"2026-01-29T10:26:33","modified_gmt":"2026-01-29T09:26:33","slug":"pendants-doreilles-coeur-or-jaune-750-18-ct","status":"publish","type":"product","link":"https:\/\/dev.lediamant.ch\/de\/schmuck\/213171-pendants-doreilles-coeur-or-jaune-750-18-ct-116903151\/0001\/","title":{"rendered":"Ohrh\u00e4nger, Herz, Gelbgold 750\/18 kt."},"content":{"rendered":"","protected":false},"excerpt":{"rendered":"","protected":false},"featured_media":137409,"template":"","meta":{"_acf_changed":false,"_seopress_robots_primary_cat":"27199","_seopress_titles_title":"","_seopress_titles_desc":"D\u00e9couvrez le Collier \u00c9l\u00e9gance chez Le Diamant! \u00c9clat et raffinement pour illuminer chaque occasion. Visitez-nous maintenant.","_seopress_robots_index":""},"brand":[27089],"product_brand":[],"product_cat":[27121,27171,27199,27125,27153,27251],"product_tag":[],"class_list":{"0":"post-213171","1":"product","2":"type-product","3":"status-publish","4":"has-post-thumbnail","6":"brand-gold-jewellery-de","7":"product_cat-schmuck","8":"product_cat-ohrringe","9":"product_cat-ohrhanger","10":"product_cat-geschenkideen","11":"product_cat-valentinstag-de","12":"product_cat-auswahl-fuer-sie-de","13":"pa_genre-frau","14":"pa_matiere-75018ktgelbgold","15":"sales-flash-overlay","16":"woocommerce-text-align-center","17":"woocommerce-image-align-center","18":"do-quantity-buttons","20":"first","21":"instock","22":"taxable","23":"shipping-taxable","24":"purchasable","25":"product-type-simple"},"acf":[],"_links":{"self":[{"href":"https:\/\/dev.lediamant.ch\/de\/wp-json\/wp\/v2\/product\/213171","targetHints":{"allow":["GET"]}}],"collection":[{"href":"https:\/\/dev.lediamant.ch\/de\/wp-json\/wp\/v2\/product"}],"about":[{"href":"https:\/\/dev.lediamant.ch\/de\/wp-json\/wp\/v2\/types\/product"}],"wp:featuredmedia":[{"embeddable":true,"href":"https:\/\/dev.lediamant.ch\/de\/wp-json\/wp\/v2\/media\/137409"}],"wp:attachment":[{"href":"https:\/\/dev.lediamant.ch\/de\/wp-json\/wp\/v2\/media?parent=213171"}],"wp:term":[{"taxonomy":"brand","embeddable":true,"href":"https:\/\/dev.lediamant.ch\/de\/wp-json\/wp\/v2\/brand?post=213171"},{"taxonomy":"product_brand","embeddable":true,"href":"https:\/\/dev.lediamant.ch\/de\/wp-json\/wp\/v2\/product_brand?post=213171"},{"taxonomy":"product_cat","embeddable":true,"href":"https:\/\/dev.lediamant.ch\/de\/wp-json\/wp\/v2\/product_cat?post=213171"},{"taxonomy":"product_tag","embeddable":true,"href":"https:\/\/dev.lediamant.ch\/de\/wp-json\/wp\/v2\/product_tag?post=213171"}],"curies":[{"name":"wp","href":"https:\/\/api.w.org\/{rel}","templated":true}]}}