{"id":213242,"date":"2024-08-17T15:34:25","date_gmt":"2024-08-17T13:34:25","guid":{"rendered":"https:\/\/dev.lediamant.ch\/?post_type=product&#038;p=213242"},"modified":"2024-09-06T17:40:31","modified_gmt":"2024-09-06T15:40:31","slug":"maurice-lacroix-aikon-quartz-35mm","status":"publish","type":"product","link":"https:\/\/dev.lediamant.ch\/de\/uhren\/213242-maurice-lacroix-aikon-quartz-35mm-ai1106-ss002-450-1\/","title":{"rendered":"Maurice Lacroix AIKON Quarz, 35mm"},"content":{"rendered":"<p>Maurice Lacroix kehrte zu den Wurzeln seiner ikonischen Geschichte zur\u00fcck und pr\u00e4sentierte eine Reihe von \u00c4nderungen an der AIKON Quartz, die f\u00fcr jede Referenz spezifische Verbesserungen mit sich brachten.<br \/>\nIn einem Geist der kontinuierlichen Verbesserung hat Maurice Lacroix die AIKON Quartz \u00fcberarbeitet.<br \/>\nGest\u00fctzt auf die Erfahrung, die seit der Einf\u00fchrung der ersten AIKON gesammelt wurde, und auf das Feedback von Kunden und H\u00e4ndlern, hat das Haus aus dem Jura jede Komponente des sportlichen Modells neu \u00fcberdacht.<br \/>\nJede Kurve, Facette, Linie und Oberfl\u00e4che wurde verfeinert, um ein neues, schlichteres Design zu schaffen.<br \/>\nDar\u00fcber hinaus wurden alle Eigenschaften jeder Referenz verbessert, um die luxuri\u00f6se Aura der Kreationen zu unterstreichen.    <\/p>\n","protected":false},"excerpt":{"rendered":"<p>Maurice Lacroix kehrte zu den Wurzeln seiner ikonischen Geschichte zur\u00fcck und pr\u00e4sentierte eine Reihe von \u00c4nderungen an der AIKON Quartz, die f\u00fcr jede Referenz spezifische Verbesserungen mit sich brachten. In einem Geist der kontinuierlichen Verbesserung hat Maurice Lacroix die AIKON Quartz \u00fcberarbeitet. Gest\u00fctzt auf die Erfahrung, die seit der Einf\u00fchrung der ersten AIKON gesammelt wurde, &#8230; <a title=\"Maurice Lacroix AIKON Quarz, 35mm\" class=\"read-more\" href=\"https:\/\/dev.lediamant.ch\/de\/uhren\/213242-maurice-lacroix-aikon-quartz-35mm-ai1106-ss002-450-1\/\" aria-label=\"Mehr Informationen \u00fcber Maurice Lacroix AIKON Quarz, 35mm\">Weiterlesen &#8230;<\/a><\/p>\n","protected":false},"featured_media":213244,"template":"","meta":{"_acf_changed":false,"_seopress_robots_primary_cat":"none","_seopress_titles_title":"","_seopress_titles_desc":"Maurice Lacroix erfindet die AIKON Quartz mit einem klaren Design und einer verbesserten Leistung neu, die den Anforderungen des modernen Luxus gerecht wird.","_seopress_robots_index":""},"brand":[],"product_brand":[],"product_cat":[27123,27149,27205,27137],"product_tag":[],"class_list":{"0":"post-213242","1":"product","2":"type-product","3":"status-publish","4":"has-post-thumbnail","6":"product_cat-uhren","7":"product_cat-maurice-lacroix-de","8":"product_cat-aikon-de","9":"product_cat-bracelet-ajustable-de","10":"pa_couleurduboitier-grau-de","11":"pa_couleurducadran-blau","12":"pa_etancheite-100m-de","13":"pa_forme-runden","14":"pa_genre-frau","15":"pa_matiere-stahl","16":"pa_matierebraceletmontre-edelstahl","17":"pa_mouvement-quarzbatterie-de","18":"pa_swissmade-ja-de","19":"pa_typedemontre-uhrenmitdiamanten","20":"sales-flash-overlay","21":"woocommerce-text-align-center","22":"woocommerce-image-align-center","23":"do-quantity-buttons","25":"first","26":"instock","27":"taxable","28":"shipping-taxable","29":"purchasable","30":"product-type-simple"},"acf":[],"_links":{"self":[{"href":"https:\/\/dev.lediamant.ch\/de\/wp-json\/wp\/v2\/product\/213242","targetHints":{"allow":["GET"]}}],"collection":[{"href":"https:\/\/dev.lediamant.ch\/de\/wp-json\/wp\/v2\/product"}],"about":[{"href":"https:\/\/dev.lediamant.ch\/de\/wp-json\/wp\/v2\/types\/product"}],"wp:featuredmedia":[{"embeddable":true,"href":"https:\/\/dev.lediamant.ch\/de\/wp-json\/wp\/v2\/media\/213244"}],"wp:attachment":[{"href":"https:\/\/dev.lediamant.ch\/de\/wp-json\/wp\/v2\/media?parent=213242"}],"wp:term":[{"taxonomy":"brand","embeddable":true,"href":"https:\/\/dev.lediamant.ch\/de\/wp-json\/wp\/v2\/brand?post=213242"},{"taxonomy":"product_brand","embeddable":true,"href":"https:\/\/dev.lediamant.ch\/de\/wp-json\/wp\/v2\/product_brand?post=213242"},{"taxonomy":"product_cat","embeddable":true,"href":"https:\/\/dev.lediamant.ch\/de\/wp-json\/wp\/v2\/product_cat?post=213242"},{"taxonomy":"product_tag","embeddable":true,"href":"https:\/\/dev.lediamant.ch\/de\/wp-json\/wp\/v2\/product_tag?post=213242"}],"curies":[{"name":"wp","href":"https:\/\/api.w.org\/{rel}","templated":true}]}}