{"id":213274,"date":"2024-08-17T16:09:25","date_gmt":"2024-08-17T14:09:25","guid":{"rendered":"https:\/\/dev.lediamant.ch\/?post_type=product&#038;p=213274"},"modified":"2025-05-07T10:56:01","modified_gmt":"2025-05-07T08:56:01","slug":"maurice-lacroix-fiaba-colours-edition-32mm-3","status":"publish","type":"product","link":"https:\/\/dev.lediamant.ch\/de\/uhren\/213274-maurice-lacroix-fiaba-colours-edition-32mm-3-fa1104-ss002-e20-1\/","title":{"rendered":"Maurice Lacroix FIABA Colours Edition 32mm"},"content":{"rendered":"<p>Die FIABA erweckt M\u00e4rchen zum Leben, feiert die Zartheit und ist f\u00fcr die moderne Frau bestimmt.<br \/>\nMit ihrem eleganten Design und den pr\u00e4chtigen Details bieten diese Damenuhren erschwinglichen Luxus und sind der ideale Begleiter f\u00fcr Tag und Nacht.<\/p>\n","protected":false},"excerpt":{"rendered":"<p>Die FIABA erweckt M\u00e4rchen zum Leben, feiert die Zartheit und ist f\u00fcr die moderne Frau bestimmt. Mit ihrem eleganten Design und den pr\u00e4chtigen Details bieten diese Damenuhren erschwinglichen Luxus und sind der ideale Begleiter f\u00fcr Tag und Nacht.<\/p>\n","protected":false},"featured_media":217793,"template":"","meta":{"_acf_changed":false,"_seopress_robots_primary_cat":"27149","_seopress_titles_title":"","_seopress_titles_desc":"Entdecken Sie FIABA: Damenuhren, die Eleganz und luxuri\u00f6se Details f\u00fcr einen m\u00e4rchenhaften Stil vereinen.\r\nErschwinglicher Luxus, perfekt f\u00fcr Tag und Nacht.","_seopress_robots_index":""},"brand":[27103],"product_brand":[],"product_cat":[27123,27149,27309,27137],"product_tag":[],"class_list":{"0":"post-213274","1":"product","2":"type-product","3":"status-publish","4":"has-post-thumbnail","6":"brand-mauricelacroix-de","7":"product_cat-uhren","8":"product_cat-maurice-lacroix-de","9":"product_cat-fiaba-de","10":"product_cat-bracelet-ajustable-de","11":"pa_couleurduboitier-grau-de","12":"pa_couleurdubracelet-grau-de","13":"pa_couleurducadran-blau","14":"pa_detail-de-s-pierres-s-46-diamanten","15":"pa_etancheite-30m-de","16":"pa_forme-runden","17":"pa_genre-frau","18":"pa_matiere-stahl","19":"pa_matierebraceletmontre-edelstahl","20":"pa_mouvement-quarzbatterie-de","21":"pa_swissmade-ja-de","22":"pa_typedemontre-uhrenmitdiamanten","23":"sales-flash-overlay","24":"woocommerce-text-align-center","25":"woocommerce-image-align-center","26":"do-quantity-buttons","28":"first","29":"instock","30":"taxable","31":"shipping-taxable","32":"purchasable","33":"product-type-simple"},"acf":[],"_links":{"self":[{"href":"https:\/\/dev.lediamant.ch\/de\/wp-json\/wp\/v2\/product\/213274","targetHints":{"allow":["GET"]}}],"collection":[{"href":"https:\/\/dev.lediamant.ch\/de\/wp-json\/wp\/v2\/product"}],"about":[{"href":"https:\/\/dev.lediamant.ch\/de\/wp-json\/wp\/v2\/types\/product"}],"wp:featuredmedia":[{"embeddable":true,"href":"https:\/\/dev.lediamant.ch\/de\/wp-json\/wp\/v2\/media\/217793"}],"wp:attachment":[{"href":"https:\/\/dev.lediamant.ch\/de\/wp-json\/wp\/v2\/media?parent=213274"}],"wp:term":[{"taxonomy":"brand","embeddable":true,"href":"https:\/\/dev.lediamant.ch\/de\/wp-json\/wp\/v2\/brand?post=213274"},{"taxonomy":"product_brand","embeddable":true,"href":"https:\/\/dev.lediamant.ch\/de\/wp-json\/wp\/v2\/product_brand?post=213274"},{"taxonomy":"product_cat","embeddable":true,"href":"https:\/\/dev.lediamant.ch\/de\/wp-json\/wp\/v2\/product_cat?post=213274"},{"taxonomy":"product_tag","embeddable":true,"href":"https:\/\/dev.lediamant.ch\/de\/wp-json\/wp\/v2\/product_tag?post=213274"}],"curies":[{"name":"wp","href":"https:\/\/api.w.org\/{rel}","templated":true}]}}