{"id":213496,"date":"2024-08-30T17:42:29","date_gmt":"2024-08-30T15:42:29","guid":{"rendered":"https:\/\/dev.lediamant.ch\/?post_type=product&#038;p=213496"},"modified":"2024-12-11T18:19:44","modified_gmt":"2024-12-11T17:19:44","slug":"maurice-lacroix-aikon-auto-titanium-chronograph-44mm-2","status":"publish","type":"product","link":"https:\/\/dev.lediamant.ch\/de\/uhren\/213496-maurice-lacroix-aikon-auto-titanium-chronograph-44mm-ai6038-tt032-530-1\/","title":{"rendered":"Maurice Lacroix AIKON Auto Titanium Chronograph 44mm"},"content":{"rendered":"<p>Die von der Stadt inspirierte AIKON Automatic bietet eine zeitgem\u00e4\u00dfe \u00c4sthetik, ergonomisches Design und ein mechanisches Herz. Mit seinem cleveren Einsatz von Kontrasten und Formen ist der AIKON Automatic der ideale Begleiter f\u00fcr das Leben in der Stadt.<\/p>\n","protected":false},"excerpt":{"rendered":"<p>Die von der Stadt inspirierte AIKON Automatic bietet eine zeitgem\u00e4\u00dfe \u00c4sthetik, ergonomisches Design und ein mechanisches Herz. Mit seinem cleveren Einsatz von Kontrasten und Formen ist der AIKON Automatic der ideale Begleiter f\u00fcr das Leben in der Stadt.<\/p>\n","protected":false},"featured_media":214765,"template":"","meta":{"_acf_changed":false,"_seopress_robots_primary_cat":"27149","_seopress_titles_title":"%%post_title%%","_seopress_titles_desc":"Entdecken Sie die AIKON Automatic: ein urbanes und ergonomisches Design, perfekt f\u00fcr das Leben in der Stadt, mit einem zeitgen\u00f6ssischen Stil und einem pr\u00e4zisen mechanischen Uhrwerk.","_seopress_robots_index":""},"brand":[27103],"product_brand":[],"product_cat":[27123,27149,27205],"product_tag":[],"class_list":{"0":"post-213496","1":"product","2":"type-product","3":"status-publish","4":"has-post-thumbnail","6":"brand-mauricelacroix-de","7":"product_cat-uhren","8":"product_cat-maurice-lacroix-de","9":"product_cat-aikon-de","10":"pa_couleurducadran-gelb","11":"pa_etancheite-200m-de","12":"pa_forme-runden","13":"pa_genre-mann","14":"pa_matiere-titan","15":"pa_matierebraceletmontre-titan-de","16":"pa_mouvement-automatik-de","17":"pa_swissmade-ja-de","18":"pa_typedemontre-chronograph-de","19":"sales-flash-overlay","20":"woocommerce-text-align-center","21":"woocommerce-image-align-center","22":"do-quantity-buttons","24":"first","25":"instock","26":"taxable","27":"shipping-taxable","28":"purchasable","29":"product-type-simple"},"acf":[],"_links":{"self":[{"href":"https:\/\/dev.lediamant.ch\/de\/wp-json\/wp\/v2\/product\/213496","targetHints":{"allow":["GET"]}}],"collection":[{"href":"https:\/\/dev.lediamant.ch\/de\/wp-json\/wp\/v2\/product"}],"about":[{"href":"https:\/\/dev.lediamant.ch\/de\/wp-json\/wp\/v2\/types\/product"}],"wp:featuredmedia":[{"embeddable":true,"href":"https:\/\/dev.lediamant.ch\/de\/wp-json\/wp\/v2\/media\/214765"}],"wp:attachment":[{"href":"https:\/\/dev.lediamant.ch\/de\/wp-json\/wp\/v2\/media?parent=213496"}],"wp:term":[{"taxonomy":"brand","embeddable":true,"href":"https:\/\/dev.lediamant.ch\/de\/wp-json\/wp\/v2\/brand?post=213496"},{"taxonomy":"product_brand","embeddable":true,"href":"https:\/\/dev.lediamant.ch\/de\/wp-json\/wp\/v2\/product_brand?post=213496"},{"taxonomy":"product_cat","embeddable":true,"href":"https:\/\/dev.lediamant.ch\/de\/wp-json\/wp\/v2\/product_cat?post=213496"},{"taxonomy":"product_tag","embeddable":true,"href":"https:\/\/dev.lediamant.ch\/de\/wp-json\/wp\/v2\/product_tag?post=213496"}],"curies":[{"name":"wp","href":"https:\/\/api.w.org\/{rel}","templated":true}]}}