{"id":214308,"date":"2024-10-30T17:24:50","date_gmt":"2024-10-30T16:24:50","guid":{"rendered":"https:\/\/dev.lediamant.ch\/?post_type=product&#038;p=214308"},"modified":"2024-10-30T17:25:58","modified_gmt":"2024-10-30T16:25:58","slug":"tissot-le-locle-29mm-18k-gold-bezel","status":"publish","type":"product","link":"https:\/\/dev.lediamant.ch\/de\/uhren\/214308-tissot-le-locle-29mm-18k-gold-bezel-t9322074103600\/","title":{"rendered":"Tissot Le Locle 29mm 18k Gold Bezel"},"content":{"rendered":"<p>Die Tissot Le Locle Automatique ist nach der Heimatstadt der Marke im Schweizer Jura benannt und verk\u00f6rpert die handwerkliche Tradition von Tissot. Diese elegante Uhr mit einem 29 mm Edelstahlgeh\u00e4use und einer L\u00fcnette aus 18 Karat Rotgold verf\u00fcgt \u00fcber ein Automatikwerk und eine Gangreserve von bis zu 48 Stunden. Ihre unerm\u00fcdliche Arbeit kann durch den transparenten Geh\u00e4useboden beobachtet werden.<\/p>\n","protected":false},"excerpt":{"rendered":"<p>Die Tissot Le Locle Automatique ist nach der Heimatstadt der Marke im Schweizer Jura benannt und verk\u00f6rpert die handwerkliche Tradition von Tissot. Diese elegante Uhr mit einem 29 mm Edelstahlgeh\u00e4use und einer L\u00fcnette aus 18 Karat Rotgold verf\u00fcgt \u00fcber ein Automatikwerk und eine Gangreserve von bis zu 48 Stunden. Ihre unerm\u00fcdliche Arbeit kann durch den &#8230; <a title=\"Tissot Le Locle 29mm 18k Gold Bezel\" class=\"read-more\" href=\"https:\/\/dev.lediamant.ch\/de\/uhren\/214308-tissot-le-locle-29mm-18k-gold-bezel-t9322074103600\/\" aria-label=\"Mehr Informationen \u00fcber Tissot Le Locle 29mm 18k Gold Bezel\">Weiterlesen &#8230;<\/a><\/p>\n","protected":false},"featured_media":214300,"template":"","meta":{"_acf_changed":false,"_seopress_robots_primary_cat":"27473","_seopress_titles_title":"","_seopress_titles_desc":"Entdecken Sie die Tissot Le Locle Automatique, ein Symbol f\u00fcr Schweizer Handwerkskunst, mit einem Stahlgeh\u00e4use, einer L\u00fcnette aus Rotgold und einem pr\u00e4zisen Uhrwerk.","_seopress_robots_index":""},"brand":[27087],"product_brand":[],"product_cat":[27123,27159,27473,27349],"product_tag":[],"class_list":{"0":"post-214308","1":"product","2":"type-product","3":"status-publish","4":"has-post-thumbnail","6":"brand-tissot-de","7":"product_cat-uhren","8":"product_cat-tissot-de","9":"product_cat-tissot-le-locle","10":"product_cat-tissot-gold","11":"pa_couleurduboitier-zweifarbig-de","12":"pa_couleurdubracelet-grau-de","13":"pa_couleurducadran-silber","14":"pa_detail-de-s-pierres-s-8-diamanten-003-ct-vs-si-top-wesselton","15":"pa_dimensions-o-29-mm","16":"pa_etancheite-30m-de","17":"pa_forme-runden","18":"pa_garantie-24monate","19":"pa_genre-frau","20":"pa_matiere-bicolorstahlrosegold75018kt","21":"pa_matierebraceletmontre-edelstahl","22":"pa_mouvement-automatik-de","23":"pa_swissmade-ja-de","24":"pa_typedemontre-uhrenmitdiamanten","25":"pa_verre-saphir-de","26":"sales-flash-overlay","27":"woocommerce-text-align-center","28":"woocommerce-image-align-center","29":"do-quantity-buttons","31":"first","32":"instock","33":"taxable","34":"shipping-taxable","35":"purchasable","36":"product-type-simple"},"acf":[],"_links":{"self":[{"href":"https:\/\/dev.lediamant.ch\/de\/wp-json\/wp\/v2\/product\/214308","targetHints":{"allow":["GET"]}}],"collection":[{"href":"https:\/\/dev.lediamant.ch\/de\/wp-json\/wp\/v2\/product"}],"about":[{"href":"https:\/\/dev.lediamant.ch\/de\/wp-json\/wp\/v2\/types\/product"}],"wp:featuredmedia":[{"embeddable":true,"href":"https:\/\/dev.lediamant.ch\/de\/wp-json\/wp\/v2\/media\/214300"}],"wp:attachment":[{"href":"https:\/\/dev.lediamant.ch\/de\/wp-json\/wp\/v2\/media?parent=214308"}],"wp:term":[{"taxonomy":"brand","embeddable":true,"href":"https:\/\/dev.lediamant.ch\/de\/wp-json\/wp\/v2\/brand?post=214308"},{"taxonomy":"product_brand","embeddable":true,"href":"https:\/\/dev.lediamant.ch\/de\/wp-json\/wp\/v2\/product_brand?post=214308"},{"taxonomy":"product_cat","embeddable":true,"href":"https:\/\/dev.lediamant.ch\/de\/wp-json\/wp\/v2\/product_cat?post=214308"},{"taxonomy":"product_tag","embeddable":true,"href":"https:\/\/dev.lediamant.ch\/de\/wp-json\/wp\/v2\/product_tag?post=214308"}],"curies":[{"name":"wp","href":"https:\/\/api.w.org\/{rel}","templated":true}]}}