{"id":214644,"date":"2024-11-13T13:34:31","date_gmt":"2024-11-13T12:34:31","guid":{"rendered":"https:\/\/dev.lediamant.ch\/?post_type=product&#038;p=214644"},"modified":"2024-11-13T14:38:06","modified_gmt":"2024-11-13T13:38:06","slug":"tissot-prx-25mm","status":"publish","type":"product","link":"https:\/\/dev.lediamant.ch\/de\/uhren\/214644-tissot-prx-25mm-t1370101105600\/","title":{"rendered":"Tissot PRX 25mm"},"content":{"rendered":"<p>Die neue PRX 25mm ist eine perfekte Kombination aus dem Charme der 70er Jahre und einem raffinierten Design. Angetrieben von einem zuverl\u00e4ssigen Quarzwerk mit Anzeige des Endes der Lebensdauer der Batterie (EOL-Funktion (End of Life)), bietet sie den Komfort eines batteriebetriebenen Zeitmessers mit einem Minimum an Wartung. Diese Uhr hat ein schwarzes Zifferblatt mit 36 Diamanten, das durch ein kratzfestes und entspiegeltes Saphirglas gesch\u00fctzt wird. Das Geh\u00e4use aus Edelstahl ist bis zu einem Druck von 100 m wasserdicht, was die Uhr zu einem robusten Begleiter f\u00fcr den Alltag macht.<\/p>\n","protected":false},"excerpt":{"rendered":"<p>Die neue PRX 25mm ist eine perfekte Kombination aus dem Charme der 70er Jahre und einem raffinierten Design. Angetrieben von einem zuverl\u00e4ssigen Quarzwerk mit Anzeige des Endes der Lebensdauer der Batterie (EOL-Funktion (End of Life)), bietet sie den Komfort eines batteriebetriebenen Zeitmessers mit einem Minimum an Wartung. Diese Uhr hat ein schwarzes Zifferblatt mit 36 &#8230; <a title=\"Tissot PRX 25mm\" class=\"read-more\" href=\"https:\/\/dev.lediamant.ch\/de\/uhren\/214644-tissot-prx-25mm-t1370101105600\/\" aria-label=\"Mehr Informationen \u00fcber Tissot PRX 25mm\">Weiterlesen &#8230;<\/a><\/p>\n","protected":false},"featured_media":214637,"template":"","meta":{"_acf_changed":false,"_seopress_robots_primary_cat":"27159","_seopress_titles_title":"","_seopress_titles_desc":"Die PRX 25mm mit Quarzwerk und diamantbesetztem Zifferblatt verbindet den Charme der 70er Jahre mit modernem Design und ist Ihre elegante und dauerhafte Wahl.","_seopress_robots_index":""},"brand":[27087],"product_brand":[],"product_cat":[27123,27159,27245,27389],"product_tag":[],"class_list":{"0":"post-214644","1":"product","2":"type-product","3":"status-publish","4":"has-post-thumbnail","6":"brand-tissot-de","7":"product_cat-uhren","8":"product_cat-tissot-de","9":"product_cat-tissot-classic","10":"product_cat-tissot-prx","11":"pa_couleurduboitier-grau-de","12":"pa_couleurdubracelet-grau-de","13":"pa_couleurducadran-schwarz","14":"pa_detail-de-s-pierres-s-zifferblatt-mit-36-diamanten-004-ct-vs-si-top-wesselton","15":"pa_dimensions-o-25-mm","16":"pa_etancheite-100m-de","17":"pa_forme-fass-de","18":"pa_garantie-24monate","19":"pa_genre-frau","20":"pa_matierebraceletmontre-edelstahl","21":"pa_mouvement-quarzbatterie-de","22":"pa_swissmade-ja-de","23":"pa_typedemontre-uhrenmitdiamanten","24":"pa_verre-saphir-de","25":"sales-flash-overlay","26":"woocommerce-text-align-center","27":"woocommerce-image-align-center","28":"do-quantity-buttons","30":"first","31":"instock","32":"taxable","33":"shipping-taxable","34":"purchasable","35":"product-type-simple"},"acf":[],"_links":{"self":[{"href":"https:\/\/dev.lediamant.ch\/de\/wp-json\/wp\/v2\/product\/214644","targetHints":{"allow":["GET"]}}],"collection":[{"href":"https:\/\/dev.lediamant.ch\/de\/wp-json\/wp\/v2\/product"}],"about":[{"href":"https:\/\/dev.lediamant.ch\/de\/wp-json\/wp\/v2\/types\/product"}],"wp:featuredmedia":[{"embeddable":true,"href":"https:\/\/dev.lediamant.ch\/de\/wp-json\/wp\/v2\/media\/214637"}],"wp:attachment":[{"href":"https:\/\/dev.lediamant.ch\/de\/wp-json\/wp\/v2\/media?parent=214644"}],"wp:term":[{"taxonomy":"brand","embeddable":true,"href":"https:\/\/dev.lediamant.ch\/de\/wp-json\/wp\/v2\/brand?post=214644"},{"taxonomy":"product_brand","embeddable":true,"href":"https:\/\/dev.lediamant.ch\/de\/wp-json\/wp\/v2\/product_brand?post=214644"},{"taxonomy":"product_cat","embeddable":true,"href":"https:\/\/dev.lediamant.ch\/de\/wp-json\/wp\/v2\/product_cat?post=214644"},{"taxonomy":"product_tag","embeddable":true,"href":"https:\/\/dev.lediamant.ch\/de\/wp-json\/wp\/v2\/product_tag?post=214644"}],"curies":[{"name":"wp","href":"https:\/\/api.w.org\/{rel}","templated":true}]}}