{"id":214904,"date":"2024-11-19T13:57:17","date_gmt":"2024-11-19T12:57:17","guid":{"rendered":"https:\/\/dev.lediamant.ch\/?post_type=product&#038;p=214904"},"modified":"2024-11-19T13:57:35","modified_gmt":"2024-11-19T12:57:35","slug":"tissot-ballade-34mm-2","status":"publish","type":"product","link":"https:\/\/dev.lediamant.ch\/de\/uhren\/214904-tissot-ballade-34mm-t1562101109100\/","title":{"rendered":"Tissot Ballade 34mm"},"content":{"rendered":"<p>Diese Version der Tissot Ballade hat ein 34 mm gro\u00dfes Geh\u00e4use aus Stahl. Ein kratzfestes, entspiegeltes Saphirglas sch\u00fctzt das hellgr\u00fcne Zifferblatt, das eine Datumsanzeige bei 3 Uhr hat. Die Zeiger und Indizes kontrastieren mit dem Zifferblatt und die SuperLuminova\u00ae-Beschichtung garantiert eine hervorragende Ablesbarkeit. Im Inneren der Uhr schl\u00e4gt ein pr\u00e4zises Swiss Made Quarzwerk mit Anzeige des Endes der Batterielebensdauer (EOL (End of Life) Funktion). Das Stahlarmband bietet einen optimalen Tragekomfort.  <\/p>\n","protected":false},"excerpt":{"rendered":"<p>Diese Version der Tissot Ballade hat ein 34 mm gro\u00dfes Geh\u00e4use aus Stahl. Ein kratzfestes, entspiegeltes Saphirglas sch\u00fctzt das hellgr\u00fcne Zifferblatt, das eine Datumsanzeige bei 3 Uhr hat. Die Zeiger und Indizes kontrastieren mit dem Zifferblatt und die SuperLuminova\u00ae-Beschichtung garantiert eine hervorragende Ablesbarkeit. Im Inneren der Uhr schl\u00e4gt ein pr\u00e4zises Swiss Made Quarzwerk mit Anzeige &#8230; <a title=\"Tissot Ballade 34mm\" class=\"read-more\" href=\"https:\/\/dev.lediamant.ch\/de\/uhren\/214904-tissot-ballade-34mm-t1562101109100\/\" aria-label=\"Mehr Informationen \u00fcber Tissot Ballade 34mm\">Weiterlesen &#8230;<\/a><\/p>\n","protected":false},"featured_media":214897,"template":"","meta":{"_acf_changed":false,"_seopress_robots_primary_cat":"27158","_seopress_titles_title":"","_seopress_titles_desc":"Entdecken Sie die Eleganz der Tissot Ballade mit 34 mm Stahlgeh\u00e4use, gr\u00fcnem Zifferblatt, Saphirglas und Swiss Made Quarzwerk. Komfort und Pr\u00e4zision. ","_seopress_robots_index":""},"brand":[27087],"product_brand":[],"product_cat":[27123,27159,27245,41840],"product_tag":[],"class_list":{"0":"post-214904","1":"product","2":"type-product","3":"status-publish","4":"has-post-thumbnail","6":"brand-tissot-de","7":"product_cat-uhren","8":"product_cat-tissot-de","9":"product_cat-tissot-classic","10":"product_cat-tissot-ballade-de","11":"pa_couleurduboitier-grau-de","12":"pa_couleurdubracelet-grau-de","13":"pa_couleurducadran-grun","14":"pa_dimensions-o-34-mm","15":"pa_etancheite-100m-de","16":"pa_forme-runden","17":"pa_garantie-24monate","18":"pa_genre-frau","19":"pa_matiere-stahl","20":"pa_matierebraceletmontre-edelstahl","21":"pa_mouvement-quarzbatterie-de","22":"pa_swissmade-ja-de","23":"pa_verre-saphir-de","24":"sales-flash-overlay","25":"woocommerce-text-align-center","26":"woocommerce-image-align-center","27":"do-quantity-buttons","29":"first","30":"instock","31":"taxable","32":"shipping-taxable","33":"purchasable","34":"product-type-simple"},"acf":[],"_links":{"self":[{"href":"https:\/\/dev.lediamant.ch\/de\/wp-json\/wp\/v2\/product\/214904","targetHints":{"allow":["GET"]}}],"collection":[{"href":"https:\/\/dev.lediamant.ch\/de\/wp-json\/wp\/v2\/product"}],"about":[{"href":"https:\/\/dev.lediamant.ch\/de\/wp-json\/wp\/v2\/types\/product"}],"wp:featuredmedia":[{"embeddable":true,"href":"https:\/\/dev.lediamant.ch\/de\/wp-json\/wp\/v2\/media\/214897"}],"wp:attachment":[{"href":"https:\/\/dev.lediamant.ch\/de\/wp-json\/wp\/v2\/media?parent=214904"}],"wp:term":[{"taxonomy":"brand","embeddable":true,"href":"https:\/\/dev.lediamant.ch\/de\/wp-json\/wp\/v2\/brand?post=214904"},{"taxonomy":"product_brand","embeddable":true,"href":"https:\/\/dev.lediamant.ch\/de\/wp-json\/wp\/v2\/product_brand?post=214904"},{"taxonomy":"product_cat","embeddable":true,"href":"https:\/\/dev.lediamant.ch\/de\/wp-json\/wp\/v2\/product_cat?post=214904"},{"taxonomy":"product_tag","embeddable":true,"href":"https:\/\/dev.lediamant.ch\/de\/wp-json\/wp\/v2\/product_tag?post=214904"}],"curies":[{"name":"wp","href":"https:\/\/api.w.org\/{rel}","templated":true}]}}