{"id":214918,"date":"2024-11-19T11:20:04","date_gmt":"2024-11-19T10:20:04","guid":{"rendered":"https:\/\/dev.lediamant.ch\/?post_type=product&#038;p=214918"},"modified":"2024-11-19T11:20:21","modified_gmt":"2024-11-19T10:20:21","slug":"tissot-ballade-40mm","status":"publish","type":"product","link":"https:\/\/dev.lediamant.ch\/de\/uhren\/214918-tissot-ballade-40mm-t1564101104100\/","title":{"rendered":"Tissot Ballade 40mm"},"content":{"rendered":"<p>Diese Uhr wurde entworfen, um Ihren Stil in ganz besonderen Momenten zu unterstreichen. Das traditionell guillochierte blaue Zifferblatt mit Sonnenstrahlen reflektiert das Licht wundersch\u00f6n und verleiht der Uhr Tiefe und Eleganz. Die geriffelte L\u00fcnette bietet eine raffinierte Dekoration, die die traditionelle Uhrmacherkunst repr\u00e4sentiert. Das schnell zu \u00f6ffnende Stahlarmband bietet maximalen Komfort.   <\/p>\n","protected":false},"excerpt":{"rendered":"<p>Diese Uhr wurde entworfen, um Ihren Stil in ganz besonderen Momenten zu unterstreichen. Das traditionell guillochierte blaue Zifferblatt mit Sonnenstrahlen reflektiert das Licht wundersch\u00f6n und verleiht der Uhr Tiefe und Eleganz. Die geriffelte L\u00fcnette bietet eine raffinierte Dekoration, die die traditionelle Uhrmacherkunst repr\u00e4sentiert. Das schnell zu \u00f6ffnende Stahlarmband bietet maximalen Komfort.<\/p>\n","protected":false},"featured_media":214911,"template":"","meta":{"_acf_changed":false,"_seopress_robots_primary_cat":"27158","_seopress_titles_title":"","_seopress_titles_desc":"Entdecken Sie die Eleganz des blauen, guillochierten Zifferblatts und die Raffinesse der geriffelten L\u00fcnette. Komfort und Stil f\u00fcr Ihre besonderen Momente. ","_seopress_robots_index":""},"brand":[27087],"product_brand":[],"product_cat":[27123,27159,27245,41840],"product_tag":[],"class_list":{"0":"post-214918","1":"product","2":"type-product","3":"status-publish","4":"has-post-thumbnail","6":"brand-tissot-de","7":"product_cat-uhren","8":"product_cat-tissot-de","9":"product_cat-tissot-classic","10":"product_cat-tissot-ballade-de","11":"pa_couleurduboitier-grau-de","12":"pa_couleurdubracelet-grau-de","13":"pa_couleurducadran-blau","14":"pa_dimensions-o-40-mm","15":"pa_etancheite-100m-de","16":"pa_forme-runden","17":"pa_garantie-24monate","18":"pa_genre-mann","19":"pa_matiere-stahl","20":"pa_matierebraceletmontre-edelstahl","21":"pa_mouvement-quarzbatterie-de","22":"pa_swissmade-ja-de","23":"pa_verre-saphir-de","24":"sales-flash-overlay","25":"woocommerce-text-align-center","26":"woocommerce-image-align-center","27":"do-quantity-buttons","29":"first","30":"instock","31":"taxable","32":"shipping-taxable","33":"purchasable","34":"product-type-simple"},"acf":[],"_links":{"self":[{"href":"https:\/\/dev.lediamant.ch\/de\/wp-json\/wp\/v2\/product\/214918","targetHints":{"allow":["GET"]}}],"collection":[{"href":"https:\/\/dev.lediamant.ch\/de\/wp-json\/wp\/v2\/product"}],"about":[{"href":"https:\/\/dev.lediamant.ch\/de\/wp-json\/wp\/v2\/types\/product"}],"wp:featuredmedia":[{"embeddable":true,"href":"https:\/\/dev.lediamant.ch\/de\/wp-json\/wp\/v2\/media\/214911"}],"wp:attachment":[{"href":"https:\/\/dev.lediamant.ch\/de\/wp-json\/wp\/v2\/media?parent=214918"}],"wp:term":[{"taxonomy":"brand","embeddable":true,"href":"https:\/\/dev.lediamant.ch\/de\/wp-json\/wp\/v2\/brand?post=214918"},{"taxonomy":"product_brand","embeddable":true,"href":"https:\/\/dev.lediamant.ch\/de\/wp-json\/wp\/v2\/product_brand?post=214918"},{"taxonomy":"product_cat","embeddable":true,"href":"https:\/\/dev.lediamant.ch\/de\/wp-json\/wp\/v2\/product_cat?post=214918"},{"taxonomy":"product_tag","embeddable":true,"href":"https:\/\/dev.lediamant.ch\/de\/wp-json\/wp\/v2\/product_tag?post=214918"}],"curies":[{"name":"wp","href":"https:\/\/api.w.org\/{rel}","templated":true}]}}