{"id":215868,"date":"2025-01-24T18:22:32","date_gmt":"2025-01-24T17:22:32","guid":{"rendered":"https:\/\/dev.lediamant.ch\/?post_type=product&#038;p=215868"},"modified":"2025-01-29T14:55:35","modified_gmt":"2025-01-29T13:55:35","slug":"american-classic-psr-74-digital-quartz","status":"publish","type":"product","link":"https:\/\/dev.lediamant.ch\/de\/uhren\/215868-hamilton-american-classic-psr-74-digital-quartz-h52304130\/","title":{"rendered":"Hamilton American Classic PSR 74 Digital Quartz"},"content":{"rendered":"<p>Die PSR ist ein Trendsetter und passt sich nun dem aktuellen Zeitgeschmack an, w\u00e4hrend sie den gleichen unverwechselbaren Stil wie die erste Digitaluhr, die die Welt ver\u00e4nderte, aufweist. Inspiriert von der originalen Form und dem Vintage-Look des Cushion Pulsar, der 1974 erstmals auf den Markt kam, ist diese Uhr immer noch ein Symbol des Weltraumzeitalters. Die PSR 74 ist mit einem brandneuen Quarzmodul ausgestattet und verf\u00fcgt \u00fcber die gleiche Hybrid-Display-Technologie, die ein reflektierendes LCD (Fl\u00fcssigkristallanzeige) mit einem emittierenden OLED (organische Leuchtdioden) kombiniert. Der zweite Dr\u00fccker bietet eine neue, praktische Datumsfunktion mit roter Ziffernanzeige.<\/p>\n","protected":false},"excerpt":{"rendered":"<p>Die PSR ist ein Trendsetter und passt sich nun dem aktuellen Zeitgeschmack an, w\u00e4hrend sie den gleichen unverwechselbaren Stil wie die erste Digitaluhr, die die Welt ver\u00e4nderte, aufweist. Inspiriert von der originalen Form und dem Vintage-Look des Cushion Pulsar, der 1974 erstmals auf den Markt kam, ist diese Uhr immer noch ein Symbol des Weltraumzeitalters. &#8230; <a title=\"Hamilton American Classic PSR 74 Digital Quartz\" class=\"read-more\" href=\"https:\/\/dev.lediamant.ch\/de\/uhren\/215868-hamilton-american-classic-psr-74-digital-quartz-h52304130\/\" aria-label=\"Mehr Informationen \u00fcber Hamilton American Classic PSR 74 Digital Quartz\">Weiterlesen &#8230;<\/a><\/p>\n","protected":false},"featured_media":215870,"template":"","meta":{"_acf_changed":false,"_seopress_robots_primary_cat":"27181","_seopress_titles_title":"","_seopress_titles_desc":"Entdecken Sie die ikonische PSR 74 wieder, eine Vintage und doch moderne Hommage an die erste Digitaluhr von 1974, die OLED- und LCD-Technologie kombiniert.","_seopress_robots_index":""},"brand":[27085],"product_brand":[],"product_cat":[27123,27181,27201,27137],"product_tag":[],"class_list":{"0":"post-215868","1":"product","2":"type-product","3":"status-publish","4":"has-post-thumbnail","6":"brand-hamilton-de","7":"product_cat-uhren","8":"product_cat-hamilton-de","9":"product_cat-american-classic","10":"product_cat-bracelet-ajustable-de","11":"pa_couleurduboitier-grau-de","12":"pa_couleurdubracelet-grau-de","13":"pa_dimensions-26mm-x-31mm-de","14":"pa_etancheite-100m-de","15":"pa_forme-rechteckig-de","16":"pa_genre-mann","17":"pa_genre-frau","18":"pa_matiere-stahl","19":"pa_matierebraceletmontre-edelstahl","20":"pa_mouvement-quarzbatterie-de","21":"pa_swissmade-ja-de","22":"pa_typedemontre-digitaluhren","23":"pa_verre-saphir-de","24":"sales-flash-overlay","25":"woocommerce-text-align-center","26":"woocommerce-image-align-center","27":"do-quantity-buttons","29":"first","30":"instock","31":"taxable","32":"shipping-taxable","33":"purchasable","34":"product-type-simple"},"acf":[],"_links":{"self":[{"href":"https:\/\/dev.lediamant.ch\/de\/wp-json\/wp\/v2\/product\/215868","targetHints":{"allow":["GET"]}}],"collection":[{"href":"https:\/\/dev.lediamant.ch\/de\/wp-json\/wp\/v2\/product"}],"about":[{"href":"https:\/\/dev.lediamant.ch\/de\/wp-json\/wp\/v2\/types\/product"}],"wp:featuredmedia":[{"embeddable":true,"href":"https:\/\/dev.lediamant.ch\/de\/wp-json\/wp\/v2\/media\/215870"}],"wp:attachment":[{"href":"https:\/\/dev.lediamant.ch\/de\/wp-json\/wp\/v2\/media?parent=215868"}],"wp:term":[{"taxonomy":"brand","embeddable":true,"href":"https:\/\/dev.lediamant.ch\/de\/wp-json\/wp\/v2\/brand?post=215868"},{"taxonomy":"product_brand","embeddable":true,"href":"https:\/\/dev.lediamant.ch\/de\/wp-json\/wp\/v2\/product_brand?post=215868"},{"taxonomy":"product_cat","embeddable":true,"href":"https:\/\/dev.lediamant.ch\/de\/wp-json\/wp\/v2\/product_cat?post=215868"},{"taxonomy":"product_tag","embeddable":true,"href":"https:\/\/dev.lediamant.ch\/de\/wp-json\/wp\/v2\/product_tag?post=215868"}],"curies":[{"name":"wp","href":"https:\/\/api.w.org\/{rel}","templated":true}]}}