{"id":215916,"date":"2025-01-29T14:57:48","date_gmt":"2025-01-29T13:57:48","guid":{"rendered":"https:\/\/dev.lediamant.ch\/?post_type=product&#038;p=215916"},"modified":"2025-01-29T15:04:42","modified_gmt":"2025-01-29T14:04:42","slug":"balmain-eirini-23","status":"publish","type":"product","link":"https:\/\/dev.lediamant.ch\/de\/uhren\/215916-balmain-eirini-b43883325\/","title":{"rendered":"Balmain Eirini"},"content":{"rendered":"<div class=\"flex-shrink-0 flex flex-col relative items-end\">\n<div>\n<div class=\"pt-0\">\n<div class=\"gizmo-bot-avatar flex h-8 w-8 items-center justify-center overflow-hidden rounded-full\">\n<div class=\"relative p-1 rounded-sm flex items-center justify-center bg-token-main-surface-primary text-token-text-primary h-8 w-8\"><span style=\"font-size: inherit;\">Zeitlose Eleganz und absolute Raffinesse. Die Balmain Eirini Uhr besticht durch ihr anspruchsvolles rechteckiges Design und ihr zartes 33 x 25 mm gro\u00dfes Geh\u00e4use. Das schlichte Zifferblatt und die harmonischen Linien verk\u00f6rpern Luxus und verleihen jeder Ihrer Gesten einen Hauch von Glamour. Ob f\u00fcr einen besonderen Anlass oder zur Versch\u00f6nerung Ihres Alltags, die Eirini spiegelt die Essenz des Balmain-Stils wider und verleiht jedem Moment eine prestigetr\u00e4chtige Aura. <\/span><\/div>\n<\/div>\n<\/div>\n<\/div>\n<\/div>\n","protected":false},"excerpt":{"rendered":"<p>Zeitlose Eleganz und absolute Raffinesse. Die Balmain Eirini Uhr besticht durch ihr anspruchsvolles rechteckiges Design und ihr zartes 33 x 25 mm gro\u00dfes Geh\u00e4use. Das schlichte Zifferblatt und die harmonischen Linien verk\u00f6rpern Luxus und verleihen jeder Ihrer Gesten einen Hauch von Glamour. Ob f\u00fcr einen besonderen Anlass oder zur Versch\u00f6nerung Ihres Alltags, die Eirini spiegelt &#8230; <a title=\"Balmain Eirini\" class=\"read-more\" href=\"https:\/\/dev.lediamant.ch\/de\/uhren\/215916-balmain-eirini-b43883325\/\" aria-label=\"Mehr Informationen \u00fcber Balmain Eirini\">Weiterlesen &#8230;<\/a><\/p>\n","protected":false},"featured_media":215918,"template":"","meta":{"_acf_changed":false,"_seopress_robots_primary_cat":"27173","_seopress_titles_title":"","_seopress_titles_desc":"Entdecken Sie die Eleganz der Balmain Eirini Uhr, die mit ihrem rechteckigen Design und ihrem luxuri\u00f6sen Stil ein Symbol f\u00fcr Raffinesse ist.","_seopress_robots_index":""},"brand":[27083],"product_brand":[],"product_cat":[27123,27173,27429],"product_tag":[],"class_list":{"0":"post-215916","1":"product","2":"type-product","3":"status-publish","4":"has-post-thumbnail","6":"brand-balmain-de","7":"product_cat-uhren","8":"product_cat-balmain-de","9":"product_cat-eirini-de","10":"pa_couleurduboitier-zweifarbig-de","11":"pa_couleurdubracelet-bicolor","12":"pa_couleurducadran-silber","13":"pa_etancheite-30m-de","14":"pa_forme-rechteckig-de","15":"pa_genre-frau","16":"pa_matiere-zweifarbigstahlrosegoldpvd","17":"pa_matierebraceletmontre-edelstahl","18":"pa_mouvement-quarzbatterie-de","19":"pa_swissmade-ja-de","20":"sales-flash-overlay","21":"woocommerce-text-align-center","22":"woocommerce-image-align-center","23":"do-quantity-buttons","25":"first","26":"instock","27":"taxable","28":"shipping-taxable","29":"purchasable","30":"product-type-simple"},"acf":[],"_links":{"self":[{"href":"https:\/\/dev.lediamant.ch\/de\/wp-json\/wp\/v2\/product\/215916","targetHints":{"allow":["GET"]}}],"collection":[{"href":"https:\/\/dev.lediamant.ch\/de\/wp-json\/wp\/v2\/product"}],"about":[{"href":"https:\/\/dev.lediamant.ch\/de\/wp-json\/wp\/v2\/types\/product"}],"wp:featuredmedia":[{"embeddable":true,"href":"https:\/\/dev.lediamant.ch\/de\/wp-json\/wp\/v2\/media\/215918"}],"wp:attachment":[{"href":"https:\/\/dev.lediamant.ch\/de\/wp-json\/wp\/v2\/media?parent=215916"}],"wp:term":[{"taxonomy":"brand","embeddable":true,"href":"https:\/\/dev.lediamant.ch\/de\/wp-json\/wp\/v2\/brand?post=215916"},{"taxonomy":"product_brand","embeddable":true,"href":"https:\/\/dev.lediamant.ch\/de\/wp-json\/wp\/v2\/product_brand?post=215916"},{"taxonomy":"product_cat","embeddable":true,"href":"https:\/\/dev.lediamant.ch\/de\/wp-json\/wp\/v2\/product_cat?post=215916"},{"taxonomy":"product_tag","embeddable":true,"href":"https:\/\/dev.lediamant.ch\/de\/wp-json\/wp\/v2\/product_tag?post=215916"}],"curies":[{"name":"wp","href":"https:\/\/api.w.org\/{rel}","templated":true}]}}