{"id":217030,"date":"2025-03-26T17:55:20","date_gmt":"2025-03-26T16:55:20","guid":{"rendered":"https:\/\/dev.lediamant.ch\/?post_type=product&#038;p=217030"},"modified":"2025-03-26T17:56:06","modified_gmt":"2025-03-26T16:56:06","slug":"tissot-seastar-1000-quartz-40mm-2","status":"publish","type":"product","link":"https:\/\/dev.lediamant.ch\/de\/uhren\/217030-tissot-seastar-1000-quartz-40mm-t1204102205101\/","title":{"rendered":"Tissot Seastar 1000 Quarz 40mm"},"content":{"rendered":"<p>Die Tissot Seastar 1000 Quartz 40 mm bietet einen sportlichen Look und Funktionen, die unter Wasser unverzichtbar sind. Sie ist absolut zuverl\u00e4ssig bis zu einem Druck von 30 bar (300m) und ist der Beweis daf\u00fcr, dass eine Unterwassersportuhr und ein anspruchsvoller Zeitmesser in einem einzigen Objekt vereint werden k\u00f6nnen. Diese Uhr ist ideal f\u00fcr Tag und Nacht. Die Ablesbarkeit bei schlechten Lichtverh\u00e4ltnissen wird durch Super-LumiNova\u00ae auf den Zeigern und Stundenindizes gew\u00e4hrleistet.<\/p>\n","protected":false},"excerpt":{"rendered":"<p>Die Tissot Seastar 1000 Quartz 40 mm bietet einen sportlichen Look und Funktionen, die unter Wasser unverzichtbar sind. Sie ist absolut zuverl\u00e4ssig bis zu einem Druck von 30 bar (300m) und ist der Beweis daf\u00fcr, dass eine Unterwassersportuhr und ein anspruchsvoller Zeitmesser in einem einzigen Objekt vereint werden k\u00f6nnen. Diese Uhr ist ideal f\u00fcr Tag &#8230; <a title=\"Tissot Seastar 1000 Quarz 40mm\" class=\"read-more\" href=\"https:\/\/dev.lediamant.ch\/de\/uhren\/217030-tissot-seastar-1000-quartz-40mm-t1204102205101\/\" aria-label=\"Mehr Informationen \u00fcber Tissot Seastar 1000 Quarz 40mm\">Weiterlesen &#8230;<\/a><\/p>\n","protected":false},"featured_media":217026,"template":"","meta":{"_acf_changed":false,"_seopress_robots_primary_cat":"27159","_seopress_titles_title":"","_seopress_titles_desc":"Entdecken Sie die Tissot Seastar 1000 Quartz, die ideale Uhr f\u00fcr Taucher. Sie ist wasserdicht bis 300m und vereint Eleganz und Funktionalit\u00e4t.","_seopress_robots_index":""},"brand":[27087],"product_brand":[],"product_cat":[27123,27159,27203,27441],"product_tag":[],"class_list":{"0":"post-217030","1":"product","2":"type-product","3":"status-publish","4":"has-post-thumbnail","6":"brand-tissot-de","7":"product_cat-uhren","8":"product_cat-tissot-de","9":"product_cat-tissot-sport","10":"product_cat-tissot-seastar","11":"pa_couleurduboitier-zweifarbig-de","12":"pa_couleurdubracelet-bicolor","13":"pa_couleurducadran-schwarz","14":"pa_dimensions-o-40-mm","15":"pa_etancheite-300m-de","16":"pa_forme-runden","17":"pa_garantie-24monate","18":"pa_genre-mann","19":"pa_matiere-zweifarbigstahlrosegoldpvd","20":"pa_matierebraceletmontre-edelstahl","21":"pa_mouvement-quarzbatterie-de","22":"pa_swissmade-ja-de","23":"pa_typedemontre-taucheruhren","24":"pa_verre-saphir-de","25":"sales-flash-overlay","26":"woocommerce-text-align-center","27":"woocommerce-image-align-center","28":"do-quantity-buttons","30":"first","31":"instock","32":"taxable","33":"shipping-taxable","34":"purchasable","35":"product-type-simple"},"acf":[],"_links":{"self":[{"href":"https:\/\/dev.lediamant.ch\/de\/wp-json\/wp\/v2\/product\/217030","targetHints":{"allow":["GET"]}}],"collection":[{"href":"https:\/\/dev.lediamant.ch\/de\/wp-json\/wp\/v2\/product"}],"about":[{"href":"https:\/\/dev.lediamant.ch\/de\/wp-json\/wp\/v2\/types\/product"}],"wp:featuredmedia":[{"embeddable":true,"href":"https:\/\/dev.lediamant.ch\/de\/wp-json\/wp\/v2\/media\/217026"}],"wp:attachment":[{"href":"https:\/\/dev.lediamant.ch\/de\/wp-json\/wp\/v2\/media?parent=217030"}],"wp:term":[{"taxonomy":"brand","embeddable":true,"href":"https:\/\/dev.lediamant.ch\/de\/wp-json\/wp\/v2\/brand?post=217030"},{"taxonomy":"product_brand","embeddable":true,"href":"https:\/\/dev.lediamant.ch\/de\/wp-json\/wp\/v2\/product_brand?post=217030"},{"taxonomy":"product_cat","embeddable":true,"href":"https:\/\/dev.lediamant.ch\/de\/wp-json\/wp\/v2\/product_cat?post=217030"},{"taxonomy":"product_tag","embeddable":true,"href":"https:\/\/dev.lediamant.ch\/de\/wp-json\/wp\/v2\/product_tag?post=217030"}],"curies":[{"name":"wp","href":"https:\/\/api.w.org\/{rel}","templated":true}]}}