{"id":217185,"date":"2025-03-26T17:45:35","date_gmt":"2025-03-26T16:45:35","guid":{"rendered":"https:\/\/dev.lediamant.ch\/?post_type=product&#038;p=217185"},"modified":"2025-03-26T17:46:26","modified_gmt":"2025-03-26T16:46:26","slug":"tissot-prx-powermatic-80-40mm-4","status":"publish","type":"product","link":"https:\/\/dev.lediamant.ch\/de\/uhren\/217185-tissot-prx-powermatic-80-40mm-t1374073304100\/","title":{"rendered":"Tissot PRX Powermatic 80 40mm"},"content":{"rendered":"<p>Wenn Sie auf der Suche nach einer schlanken, glatten Uhr mit einem authentischen Touch der 70er Jahre sind, dann suchen Sie nicht weiter als nach der Tissot PRX Powermatic 80. Die Tissot PRX wurde f\u00fcr Designliebhaber entworfen und weist Merkmale des 21\u1d49 Jahrhunderts in einem Tissot Geh\u00e4use aus dem Jahr 1978 auf. Sie ist ein Muss f\u00fcr jeden Uhrenliebhaber. Das Powermatic 80 Uhrwerk mit automatischem Aufzug bietet dank seiner innovativen Unruhspirale aus NivachronTM Zuverl\u00e4ssigkeit und Pr\u00e4zision. Mit einer Gangreserve von 80 Stunden ist es ein modernes Uhrwerk, das f\u00fcr einen aktiven Lebensstil konzipiert wurde.<\/p>\n<p>&nbsp;<\/p>\n<p>&nbsp;<\/p>\n<p>&nbsp;<\/p>\n","protected":false},"excerpt":{"rendered":"<p>Wenn Sie auf der Suche nach einer schlanken, glatten Uhr mit einem authentischen Touch der 70er Jahre sind, dann suchen Sie nicht weiter als nach der Tissot PRX Powermatic 80. Die Tissot PRX wurde f\u00fcr Designliebhaber entworfen und weist Merkmale des 21\u1d49 Jahrhunderts in einem Tissot Geh\u00e4use aus dem Jahr 1978 auf. Sie ist ein &#8230; <a title=\"Tissot PRX Powermatic 80 40mm\" class=\"read-more\" href=\"https:\/\/dev.lediamant.ch\/de\/uhren\/217185-tissot-prx-powermatic-80-40mm-t1374073304100\/\" aria-label=\"Mehr Informationen \u00fcber Tissot PRX Powermatic 80 40mm\">Weiterlesen &#8230;<\/a><\/p>\n","protected":false},"featured_media":217178,"template":"","meta":{"_acf_changed":false,"_seopress_robots_primary_cat":"27159","_seopress_titles_title":"","_seopress_titles_desc":"Erleben Sie den Vintage-Charme der 70er mit der Tissot PRX Powermatic 80. Perfekte Mischung aus klassischem Design und moderner Technik.","_seopress_robots_index":""},"brand":[27087],"product_brand":[],"product_cat":[27123,27159,27245,27389],"product_tag":[],"class_list":{"0":"post-217185","1":"product","2":"type-product","3":"status-publish","4":"has-post-thumbnail","6":"brand-tissot-de","7":"product_cat-uhren","8":"product_cat-tissot-de","9":"product_cat-tissot-classic","10":"product_cat-tissot-prx","11":"pa_couleurduboitier-pinkrosa-de","12":"pa_couleurdubracelet-rosa-de","13":"pa_couleurducadran-blau","14":"pa_dimensions-o-40-mm","15":"pa_etancheite-100m-de","16":"pa_forme-runden","17":"pa_garantie-24monate","18":"pa_genre-mann","19":"pa_matiere-rosegoldpvd","20":"pa_matierebraceletmontre-edelstahl","21":"pa_mouvement-automatik-de","22":"pa_swissmade-ja-de","23":"pa_verre-saphir-de","24":"sales-flash-overlay","25":"woocommerce-text-align-center","26":"woocommerce-image-align-center","27":"do-quantity-buttons","29":"first","30":"instock","31":"taxable","32":"shipping-taxable","33":"purchasable","34":"product-type-simple"},"acf":[],"_links":{"self":[{"href":"https:\/\/dev.lediamant.ch\/de\/wp-json\/wp\/v2\/product\/217185","targetHints":{"allow":["GET"]}}],"collection":[{"href":"https:\/\/dev.lediamant.ch\/de\/wp-json\/wp\/v2\/product"}],"about":[{"href":"https:\/\/dev.lediamant.ch\/de\/wp-json\/wp\/v2\/types\/product"}],"wp:featuredmedia":[{"embeddable":true,"href":"https:\/\/dev.lediamant.ch\/de\/wp-json\/wp\/v2\/media\/217178"}],"wp:attachment":[{"href":"https:\/\/dev.lediamant.ch\/de\/wp-json\/wp\/v2\/media?parent=217185"}],"wp:term":[{"taxonomy":"brand","embeddable":true,"href":"https:\/\/dev.lediamant.ch\/de\/wp-json\/wp\/v2\/brand?post=217185"},{"taxonomy":"product_brand","embeddable":true,"href":"https:\/\/dev.lediamant.ch\/de\/wp-json\/wp\/v2\/product_brand?post=217185"},{"taxonomy":"product_cat","embeddable":true,"href":"https:\/\/dev.lediamant.ch\/de\/wp-json\/wp\/v2\/product_cat?post=217185"},{"taxonomy":"product_tag","embeddable":true,"href":"https:\/\/dev.lediamant.ch\/de\/wp-json\/wp\/v2\/product_tag?post=217185"}],"curies":[{"name":"wp","href":"https:\/\/api.w.org\/{rel}","templated":true}]}}