{"id":217280,"date":"2025-04-02T17:05:29","date_gmt":"2025-04-02T15:05:29","guid":{"rendered":"https:\/\/dev.lediamant.ch\/?post_type=product&#038;p=217280"},"modified":"2025-05-03T10:04:02","modified_gmt":"2025-05-03T08:04:02","slug":"h992-h4-green-black-acier","status":"publish","type":"product","link":"https:\/\/dev.lediamant.ch\/de\/uhren\/217280-h992-h4-green-black-stahl-mh4an04bmbdh4n\/","title":{"rendered":"H992 H4 Green + Black Stahl"},"content":{"rendered":"<p>Ich bin die H4 Uhr. Ich bin die nat\u00fcrliche Weiterentwicklung der Marke H992, Ihre Lieblingsuhr in neuem Gewand. Ihr Design wurde bis ins kleinste Detail \u00fcberarbeitet: ein schlichtes Zifferblatt, ein \u00fcberarbeitetes Geh\u00e4use, ein austauschbares Armband. Meine Luminova-Zeiger leuchten im Dunkeln und das Geh\u00e4use mit Saphirglas sorgt daf\u00fcr, dass nichts meinen Glanz tr\u00fcben kann.<\/p>\n","protected":false},"excerpt":{"rendered":"<p>Ich bin die H4 Uhr. Ich bin die nat\u00fcrliche Weiterentwicklung der Marke H992, Ihre Lieblingsuhr in neuem Gewand. Ihr Design wurde bis ins kleinste Detail \u00fcberarbeitet: ein schlichtes Zifferblatt, ein \u00fcberarbeitetes Geh\u00e4use, ein austauschbares Armband. Meine Luminova-Zeiger leuchten im Dunkeln und das Geh\u00e4use mit Saphirglas sorgt daf\u00fcr, dass nichts meinen Glanz tr\u00fcben kann.<\/p>\n","protected":false},"featured_media":217282,"template":"","meta":{"_acf_changed":false,"_seopress_robots_primary_cat":"27177","_seopress_titles_title":"%%post_title%% %%sep%% %%sitetitle%%.ch","_seopress_titles_desc":"Lernen Sie die H4 Uhr kennen, mit einem raffinierten Design, austauschbarem Armband und Luminova-Zeigern. Exzellenz in der Uhrmacherei neu erfunden.","_seopress_robots_index":""},"brand":[27115],"product_brand":[],"product_cat":[27123,27177,41998],"product_tag":[],"class_list":{"0":"post-217280","1":"product","2":"type-product","3":"status-publish","4":"has-post-thumbnail","6":"brand-h992-de","7":"product_cat-uhren","8":"product_cat-h992-de","9":"product_cat-collection-h4-de","10":"pa_couleurduboitier-schwarz-de","11":"pa_couleurdubracelet-schwarz-de","12":"pa_couleurducadran-grun","13":"pa_etancheite-100m-de","14":"pa_forme-runden","15":"pa_garantie-24monate","16":"pa_genre-mann","17":"pa_matiere-schwarzespvd","18":"pa_matierebraceletmontre-edelstahl","19":"pa_mouvement-automatik-de","20":"pa_swissmade-ja-de","21":"pa_typedemontre-chronometer","22":"sales-flash-overlay","23":"woocommerce-text-align-center","24":"woocommerce-image-align-center","25":"do-quantity-buttons","27":"first","28":"instock","29":"taxable","30":"shipping-taxable","31":"purchasable","32":"product-type-simple"},"acf":[],"_links":{"self":[{"href":"https:\/\/dev.lediamant.ch\/de\/wp-json\/wp\/v2\/product\/217280","targetHints":{"allow":["GET"]}}],"collection":[{"href":"https:\/\/dev.lediamant.ch\/de\/wp-json\/wp\/v2\/product"}],"about":[{"href":"https:\/\/dev.lediamant.ch\/de\/wp-json\/wp\/v2\/types\/product"}],"wp:featuredmedia":[{"embeddable":true,"href":"https:\/\/dev.lediamant.ch\/de\/wp-json\/wp\/v2\/media\/217282"}],"wp:attachment":[{"href":"https:\/\/dev.lediamant.ch\/de\/wp-json\/wp\/v2\/media?parent=217280"}],"wp:term":[{"taxonomy":"brand","embeddable":true,"href":"https:\/\/dev.lediamant.ch\/de\/wp-json\/wp\/v2\/brand?post=217280"},{"taxonomy":"product_brand","embeddable":true,"href":"https:\/\/dev.lediamant.ch\/de\/wp-json\/wp\/v2\/product_brand?post=217280"},{"taxonomy":"product_cat","embeddable":true,"href":"https:\/\/dev.lediamant.ch\/de\/wp-json\/wp\/v2\/product_cat?post=217280"},{"taxonomy":"product_tag","embeddable":true,"href":"https:\/\/dev.lediamant.ch\/de\/wp-json\/wp\/v2\/product_tag?post=217280"}],"curies":[{"name":"wp","href":"https:\/\/api.w.org\/{rel}","templated":true}]}}