{"id":217365,"date":"2025-04-04T18:00:21","date_gmt":"2025-04-04T16:00:21","guid":{"rendered":"https:\/\/dev.lediamant.ch\/?post_type=product&#038;p=217365"},"modified":"2025-04-04T18:08:15","modified_gmt":"2025-04-04T16:08:15","slug":"aerowatch-1942-automatic-regulateur-limited-edition-2","status":"publish","type":"product","link":"https:\/\/dev.lediamant.ch\/de\/uhren\/217365-aerowatch-1942-automatic-regulateur-limited-edition-a76983aa04m\/","title":{"rendered":"Aerowatch 1942 Automatic Regulator Limited Edition"},"content":{"rendered":"<p>Seit mehr als 100 Jahren verk\u00f6rpert AEROWATCH die Exzellenz in der Herstellung von Armband- und Taschenuhren. Als zukunftsorientiertes Familienunternehmen sch\u00f6pft es seine Inspiration aus einem reichen Erbe. Ihr Meisterst\u00fcck, ein Marinechronometer, zeugt von ihrem unvergleichlichen K\u00f6nnen. Mit dem Modell R\u00e9gulateur automatique 1942 Limited Edition setzt AEROWATCH diese Tradition fort. Das markante Regulator-Zifferblatt zeigt die Minuten in der Mitte an, w\u00e4hrend die Stunden und Sekunden dezentral angeordnet sind und so ein einzigartiges Design schaffen. Das schwarz-silberne Zifferblatt, das gew\u00f6lbte Saphirglas und das sanft geschwungene Edelstahlgeh\u00e4use unterstreichen die zeitlose Eleganz der Uhr. Die Uhr wird von einem Sellita Automatikwerk mit Datumsanzeige angetrieben und enth\u00fcllt ihren Mechanismus durch einen Glasboden. Ein raffiniertes Armband vervollst\u00e4ndigt den Look der Uhr. Die Uhr wird in einer auf 100 Exemplare limitierten Serie hergestellt und verk\u00f6rpert das uhrmacherische Erbe der Marke.<\/p>\n<p>&nbsp;<\/p>\n","protected":false},"excerpt":{"rendered":"<p>Seit mehr als 100 Jahren verk\u00f6rpert AEROWATCH die Exzellenz in der Herstellung von Armband- und Taschenuhren. Als zukunftsorientiertes Familienunternehmen sch\u00f6pft es seine Inspiration aus einem reichen Erbe. Ihr Meisterst\u00fcck, ein Marinechronometer, zeugt von ihrem unvergleichlichen K\u00f6nnen. Mit dem Modell R\u00e9gulateur automatique 1942 Limited Edition setzt AEROWATCH diese Tradition fort. Das markante Regulator-Zifferblatt zeigt die Minuten &#8230; <a title=\"Aerowatch 1942 Automatic Regulator Limited Edition\" class=\"read-more\" href=\"https:\/\/dev.lediamant.ch\/de\/uhren\/217365-aerowatch-1942-automatic-regulateur-limited-edition-a76983aa04m\/\" aria-label=\"Mehr Informationen \u00fcber Aerowatch 1942 Automatic Regulator Limited Edition\">Weiterlesen &#8230;<\/a><\/p>\n","protected":false},"featured_media":217367,"template":"","meta":{"_acf_changed":false,"_seopress_robots_primary_cat":"27167","_seopress_titles_title":"%%post_title%%","_seopress_titles_desc":"Tauchen Sie mit dem R\u00e9gulateur Automatique 1942 Limited Edition in die Schweizer Uhrmacherkunst ein Werden Sie mit dieser exklusiv limitierten Uhr Teil der Geschichte der Uhrmacherei.","_seopress_robots_index":""},"brand":[27081],"product_brand":[],"product_cat":[27123,27167,27241],"product_tag":[],"class_list":{"0":"post-217365","1":"product","2":"type-product","3":"status-publish","4":"has-post-thumbnail","6":"brand-aerowatch-de","7":"product_cat-uhren","8":"product_cat-aerowatch-de","9":"product_cat-1942-de","10":"pa_couleurduboitier-grau-de","11":"pa_couleurdubracelet-grau-de","12":"pa_couleurducadran-schwarz","13":"pa_etancheite-50m-de","14":"pa_forme-runden","15":"pa_garantie-24monate","16":"pa_genre-mann","17":"pa_limitededition-100-exemplare-weltweit","18":"pa_matiere-stahl","19":"pa_matierebraceletmontre-edelstahl","20":"pa_modele-de-mouvement-sellita-sw266-de","21":"pa_mouvement-automatik-de","22":"pa_option-boitier-transparenter-hintergrund","23":"pa_swissmade-ja-de","24":"sales-flash-overlay","25":"woocommerce-text-align-center","26":"woocommerce-image-align-center","27":"do-quantity-buttons","29":"first","30":"instock","31":"taxable","32":"shipping-taxable","33":"purchasable","34":"product-type-simple"},"acf":[],"_links":{"self":[{"href":"https:\/\/dev.lediamant.ch\/de\/wp-json\/wp\/v2\/product\/217365","targetHints":{"allow":["GET"]}}],"collection":[{"href":"https:\/\/dev.lediamant.ch\/de\/wp-json\/wp\/v2\/product"}],"about":[{"href":"https:\/\/dev.lediamant.ch\/de\/wp-json\/wp\/v2\/types\/product"}],"wp:featuredmedia":[{"embeddable":true,"href":"https:\/\/dev.lediamant.ch\/de\/wp-json\/wp\/v2\/media\/217367"}],"wp:attachment":[{"href":"https:\/\/dev.lediamant.ch\/de\/wp-json\/wp\/v2\/media?parent=217365"}],"wp:term":[{"taxonomy":"brand","embeddable":true,"href":"https:\/\/dev.lediamant.ch\/de\/wp-json\/wp\/v2\/brand?post=217365"},{"taxonomy":"product_brand","embeddable":true,"href":"https:\/\/dev.lediamant.ch\/de\/wp-json\/wp\/v2\/product_brand?post=217365"},{"taxonomy":"product_cat","embeddable":true,"href":"https:\/\/dev.lediamant.ch\/de\/wp-json\/wp\/v2\/product_cat?post=217365"},{"taxonomy":"product_tag","embeddable":true,"href":"https:\/\/dev.lediamant.ch\/de\/wp-json\/wp\/v2\/product_tag?post=217365"}],"curies":[{"name":"wp","href":"https:\/\/api.w.org\/{rel}","templated":true}]}}