{"id":217429,"date":"2025-04-25T14:56:11","date_gmt":"2025-04-25T12:56:11","guid":{"rendered":"https:\/\/dev.lediamant.ch\/?post_type=product&#038;p=217429"},"modified":"2025-04-25T15:00:44","modified_gmt":"2025-04-25T13:00:44","slug":"aerowatch-renaissance-lady-skeleton-pvd-or-rose-2","status":"publish","type":"product","link":"https:\/\/dev.lediamant.ch\/de\/uhren\/217429-aerowatch-renaissance-lady-skeleton-pvd-rosegold-a-57981-ro14\/","title":{"rendered":"Aerowatch Renaissance Lady Skeleton PVD Ros\u00e9gold"},"content":{"rendered":"<p>Nach dem Erfolg seiner Skelett-Kreationen f\u00fcr Herren bringt Aerowatch nun die Renaissance Skelett-Dame auf den Markt, eine Uhr, die ausschlie\u00dflich den Frauen gewidmet ist, die sich f\u00fcr sch\u00f6ne Mechanik begeistern. Diese Uhr ist das Ergebnis der einzigartigen Erfahrung, die Aerowatch seit 1910 gesammelt hat, und vereint moderne Linien mit einer zeitlosen \u00c4sthetik. Die Renaissance Skelett Dame ist stolz auf ihre Ma\u00dfe und besitzt ein 43 mm gro\u00dfes, ros\u00e9goldfarbenes PVD-beschichtetes Stahlgeh\u00e4use, das am Rand satiniert ist. Das skelettierte Uhrwerk wurde sanft graviert und ausgeh\u00f6hlt, wobei die Zuverl\u00e4ssigkeit und Steifigkeit der Komponenten erhalten blieb. Wie ein subtiles und raffiniertes Dekollet\u00e9 gibt der diskrete Ring den Blick auf das schlagende Herz des Uhrwerks frei. So kann der Besitzer nicht nur die Funktionsweise des Kalibers bewundern, sondern auch seine komplexe Architektur entdecken. Die blauen Stunden- und Minutenzeiger beleben das Ganze und verleihen dieser Uhr ein entschieden zeitgen\u00f6ssisches Aussehen. Die Renaissance Squelette Dame ist mit einem Lederarmband ausgestattet und besonders sorgf\u00e4ltig verarbeitet.<\/p>\n","protected":false},"excerpt":{"rendered":"<p>Nach dem Erfolg seiner Skelett-Kreationen f\u00fcr Herren bringt Aerowatch nun die Renaissance Skelett-Dame auf den Markt, eine Uhr, die ausschlie\u00dflich den Frauen gewidmet ist, die sich f\u00fcr sch\u00f6ne Mechanik begeistern. Diese Uhr ist das Ergebnis der einzigartigen Erfahrung, die Aerowatch seit 1910 gesammelt hat, und vereint moderne Linien mit einer zeitlosen \u00c4sthetik. Die Renaissance Skelett &#8230; <a title=\"Aerowatch Renaissance Lady Skeleton PVD Ros\u00e9gold\" class=\"read-more\" href=\"https:\/\/dev.lediamant.ch\/de\/uhren\/217429-aerowatch-renaissance-lady-skeleton-pvd-rosegold-a-57981-ro14\/\" aria-label=\"Mehr Informationen \u00fcber Aerowatch Renaissance Lady Skeleton PVD Ros\u00e9gold\">Weiterlesen &#8230;<\/a><\/p>\n","protected":false},"featured_media":217431,"template":"","meta":{"_acf_changed":false,"_seopress_robots_primary_cat":"27167","_seopress_titles_title":"%%post_title%%","_seopress_titles_desc":"Aerowatch enth\u00fcllt eine exklusive Damenuhr, die pr\u00e4zise Mechanik mit modernem Design verbindet. Eine Hommage an Eleganz und Innovation.","_seopress_robots_index":""},"brand":[27081],"product_brand":[],"product_cat":[27123,27167,27321],"product_tag":[],"class_list":{"0":"post-217429","1":"product","2":"type-product","3":"status-publish","4":"has-post-thumbnail","6":"brand-aerowatch-de","7":"product_cat-uhren","8":"product_cat-aerowatch-de","9":"product_cat-renaissance-de","10":"pa_couleurduboitier-pinkrosa-de","11":"pa_couleurdubracelet-rosa-de","12":"pa_couleurducadran-rosa-de","13":"pa_etancheite-50m-de","14":"pa_forme-runden","15":"pa_genre-frau","16":"pa_matiere-rosegoldpvd","17":"pa_matierebraceletmontre-leder","18":"pa_mouvement-mechanik","19":"pa_swissmade-ja-de","20":"pa_typedemontre-skelettuhren","21":"pa_typedemontre-uhrenmithandaufzug","22":"sales-flash-overlay","23":"woocommerce-text-align-center","24":"woocommerce-image-align-center","25":"do-quantity-buttons","27":"first","28":"instock","29":"taxable","30":"shipping-taxable","31":"purchasable","32":"product-type-simple"},"acf":[],"_links":{"self":[{"href":"https:\/\/dev.lediamant.ch\/de\/wp-json\/wp\/v2\/product\/217429","targetHints":{"allow":["GET"]}}],"collection":[{"href":"https:\/\/dev.lediamant.ch\/de\/wp-json\/wp\/v2\/product"}],"about":[{"href":"https:\/\/dev.lediamant.ch\/de\/wp-json\/wp\/v2\/types\/product"}],"wp:featuredmedia":[{"embeddable":true,"href":"https:\/\/dev.lediamant.ch\/de\/wp-json\/wp\/v2\/media\/217431"}],"wp:attachment":[{"href":"https:\/\/dev.lediamant.ch\/de\/wp-json\/wp\/v2\/media?parent=217429"}],"wp:term":[{"taxonomy":"brand","embeddable":true,"href":"https:\/\/dev.lediamant.ch\/de\/wp-json\/wp\/v2\/brand?post=217429"},{"taxonomy":"product_brand","embeddable":true,"href":"https:\/\/dev.lediamant.ch\/de\/wp-json\/wp\/v2\/product_brand?post=217429"},{"taxonomy":"product_cat","embeddable":true,"href":"https:\/\/dev.lediamant.ch\/de\/wp-json\/wp\/v2\/product_cat?post=217429"},{"taxonomy":"product_tag","embeddable":true,"href":"https:\/\/dev.lediamant.ch\/de\/wp-json\/wp\/v2\/product_tag?post=217429"}],"curies":[{"name":"wp","href":"https:\/\/api.w.org\/{rel}","templated":true}]}}