{"id":217843,"date":"2025-05-07T14:26:48","date_gmt":"2025-05-07T12:26:48","guid":{"rendered":"https:\/\/dev.lediamant.ch\/?post_type=product&#038;p=217843"},"modified":"2025-05-07T14:30:22","modified_gmt":"2025-05-07T12:30:22","slug":"maurice-lacroix-fiaba-square-34mm-copie-8","status":"publish","type":"product","link":"https:\/\/dev.lediamant.ch\/de\/uhren\/217843-maurice-lacroix-fiaba-square-fa1205-ss001-160-4\/","title":{"rendered":"Maurice Lacroix FIABA SQUARE 34mm"},"content":{"rendered":"<p>Entdecken Sie die Fiaba Square von Maurice Lacroix, ein au\u00dfergew\u00f6hnliches Produkt, das uhrmacherische Tradition mit zeitgen\u00f6ssischer \u00c4sthetik verbindet. Diese au\u00dfergew\u00f6hnliche Uhr, die von M\u00e4rchen inspiriert ist, ist ein Symbol f\u00fcr Raffinesse und Eleganz und wurde f\u00fcr die moderne und anspruchsvolle Frau entworfen. Mit ihrem eleganten Design und den pr\u00e4chtigen Details bieten diese Damenuhren erschwinglichen Luxus und sind das ideale Produkt f\u00fcr Kundinnen, die nach einer hochwertigen Uhr suchen, die sie zu jedem Anlass tragen k\u00f6nnen.<\/p>\n","protected":false},"excerpt":{"rendered":"<p>Entdecken Sie die Fiaba Square von Maurice Lacroix, ein au\u00dfergew\u00f6hnliches Produkt, das uhrmacherische Tradition mit zeitgen\u00f6ssischer \u00c4sthetik verbindet. Diese au\u00dfergew\u00f6hnliche Uhr, die von M\u00e4rchen inspiriert ist, ist ein Symbol f\u00fcr Raffinesse und Eleganz und wurde f\u00fcr die moderne und anspruchsvolle Frau entworfen. Mit ihrem eleganten Design und den pr\u00e4chtigen Details bieten diese Damenuhren erschwinglichen Luxus &#8230; <a title=\"Maurice Lacroix FIABA SQUARE 34mm\" class=\"read-more\" href=\"https:\/\/dev.lediamant.ch\/de\/uhren\/217843-maurice-lacroix-fiaba-square-fa1205-ss001-160-4\/\" aria-label=\"Mehr Informationen \u00fcber Maurice Lacroix FIABA SQUARE 34mm\">Weiterlesen &#8230;<\/a><\/p>\n","protected":false},"featured_media":217845,"template":"","meta":{"_acf_changed":false,"_seopress_robots_primary_cat":"27149","_seopress_titles_title":"","_seopress_titles_desc":"Entdecken Sie die Maurice Lacroix Fiaba Square \u2013 eine elegante Uhr f\u00fcr moderne Frauen, die Tradition und moderne \u00c4sthetik vereint.","_seopress_robots_index":""},"brand":[27103],"product_brand":[],"product_cat":[27123,27149,27309,27137],"product_tag":[],"class_list":{"0":"post-217843","1":"product","2":"type-product","3":"status-publish","4":"has-post-thumbnail","6":"brand-mauricelacroix-de","7":"product_cat-uhren","8":"product_cat-maurice-lacroix-de","9":"product_cat-fiaba-de","10":"product_cat-bracelet-ajustable-de","11":"pa_couleurduboitier-grau-de","12":"pa_couleurdubracelet-blau-de","13":"pa_couleurducadran-perlmutt","14":"pa_etancheite-50m-de","15":"pa_forme-rechteckig-de","16":"pa_garantie-24monate","17":"pa_genre-frau","18":"pa_matiere-stahl","19":"pa_matierebraceletmontre-leder","20":"pa_modele-de-mouvement-ronda-762-e-de","21":"pa_mouvement-quarzbatterie-de","22":"pa_swissmade-ja-de","23":"sales-flash-overlay","24":"woocommerce-text-align-center","25":"woocommerce-image-align-center","26":"do-quantity-buttons","28":"first","29":"instock","30":"taxable","31":"shipping-taxable","32":"purchasable","33":"product-type-simple"},"acf":[],"_links":{"self":[{"href":"https:\/\/dev.lediamant.ch\/de\/wp-json\/wp\/v2\/product\/217843","targetHints":{"allow":["GET"]}}],"collection":[{"href":"https:\/\/dev.lediamant.ch\/de\/wp-json\/wp\/v2\/product"}],"about":[{"href":"https:\/\/dev.lediamant.ch\/de\/wp-json\/wp\/v2\/types\/product"}],"wp:featuredmedia":[{"embeddable":true,"href":"https:\/\/dev.lediamant.ch\/de\/wp-json\/wp\/v2\/media\/217845"}],"wp:attachment":[{"href":"https:\/\/dev.lediamant.ch\/de\/wp-json\/wp\/v2\/media?parent=217843"}],"wp:term":[{"taxonomy":"brand","embeddable":true,"href":"https:\/\/dev.lediamant.ch\/de\/wp-json\/wp\/v2\/brand?post=217843"},{"taxonomy":"product_brand","embeddable":true,"href":"https:\/\/dev.lediamant.ch\/de\/wp-json\/wp\/v2\/product_brand?post=217843"},{"taxonomy":"product_cat","embeddable":true,"href":"https:\/\/dev.lediamant.ch\/de\/wp-json\/wp\/v2\/product_cat?post=217843"},{"taxonomy":"product_tag","embeddable":true,"href":"https:\/\/dev.lediamant.ch\/de\/wp-json\/wp\/v2\/product_tag?post=217843"}],"curies":[{"name":"wp","href":"https:\/\/api.w.org\/{rel}","templated":true}]}}