{"id":217902,"date":"2025-01-08T11:38:19","date_gmt":"2025-01-08T10:38:19","guid":{"rendered":"https:\/\/dev.lediamant.ch\/?post_type=product&#038;p=217902"},"modified":"2025-05-08T11:46:52","modified_gmt":"2025-05-08T09:46:52","slug":"hamilton-khaki-field-auto-date-38mm-3","status":"publish","type":"product","link":"https:\/\/dev.lediamant.ch\/de\/uhren\/217902-hamilton-khaki-field-auto-date-38mm-h70455140\/","title":{"rendered":"Hamilton Khaki Field Auto Date 38mm"},"content":{"rendered":"<p>Die Khaki Field Automatic 38mm ist von der urspr\u00fcnglichen Soldatenuhr inspiriert und verbindet milit\u00e4risches Erbe und zeitgen\u00f6ssisches Design in einem vielseitigen Modell, das f\u00fcr die Pioniere der modernen Zeit entworfen wurde. Die Kombination aus einem dunkelblauen, sonnenbeschienenen Zifferblatt und einem Schneckeneffekt auf dem Stundenkreis reflektiert das Licht und verleiht der Uhr gleichzeitig Struktur und Tiefe. Das exklusive Automatikkaliber H-10 wurde f\u00fcr Action und Abenteuer entwickelt und bietet eine Gangreserve von bis zu 80 Stunden - eine Uhr, die Sie nicht im Stich l\u00e4sst. Entdecken Sie unsere Khaki Field Kollektion.<\/p>\n","protected":false},"excerpt":{"rendered":"<p>Die Khaki Field Automatic 38mm ist von der urspr\u00fcnglichen Soldatenuhr inspiriert und verbindet milit\u00e4risches Erbe und zeitgen\u00f6ssisches Design in einem vielseitigen Modell, das f\u00fcr die Pioniere der modernen Zeit entworfen wurde. Die Kombination aus einem dunkelblauen, sonnenbeschienenen Zifferblatt und einem Schneckeneffekt auf dem Stundenkreis reflektiert das Licht und verleiht der Uhr gleichzeitig Struktur und Tiefe. &#8230; <a title=\"Hamilton Khaki Field Auto Date 38mm\" class=\"read-more\" href=\"https:\/\/dev.lediamant.ch\/de\/uhren\/217902-hamilton-khaki-field-auto-date-38mm-h70455140\/\" aria-label=\"Mehr Informationen \u00fcber Hamilton Khaki Field Auto Date 38mm\">Weiterlesen &#8230;<\/a><\/p>\n","protected":false},"featured_media":217904,"template":"","meta":{"_acf_changed":false,"_seopress_robots_primary_cat":"27181","_seopress_titles_title":"","_seopress_titles_desc":"Die Khaki Field Automatic ist von der milit\u00e4rischen Vergangenheit inspiriert und verbindet modernes Design mit Robustheit. Sie hat ein einzigartiges blaues Zifferblatt und eine Gangreserve von bis zu 80 Stunden.","_seopress_robots_index":""},"brand":[27085],"product_brand":[],"product_cat":[27123,27181,27291],"product_tag":[],"class_list":{"0":"post-217902","1":"product","2":"type-product","3":"status-publish","4":"has-post-thumbnail","6":"brand-hamilton-de","7":"product_cat-uhren","8":"product_cat-hamilton-de","9":"product_cat-khaki-field-de","10":"pa_couleurduboitier-grau-de","11":"pa_couleurdubracelet-grau-de","12":"pa_couleurducadran-blau","13":"pa_etancheite-100m-de","14":"pa_forme-runden","15":"pa_garantie-24monate","16":"pa_genre-mann","17":"pa_matiere-stahl","18":"pa_matierebraceletmontre-edelstahl","19":"pa_mouvement-automatik-de","20":"pa_swissmade-ja-de","21":"pa_verre-saphir-de","22":"sales-flash-overlay","23":"woocommerce-text-align-center","24":"woocommerce-image-align-center","25":"do-quantity-buttons","27":"first","28":"instock","29":"taxable","30":"shipping-taxable","31":"purchasable","32":"product-type-simple"},"acf":[],"_links":{"self":[{"href":"https:\/\/dev.lediamant.ch\/de\/wp-json\/wp\/v2\/product\/217902","targetHints":{"allow":["GET"]}}],"collection":[{"href":"https:\/\/dev.lediamant.ch\/de\/wp-json\/wp\/v2\/product"}],"about":[{"href":"https:\/\/dev.lediamant.ch\/de\/wp-json\/wp\/v2\/types\/product"}],"wp:featuredmedia":[{"embeddable":true,"href":"https:\/\/dev.lediamant.ch\/de\/wp-json\/wp\/v2\/media\/217904"}],"wp:attachment":[{"href":"https:\/\/dev.lediamant.ch\/de\/wp-json\/wp\/v2\/media?parent=217902"}],"wp:term":[{"taxonomy":"brand","embeddable":true,"href":"https:\/\/dev.lediamant.ch\/de\/wp-json\/wp\/v2\/brand?post=217902"},{"taxonomy":"product_brand","embeddable":true,"href":"https:\/\/dev.lediamant.ch\/de\/wp-json\/wp\/v2\/product_brand?post=217902"},{"taxonomy":"product_cat","embeddable":true,"href":"https:\/\/dev.lediamant.ch\/de\/wp-json\/wp\/v2\/product_cat?post=217902"},{"taxonomy":"product_tag","embeddable":true,"href":"https:\/\/dev.lediamant.ch\/de\/wp-json\/wp\/v2\/product_tag?post=217902"}],"curies":[{"name":"wp","href":"https:\/\/api.w.org\/{rel}","templated":true}]}}