{"id":219269,"date":"2025-08-13T13:52:33","date_gmt":"2025-08-13T11:52:33","guid":{"rendered":"https:\/\/dev.lediamant.ch\/?post_type=product&#038;p=219269"},"modified":"2025-08-13T14:12:34","modified_gmt":"2025-08-13T12:12:34","slug":"maurice-lacroix-1975-automatic-vagues-du-jura-gmt","status":"publish","type":"product","link":"https:\/\/dev.lediamant.ch\/de\/uhren\/219269-maurice-lacroix-1975-automatic-vagues-du-jura-gmt-756048-ss001-130-2\/","title":{"rendered":"Maurice Lacroix 1975 Automatic Vagues du Jura GMT"},"content":{"rendered":"<p data-start=\"85\" data-end=\"324\">Zum 50. Geburtstag pr\u00e4sentiert Maurice Lacroix die 1975 GMT Silver Mist, die auf 200 Exemplare limitiert ist. Inspiriert von den H\u00fcgeln des Jura am fr\u00fchen Morgen, hat sie ein strukturiertes &#8222;Vagues du Jura&#8220;-Zifferblatt unter einem gew\u00f6lbten Saphirglas im Vintage-Stil. Die goldenen Dauphin-Indizes und -Zeiger werden von einem GMT-Zeiger mit roter Spitze f\u00fcr eine zweite Zeitzone begleitet. Das Schweizer Automatikkaliber ML165 verf\u00fcgt \u00fcber eine Gangreserve von 56 Stunden. Das 40 mm gro\u00dfe Stahlgeh\u00e4use ist mit der Gravur &#8222;Limited Edition of 200 pieces&#8220; versehen und auf der R\u00fcckseite sind Freiberger Pferde abgebildet. Mit einem schwarzen Alligatorlederarmband mit Faltschlie\u00dfe und Easy Strap Exchange System vereint dieser Zeitmesser Eleganz, Funktionalit\u00e4t und uhrmacherische Leidenschaft.<\/p>\n<p>&nbsp;<\/p>\n<p>&nbsp;<\/p>\n","protected":false},"excerpt":{"rendered":"<p>Zum 50. Geburtstag pr\u00e4sentiert Maurice Lacroix die 1975 GMT Silver Mist, die auf 200 Exemplare limitiert ist. Inspiriert von den H\u00fcgeln des Jura am fr\u00fchen Morgen, hat sie ein strukturiertes &#8222;Vagues du Jura&#8220;-Zifferblatt unter einem gew\u00f6lbten Saphirglas im Vintage-Stil. Die goldenen Dauphin-Indizes und -Zeiger werden von einem GMT-Zeiger mit roter Spitze f\u00fcr eine zweite Zeitzone &#8230; <a title=\"Maurice Lacroix 1975 Automatic Vagues du Jura GMT\" class=\"read-more\" href=\"https:\/\/dev.lediamant.ch\/de\/uhren\/219269-maurice-lacroix-1975-automatic-vagues-du-jura-gmt-756048-ss001-130-2\/\" aria-label=\"Mehr Informationen \u00fcber Maurice Lacroix 1975 Automatic Vagues du Jura GMT\">Weiterlesen &#8230;<\/a><\/p>\n","protected":false},"featured_media":219271,"template":"","meta":{"_acf_changed":false,"_seopress_robots_primary_cat":"27149","_seopress_titles_title":"%%post_title%%","_seopress_titles_desc":"Zum 50. Geburtstag limitierte Auflage: Maurice Lacroix 1975 GMT Silver Mist, inspiriert von den Jura-H\u00fcgeln, mit Saphirglas & Schweizer Automatikkaliber.","_seopress_robots_index":""},"brand":[27103],"product_brand":[],"product_cat":[27123,27149,42009],"product_tag":[],"class_list":{"0":"post-219269","1":"product","2":"type-product","3":"status-publish","4":"has-post-thumbnail","6":"brand-mauricelacroix-de","7":"product_cat-uhren","8":"product_cat-maurice-lacroix-de","9":"product_cat-1975-de","10":"sales-flash-overlay","11":"woocommerce-text-align-center","12":"woocommerce-image-align-center","13":"do-quantity-buttons","15":"first","16":"instock","17":"taxable","18":"shipping-taxable","19":"purchasable","20":"product-type-simple"},"acf":[],"_links":{"self":[{"href":"https:\/\/dev.lediamant.ch\/de\/wp-json\/wp\/v2\/product\/219269","targetHints":{"allow":["GET"]}}],"collection":[{"href":"https:\/\/dev.lediamant.ch\/de\/wp-json\/wp\/v2\/product"}],"about":[{"href":"https:\/\/dev.lediamant.ch\/de\/wp-json\/wp\/v2\/types\/product"}],"wp:featuredmedia":[{"embeddable":true,"href":"https:\/\/dev.lediamant.ch\/de\/wp-json\/wp\/v2\/media\/219271"}],"wp:attachment":[{"href":"https:\/\/dev.lediamant.ch\/de\/wp-json\/wp\/v2\/media?parent=219269"}],"wp:term":[{"taxonomy":"brand","embeddable":true,"href":"https:\/\/dev.lediamant.ch\/de\/wp-json\/wp\/v2\/brand?post=219269"},{"taxonomy":"product_brand","embeddable":true,"href":"https:\/\/dev.lediamant.ch\/de\/wp-json\/wp\/v2\/product_brand?post=219269"},{"taxonomy":"product_cat","embeddable":true,"href":"https:\/\/dev.lediamant.ch\/de\/wp-json\/wp\/v2\/product_cat?post=219269"},{"taxonomy":"product_tag","embeddable":true,"href":"https:\/\/dev.lediamant.ch\/de\/wp-json\/wp\/v2\/product_tag?post=219269"}],"curies":[{"name":"wp","href":"https:\/\/api.w.org\/{rel}","templated":true}]}}