{"id":219436,"date":"2025-08-15T18:16:11","date_gmt":"2025-08-15T16:16:11","guid":{"rendered":"https:\/\/dev.lediamant.ch\/?post_type=product&#038;p=219436"},"modified":"2025-08-20T13:57:51","modified_gmt":"2025-08-20T11:57:51","slug":"aerowatch-1942-lady-automatic-skeleton-leder-pink-copie","status":"publish","type":"product","link":"https:\/\/dev.lediamant.ch\/de\/uhren\/219436-aerowatch-1942-lady-automatic-skeleton-rosa-a-60960-aa20\/","title":{"rendered":"Aerowatch 1942 Lady Automatic Skeleton Rosa"},"content":{"rendered":"<p class=\"h5 text-uppercase\">Das rosafarbene Stahlgeh\u00e4use der Aerowatch 1942 Lady Automatic Skeleton und die ausgewogenen Proportionen kommen an jedem Handgelenk zur Geltung. Die blauen Blattzeiger, die das ausgewogene Design vervollst\u00e4ndigen, sind ein Zeichen f\u00fcr zeitlose Eleganz. Das sorgf\u00e4ltig skelettierte Uhrwerk, das durch die \u00d6ffnungen einen Blick auf das Innere der Uhr zul\u00e4sst, ist eine Augenweide. Die Aerowatch 1942 Lady Skeleton wird von einem Sellita SW200 Automatikwerk angetrieben, das eine Gangreserve von 38 Stunden gew\u00e4hrleistet.<\/p>\n","protected":false},"excerpt":{"rendered":"<p>Das rosafarbene Stahlgeh\u00e4use der Aerowatch 1942 Lady Automatic Skeleton und die ausgewogenen Proportionen kommen an jedem Handgelenk zur Geltung. Die blauen Blattzeiger, die das ausgewogene Design vervollst\u00e4ndigen, sind ein Zeichen f\u00fcr zeitlose Eleganz. Das sorgf\u00e4ltig skelettierte Uhrwerk, das durch die \u00d6ffnungen einen Blick auf das Innere der Uhr zul\u00e4sst, ist eine Augenweide. Die Aerowatch 1942 &#8230; <a title=\"Aerowatch 1942 Lady Automatic Skeleton Rosa\" class=\"read-more\" href=\"https:\/\/dev.lediamant.ch\/de\/uhren\/219436-aerowatch-1942-lady-automatic-skeleton-rosa-a-60960-aa20\/\" aria-label=\"Mehr Informationen \u00fcber Aerowatch 1942 Lady Automatic Skeleton Rosa\">Weiterlesen &#8230;<\/a><\/p>\n","protected":false},"featured_media":219438,"template":"","meta":{"_acf_changed":false,"_seopress_robots_primary_cat":"27167","_seopress_titles_title":"","_seopress_titles_desc":"Entdecken Sie die Aerowatch 1942 Lady Skeleton: zeitlose Eleganz, blaue Zeiger und ein sichtbares Uhrwerk f\u00fcr einen bemerkenswerten Stil.","_seopress_robots_index":""},"brand":[27081],"product_brand":[],"product_cat":[27123,27167,27241],"product_tag":[],"class_list":{"0":"post-219436","1":"product","2":"type-product","3":"status-publish","4":"has-post-thumbnail","6":"brand-aerowatch-de","7":"product_cat-uhren","8":"product_cat-aerowatch-de","9":"product_cat-1942-de","10":"sales-flash-overlay","11":"woocommerce-text-align-center","12":"woocommerce-image-align-center","13":"do-quantity-buttons","15":"first","16":"instock","17":"taxable","18":"shipping-taxable","19":"purchasable","20":"product-type-simple"},"acf":[],"_links":{"self":[{"href":"https:\/\/dev.lediamant.ch\/de\/wp-json\/wp\/v2\/product\/219436","targetHints":{"allow":["GET"]}}],"collection":[{"href":"https:\/\/dev.lediamant.ch\/de\/wp-json\/wp\/v2\/product"}],"about":[{"href":"https:\/\/dev.lediamant.ch\/de\/wp-json\/wp\/v2\/types\/product"}],"wp:featuredmedia":[{"embeddable":true,"href":"https:\/\/dev.lediamant.ch\/de\/wp-json\/wp\/v2\/media\/219438"}],"wp:attachment":[{"href":"https:\/\/dev.lediamant.ch\/de\/wp-json\/wp\/v2\/media?parent=219436"}],"wp:term":[{"taxonomy":"brand","embeddable":true,"href":"https:\/\/dev.lediamant.ch\/de\/wp-json\/wp\/v2\/brand?post=219436"},{"taxonomy":"product_brand","embeddable":true,"href":"https:\/\/dev.lediamant.ch\/de\/wp-json\/wp\/v2\/product_brand?post=219436"},{"taxonomy":"product_cat","embeddable":true,"href":"https:\/\/dev.lediamant.ch\/de\/wp-json\/wp\/v2\/product_cat?post=219436"},{"taxonomy":"product_tag","embeddable":true,"href":"https:\/\/dev.lediamant.ch\/de\/wp-json\/wp\/v2\/product_tag?post=219436"}],"curies":[{"name":"wp","href":"https:\/\/api.w.org\/{rel}","templated":true}]}}