{"id":219627,"date":"2025-09-19T11:59:35","date_gmt":"2025-09-19T09:59:35","guid":{"rendered":"https:\/\/dev.lediamant.ch\/?post_type=product&#038;p=219627"},"modified":"2025-09-19T13:51:23","modified_gmt":"2025-09-19T11:51:23","slug":"tissot-srv-blau-30mm","status":"publish","type":"product","link":"https:\/\/dev.lediamant.ch\/de\/uhren\/219627-tissot-srv-blau-30mm-t1601101104300\/","title":{"rendered":"Tissot SRV Blau 30mm"},"content":{"rendered":"<p>Die SRV Uhr ist von der Epoche des Art Deco inspiriert, die sich in den 1920er Jahren entwickelte. Diese Epoche zeichnete sich durch geometrische Formen und abstrakte Muster aus, die zu einem dominierenden Stil in der Architektur, Inneneinrichtung, Mode und Grafik wurden. W\u00e4hrend die SRV direkt von einem Modell aus dem Jahr 1975 inspiriert ist, war dieses Design selbst eine Neuinterpretation von Tissots fr\u00fcheren Entw\u00fcrfen aus den 1920er Jahren. SRV ist nicht nur ein Name, sondern steht auch f\u00fcr Saphir Rectangle V: ein facettiertes Saphirglas mit einer rechteckigen Silhouette, wobei das &#8222;V&#8220; auf die Wasserdichtigkeit bis 5 bar hinweist. Das Metallarmband ist bequem, robust, leicht zu reinigen und langlebig.<\/p>\n","protected":false},"excerpt":{"rendered":"<p>Die SRV Uhr ist von der Epoche des Art Deco inspiriert, die sich in den 1920er Jahren entwickelte. Diese Epoche zeichnete sich durch geometrische Formen und abstrakte Muster aus, die zu einem dominierenden Stil in der Architektur, Inneneinrichtung, Mode und Grafik wurden. W\u00e4hrend die SRV direkt von einem Modell aus dem Jahr 1975 inspiriert ist, &#8230; <a title=\"Tissot SRV Blau 30mm\" class=\"read-more\" href=\"https:\/\/dev.lediamant.ch\/de\/uhren\/219627-tissot-srv-blau-30mm-t1601101104300\/\" aria-label=\"Mehr Informationen \u00fcber Tissot SRV Blau 30mm\">Weiterlesen &#8230;<\/a><\/p>\n","protected":false},"featured_media":219631,"template":"","meta":{"_acf_changed":false,"_seopress_robots_primary_cat":"27159","_seopress_titles_title":"","_seopress_titles_desc":"Entdecken Sie die SRV Uhr, die perfekte Fusion zwischen dem Art Deco Stil der 1920er Jahre und der Moderne. Ein zeitloses Design mit einem langlebigen Metallarmband.","_seopress_robots_index":""},"brand":[27087],"product_brand":[],"product_cat":[27123,27159,27297,42118],"product_tag":[],"class_list":{"0":"post-219627","1":"product","2":"type-product","3":"status-publish","4":"has-post-thumbnail","6":"brand-tissot-de","7":"product_cat-uhren","8":"product_cat-tissot-de","9":"product_cat-exklusiv-fur-damen","10":"product_cat-tissot-srv-de","11":"pa_couleurduboitier-grau-de","12":"pa_couleurdubracelet-grau-de","13":"pa_couleurducadran-blau","14":"pa_dimensions-30-x-21-8-mm-de","15":"pa_etancheite-50m-de","16":"pa_forme-rechteckig-de","17":"pa_garantie-24monate","18":"pa_genre-frau","19":"pa_matiere-stahl","20":"pa_matierebraceletmontre-edelstahl","21":"pa_mouvement-quarzbatterie-de","22":"pa_swissmade-ja-de","23":"pa_verre-saphir-de","24":"sales-flash-overlay","25":"woocommerce-text-align-center","26":"woocommerce-image-align-center","27":"do-quantity-buttons","29":"first","30":"instock","31":"taxable","32":"shipping-taxable","33":"purchasable","34":"product-type-simple"},"acf":[],"_links":{"self":[{"href":"https:\/\/dev.lediamant.ch\/de\/wp-json\/wp\/v2\/product\/219627","targetHints":{"allow":["GET"]}}],"collection":[{"href":"https:\/\/dev.lediamant.ch\/de\/wp-json\/wp\/v2\/product"}],"about":[{"href":"https:\/\/dev.lediamant.ch\/de\/wp-json\/wp\/v2\/types\/product"}],"wp:featuredmedia":[{"embeddable":true,"href":"https:\/\/dev.lediamant.ch\/de\/wp-json\/wp\/v2\/media\/219631"}],"wp:attachment":[{"href":"https:\/\/dev.lediamant.ch\/de\/wp-json\/wp\/v2\/media?parent=219627"}],"wp:term":[{"taxonomy":"brand","embeddable":true,"href":"https:\/\/dev.lediamant.ch\/de\/wp-json\/wp\/v2\/brand?post=219627"},{"taxonomy":"product_brand","embeddable":true,"href":"https:\/\/dev.lediamant.ch\/de\/wp-json\/wp\/v2\/product_brand?post=219627"},{"taxonomy":"product_cat","embeddable":true,"href":"https:\/\/dev.lediamant.ch\/de\/wp-json\/wp\/v2\/product_cat?post=219627"},{"taxonomy":"product_tag","embeddable":true,"href":"https:\/\/dev.lediamant.ch\/de\/wp-json\/wp\/v2\/product_tag?post=219627"}],"curies":[{"name":"wp","href":"https:\/\/api.w.org\/{rel}","templated":true}]}}