{"id":219721,"date":"2025-09-25T08:50:41","date_gmt":"2025-09-25T06:50:41","guid":{"rendered":"https:\/\/dev.lediamant.ch\/produit\/unkategorisiert\/balmain-madrigal-40-mm\/"},"modified":"2025-09-25T10:01:28","modified_gmt":"2025-09-25T08:01:28","slug":"balmain-madrigal-40-mm","status":"publish","type":"product","link":"https:\/\/dev.lediamant.ch\/de\/uhren\/219721-balmain-madrigal-40-mm-b14613392\/","title":{"rendered":"Balmain Madrigal 40mm"},"content":{"rendered":"<p>Die Balmain Madrigal ist eine k\u00fcnstlerische Herrenuhr, die leuchtende Eleganz mit einem modernen, von der Pariser Haute Couture inspirierten Design verbindet. mit einem modernen, von der Pariser Haute Couture inspirierten Design verbindet. Das tiefblaue Zifferblatt mit modernen r\u00f6mischen Ziffern verleiht der Uhr einen ausdrucksstarken Touch. Das 40 mm Edelstahlgeh\u00e4use mit einem anmutigen 7,43 mm Profil und einem passenden Armband bietet t\u00e4gliche Raffinesse. t\u00e4gliche Raffinesse. Dieser Swiss Made Zeitmesser ist mit einem Saphirglas ausgestattet.<\/p>\n","protected":false},"excerpt":{"rendered":"<p>Die Balmain Madrigal ist eine k\u00fcnstlerische Herrenuhr, die leuchtende Eleganz mit einem modernen, von der Pariser Haute Couture inspirierten Design verbindet. mit einem modernen, von der Pariser Haute Couture inspirierten Design verbindet. Das tiefblaue Zifferblatt mit modernen r\u00f6mischen Ziffern verleiht der Uhr einen ausdrucksstarken Touch. Das 40 mm Edelstahlgeh\u00e4use mit einem anmutigen 7,43 mm Profil &#8230; <a title=\"Balmain Madrigal 40mm\" class=\"read-more\" href=\"https:\/\/dev.lediamant.ch\/de\/uhren\/219721-balmain-madrigal-40-mm-b14613392\/\" aria-label=\"Mehr Informationen \u00fcber Balmain Madrigal 40mm\">Weiterlesen &#8230;<\/a><\/p>\n","protected":false},"featured_media":219678,"template":"","meta":{"_acf_changed":false,"_seopress_robots_primary_cat":"27173","_seopress_titles_title":"","_seopress_titles_desc":"Entdecken Sie die Balmain Madrigal Uhr, ein Meisterwerk der Eleganz, inspiriert von der Pariser Haute Couture, mit einem tiefblauen Zifferblatt und robustem Edelstahlgeh\u00e4use.","_seopress_robots_index":""},"brand":[27083],"product_brand":[],"product_cat":[27123,27173,27465],"product_tag":[],"class_list":{"0":"post-219721","1":"product","2":"type-product","3":"status-publish","4":"has-post-thumbnail","6":"brand-balmain-de","7":"product_cat-uhren","8":"product_cat-balmain-de","9":"product_cat-madrigal-de","10":"pa_couleurducadran-blau","11":"pa_etancheite-50m-de","12":"pa_forme-runden","13":"pa_genre-mann","14":"pa_matiere-stahl","15":"pa_matierebraceletmontre-edelstahl","16":"pa_mouvement-quarzbatterie-de","17":"pa_swissmade-ja-de","18":"pa_verre-saphir-de","19":"sales-flash-overlay","20":"woocommerce-text-align-center","21":"woocommerce-image-align-center","22":"do-quantity-buttons","24":"first","25":"instock","26":"taxable","27":"shipping-taxable","28":"purchasable","29":"product-type-simple"},"acf":[],"_links":{"self":[{"href":"https:\/\/dev.lediamant.ch\/de\/wp-json\/wp\/v2\/product\/219721","targetHints":{"allow":["GET"]}}],"collection":[{"href":"https:\/\/dev.lediamant.ch\/de\/wp-json\/wp\/v2\/product"}],"about":[{"href":"https:\/\/dev.lediamant.ch\/de\/wp-json\/wp\/v2\/types\/product"}],"wp:featuredmedia":[{"embeddable":true,"href":"https:\/\/dev.lediamant.ch\/de\/wp-json\/wp\/v2\/media\/219678"}],"wp:attachment":[{"href":"https:\/\/dev.lediamant.ch\/de\/wp-json\/wp\/v2\/media?parent=219721"}],"wp:term":[{"taxonomy":"brand","embeddable":true,"href":"https:\/\/dev.lediamant.ch\/de\/wp-json\/wp\/v2\/brand?post=219721"},{"taxonomy":"product_brand","embeddable":true,"href":"https:\/\/dev.lediamant.ch\/de\/wp-json\/wp\/v2\/product_brand?post=219721"},{"taxonomy":"product_cat","embeddable":true,"href":"https:\/\/dev.lediamant.ch\/de\/wp-json\/wp\/v2\/product_cat?post=219721"},{"taxonomy":"product_tag","embeddable":true,"href":"https:\/\/dev.lediamant.ch\/de\/wp-json\/wp\/v2\/product_tag?post=219721"}],"curies":[{"name":"wp","href":"https:\/\/api.w.org\/{rel}","templated":true}]}}