{"id":219789,"date":"2025-09-25T09:10:41","date_gmt":"2025-09-25T07:10:41","guid":{"rendered":"https:\/\/dev.lediamant.ch\/produit\/unkategorisiert\/balmain-madrigal-40-mm-2\/"},"modified":"2025-09-26T11:26:11","modified_gmt":"2025-09-26T09:26:11","slug":"balmain-madrigal-40-mm-2","status":"publish","type":"product","link":"https:\/\/dev.lediamant.ch\/de\/uhren\/219789-balmain-madrigal-40-mm-2-b14613372\/","title":{"rendered":"Balmain Madrigal 40mm"},"content":{"rendered":"<p>Die Balmain Madrigal ist eine elegante Herrenuhr, die k\u00fchne Raffinesse mit einem modernen, von der Pariser Haute Couture inspirierten Design verbindet. mit einem modernen, von der Pariser Haute Couture inspirierten Design verbindet. Das tiefgr\u00fcne Zifferblatt mit modernen r\u00f6mischen Ziffern verleiht der Uhr einen ausdrucksstarken Touch. Das 40 mm Edelstahlgeh\u00e4use aus 40 mm Edelstahl mit einem robusten 7,43 mm Profil und einem passenden Armband bietet Raffinesse f\u00fcr den Alltag. Dieser Swiss Made Zeitmesser ist mit einem Saphirglas ausgestattet.<\/p>\n","protected":false},"excerpt":{"rendered":"<p>Die Balmain Madrigal ist eine elegante Herrenuhr, die k\u00fchne Raffinesse mit einem modernen, von der Pariser Haute Couture inspirierten Design verbindet. mit einem modernen, von der Pariser Haute Couture inspirierten Design verbindet. Das tiefgr\u00fcne Zifferblatt mit modernen r\u00f6mischen Ziffern verleiht der Uhr einen ausdrucksstarken Touch. Das 40 mm Edelstahlgeh\u00e4use aus 40 mm Edelstahl mit einem &#8230; <a title=\"Balmain Madrigal 40mm\" class=\"read-more\" href=\"https:\/\/dev.lediamant.ch\/de\/uhren\/219789-balmain-madrigal-40-mm-2-b14613372\/\" aria-label=\"Mehr Informationen \u00fcber Balmain Madrigal 40mm\">Weiterlesen &#8230;<\/a><\/p>\n","protected":false},"featured_media":219690,"template":"","meta":{"_acf_changed":false,"_seopress_robots_primary_cat":"27173","_seopress_titles_title":"","_seopress_titles_desc":"Eine k\u00fchne, moderne Eleganz, die von der Haute Couture inspiriert wurde. Gr\u00fcnes Zifferblatt, r\u00f6mische Ziffern, robustes Geh\u00e4use. Perfekt f\u00fcr den Alltag.","_seopress_robots_index":""},"brand":[27083],"product_brand":[],"product_cat":[27123,27173,27465],"product_tag":[],"class_list":{"0":"post-219789","1":"product","2":"type-product","3":"status-publish","4":"has-post-thumbnail","6":"brand-balmain-de","7":"product_cat-uhren","8":"product_cat-balmain-de","9":"product_cat-madrigal-de","10":"pa_couleurducadran-grun","11":"pa_etancheite-50m-de","12":"pa_forme-runden","13":"pa_genre-mann","14":"pa_matiere-stahl","15":"pa_matierebraceletmontre-edelstahl","16":"pa_mouvement-quarzbatterie-de","17":"pa_swissmade-ja-de","18":"pa_verre-saphir-de","19":"sales-flash-overlay","20":"woocommerce-text-align-center","21":"woocommerce-image-align-center","22":"do-quantity-buttons","24":"first","25":"instock","26":"taxable","27":"shipping-taxable","28":"purchasable","29":"product-type-simple"},"acf":[],"_links":{"self":[{"href":"https:\/\/dev.lediamant.ch\/de\/wp-json\/wp\/v2\/product\/219789","targetHints":{"allow":["GET"]}}],"collection":[{"href":"https:\/\/dev.lediamant.ch\/de\/wp-json\/wp\/v2\/product"}],"about":[{"href":"https:\/\/dev.lediamant.ch\/de\/wp-json\/wp\/v2\/types\/product"}],"wp:featuredmedia":[{"embeddable":true,"href":"https:\/\/dev.lediamant.ch\/de\/wp-json\/wp\/v2\/media\/219690"}],"wp:attachment":[{"href":"https:\/\/dev.lediamant.ch\/de\/wp-json\/wp\/v2\/media?parent=219789"}],"wp:term":[{"taxonomy":"brand","embeddable":true,"href":"https:\/\/dev.lediamant.ch\/de\/wp-json\/wp\/v2\/brand?post=219789"},{"taxonomy":"product_brand","embeddable":true,"href":"https:\/\/dev.lediamant.ch\/de\/wp-json\/wp\/v2\/product_brand?post=219789"},{"taxonomy":"product_cat","embeddable":true,"href":"https:\/\/dev.lediamant.ch\/de\/wp-json\/wp\/v2\/product_cat?post=219789"},{"taxonomy":"product_tag","embeddable":true,"href":"https:\/\/dev.lediamant.ch\/de\/wp-json\/wp\/v2\/product_tag?post=219789"}],"curies":[{"name":"wp","href":"https:\/\/api.w.org\/{rel}","templated":true}]}}