{"id":219878,"date":"2025-09-25T10:40:41","date_gmt":"2025-09-25T08:40:41","guid":{"rendered":"https:\/\/dev.lediamant.ch\/produit\/unkategorisiert\/balmain-madrigal-42-mm-11\/"},"modified":"2025-09-26T14:40:43","modified_gmt":"2025-09-26T12:40:43","slug":"balmain-madrigal-42-mm-11","status":"publish","type":"product","link":"https:\/\/dev.lediamant.ch\/de\/uhren\/219878-balmain-chrono-madrigal-42-mm-b74812596\/","title":{"rendered":"Balmain Chrono Madrigal 42mm"},"content":{"rendered":"<p>Die Balmain Madrigal ist eine raffinierte Herrenuhr, die Raffinesse mit modernem, von der Pariser Haute Couture inspiriertem Design verbindet. modernem, von der Pariser Haute Couture inspiriertem Design verbindet. Das eisblaue Zifferblatt mit drei Z\u00e4hlern und modernen r\u00f6mischen Ziffern verleiht einen Hauch von Selbstbewusstsein. und modernen r\u00f6mischen Ziffern verleiht einen Hauch von Selbstbewusstsein, w\u00e4hrend das 42 mm Edelstahlgeh\u00e4use mit einem robusten 10,36 mm Profil und einem eisblauen Nato-Armband f\u00fcr allt\u00e4gliche Eleganz steht. steht f\u00fcr allt\u00e4gliche Eleganz. Dieser Swiss Made Zeitmesser ist mit einem Saphirglas ausgestattet.<\/p>\n","protected":false},"excerpt":{"rendered":"<p>Die Balmain Madrigal ist eine raffinierte Herrenuhr, die Raffinesse mit modernem, von der Pariser Haute Couture inspiriertem Design verbindet. modernem, von der Pariser Haute Couture inspiriertem Design verbindet. Das eisblaue Zifferblatt mit drei Z\u00e4hlern und modernen r\u00f6mischen Ziffern verleiht einen Hauch von Selbstbewusstsein. und modernen r\u00f6mischen Ziffern verleiht einen Hauch von Selbstbewusstsein, w\u00e4hrend das 42 &#8230; <a title=\"Balmain Chrono Madrigal 42mm\" class=\"read-more\" href=\"https:\/\/dev.lediamant.ch\/de\/uhren\/219878-balmain-chrono-madrigal-42-mm-b74812596\/\" aria-label=\"Mehr Informationen \u00fcber Balmain Chrono Madrigal 42mm\">Weiterlesen &#8230;<\/a><\/p>\n","protected":false},"featured_media":219759,"template":"","meta":{"_acf_changed":false,"_seopress_robots_primary_cat":"27173","_seopress_titles_title":"","_seopress_titles_desc":"Entdecken Sie die Eleganz der Balmain Madrigal Uhr, eine perfekte Fusion von modernem Design und Pariser Haute Couture. Ein Swiss Made Must-have.","_seopress_robots_index":""},"brand":[27083],"product_brand":[],"product_cat":[27123,27173,27465],"product_tag":[],"class_list":{"0":"post-219878","1":"product","2":"type-product","3":"status-publish","4":"has-post-thumbnail","6":"brand-balmain-de","7":"product_cat-uhren","8":"product_cat-balmain-de","9":"product_cat-madrigal-de","10":"pa_couleurducadran-blau","11":"pa_etancheite-50m-de","12":"pa_forme-runden","13":"pa_genre-mann","14":"pa_matiere-stahl","15":"pa_matierebraceletmontre-nato-de","16":"pa_mouvement-quarzbatterie-de","17":"pa_swissmade-ja-de","18":"pa_typedemontre-chronograph-de","19":"pa_verre-saphir-de","20":"sales-flash-overlay","21":"woocommerce-text-align-center","22":"woocommerce-image-align-center","23":"do-quantity-buttons","25":"first","26":"instock","27":"taxable","28":"shipping-taxable","29":"purchasable","30":"product-type-simple"},"acf":[],"_links":{"self":[{"href":"https:\/\/dev.lediamant.ch\/de\/wp-json\/wp\/v2\/product\/219878","targetHints":{"allow":["GET"]}}],"collection":[{"href":"https:\/\/dev.lediamant.ch\/de\/wp-json\/wp\/v2\/product"}],"about":[{"href":"https:\/\/dev.lediamant.ch\/de\/wp-json\/wp\/v2\/types\/product"}],"wp:featuredmedia":[{"embeddable":true,"href":"https:\/\/dev.lediamant.ch\/de\/wp-json\/wp\/v2\/media\/219759"}],"wp:attachment":[{"href":"https:\/\/dev.lediamant.ch\/de\/wp-json\/wp\/v2\/media?parent=219878"}],"wp:term":[{"taxonomy":"brand","embeddable":true,"href":"https:\/\/dev.lediamant.ch\/de\/wp-json\/wp\/v2\/brand?post=219878"},{"taxonomy":"product_brand","embeddable":true,"href":"https:\/\/dev.lediamant.ch\/de\/wp-json\/wp\/v2\/product_brand?post=219878"},{"taxonomy":"product_cat","embeddable":true,"href":"https:\/\/dev.lediamant.ch\/de\/wp-json\/wp\/v2\/product_cat?post=219878"},{"taxonomy":"product_tag","embeddable":true,"href":"https:\/\/dev.lediamant.ch\/de\/wp-json\/wp\/v2\/product_tag?post=219878"}],"curies":[{"name":"wp","href":"https:\/\/api.w.org\/{rel}","templated":true}]}}