{"id":219880,"date":"2025-09-25T10:45:41","date_gmt":"2025-09-25T08:45:41","guid":{"rendered":"https:\/\/dev.lediamant.ch\/produit\/unkategorisiert\/balmain-classic-r-41-mm-3\/"},"modified":"2025-09-26T14:44:16","modified_gmt":"2025-09-26T12:44:16","slug":"balmain-classic-r-41-mm-3","status":"publish","type":"product","link":"https:\/\/dev.lediamant.ch\/de\/uhren\/219880-balmain-classic-r-41-mm-b41013192\/","title":{"rendered":"Balmain Classic R 41mm"},"content":{"rendered":"<p>Die Balmain Classic R ist eine anspruchsvolle Herrenuhr, die strahlende Eleganz mit einem modernen, von der Pariser Haute Couture inspirierten Design verbindet. mit einem modernen, von der Pariser Haute Couture inspirierten Design verbindet. Das blaue Zifferblatt und die r\u00f6mischen Ziffern und die r\u00f6mischen Ziffern sorgen f\u00fcr einen klassischen Touch, w\u00e4hrend das 41 mm Edelstahlgeh\u00e4use mit einem raffinierten 7,17 mm Profil und einem passenden Armband einen zeitlosen Stil bietet. mit einem raffinierten 7,17 mm Profil und einem passenden Armband einen zeitlosen Stil bietet. Dieser Swiss Made Zeitmesser hat ein Edelstahlgeh\u00e4use mit einem Durchmesser von 41 mm. Dieser Swiss Made Zeitmesser ist mit einem Saphirglas versehen.<\/p>\n","protected":false},"excerpt":{"rendered":"<p>Die Balmain Classic R ist eine anspruchsvolle Herrenuhr, die strahlende Eleganz mit einem modernen, von der Pariser Haute Couture inspirierten Design verbindet. mit einem modernen, von der Pariser Haute Couture inspirierten Design verbindet. Das blaue Zifferblatt und die r\u00f6mischen Ziffern und die r\u00f6mischen Ziffern sorgen f\u00fcr einen klassischen Touch, w\u00e4hrend das 41 mm Edelstahlgeh\u00e4use mit &#8230; <a title=\"Balmain Classic R 41mm\" class=\"read-more\" href=\"https:\/\/dev.lediamant.ch\/de\/uhren\/219880-balmain-classic-r-41-mm-b41013192\/\" aria-label=\"Mehr Informationen \u00fcber Balmain Classic R 41mm\">Weiterlesen &#8230;<\/a><\/p>\n","protected":false},"featured_media":219762,"template":"","meta":{"_acf_changed":false,"_seopress_robots_primary_cat":"27173","_seopress_titles_title":"","_seopress_titles_desc":"Entdecken Sie die Eleganz der Balmain Classic R Uhr, eine perfekte Mischung aus Pariser Haute Couture und moderner Raffinesse.","_seopress_robots_index":""},"brand":[27083],"product_brand":[],"product_cat":[27123,27173,27433],"product_tag":[],"class_list":{"0":"post-219880","1":"product","2":"type-product","3":"status-publish","4":"has-post-thumbnail","6":"brand-balmain-de","7":"product_cat-uhren","8":"product_cat-balmain-de","9":"product_cat-classic-r-de","10":"pa_couleurducadran-blau","11":"pa_etancheite-50m-de","12":"pa_forme-runden","13":"pa_genre-mann","14":"pa_matiere-stahl","15":"pa_matierebraceletmontre-edelstahl","16":"pa_mouvement-quarzbatterie-de","17":"pa_swissmade-ja-de","18":"pa_verre-saphir-de","19":"sales-flash-overlay","20":"woocommerce-text-align-center","21":"woocommerce-image-align-center","22":"do-quantity-buttons","24":"first","25":"instock","26":"taxable","27":"shipping-taxable","28":"purchasable","29":"product-type-simple"},"acf":[],"_links":{"self":[{"href":"https:\/\/dev.lediamant.ch\/de\/wp-json\/wp\/v2\/product\/219880","targetHints":{"allow":["GET"]}}],"collection":[{"href":"https:\/\/dev.lediamant.ch\/de\/wp-json\/wp\/v2\/product"}],"about":[{"href":"https:\/\/dev.lediamant.ch\/de\/wp-json\/wp\/v2\/types\/product"}],"wp:featuredmedia":[{"embeddable":true,"href":"https:\/\/dev.lediamant.ch\/de\/wp-json\/wp\/v2\/media\/219762"}],"wp:attachment":[{"href":"https:\/\/dev.lediamant.ch\/de\/wp-json\/wp\/v2\/media?parent=219880"}],"wp:term":[{"taxonomy":"brand","embeddable":true,"href":"https:\/\/dev.lediamant.ch\/de\/wp-json\/wp\/v2\/brand?post=219880"},{"taxonomy":"product_brand","embeddable":true,"href":"https:\/\/dev.lediamant.ch\/de\/wp-json\/wp\/v2\/product_brand?post=219880"},{"taxonomy":"product_cat","embeddable":true,"href":"https:\/\/dev.lediamant.ch\/de\/wp-json\/wp\/v2\/product_cat?post=219880"},{"taxonomy":"product_tag","embeddable":true,"href":"https:\/\/dev.lediamant.ch\/de\/wp-json\/wp\/v2\/product_tag?post=219880"}],"curies":[{"name":"wp","href":"https:\/\/api.w.org\/{rel}","templated":true}]}}