{"id":219894,"date":"2025-09-25T11:15:41","date_gmt":"2025-09-25T09:15:41","guid":{"rendered":"https:\/\/dev.lediamant.ch\/produit\/unkategorisiert\/balmain-classic-r-41-mm-7\/"},"modified":"2025-09-26T15:05:34","modified_gmt":"2025-09-26T13:05:34","slug":"balmain-classic-r-41-mm-7","status":"publish","type":"product","link":"https:\/\/dev.lediamant.ch\/de\/uhren\/219894-balmain-classic-r-41-mm-b41023161\/","title":{"rendered":"Balmain Classic R 41mm"},"content":{"rendered":"<p>Die Balmain Classic R ist eine anspruchsvolle Herrenuhr mit modernem Design, inspiriert von der Pariser Haute Couture. inspiriert von der Pariser Haute Couture. Das mittelgraue Zifferblatt und die modernen r\u00f6mischen Ziffern und die modernen r\u00f6mischen Ziffern sorgen f\u00fcr einen Hauch von Dynamik, w\u00e4hrend das 41 mm gro\u00dfe zweifarbige Geh\u00e4use aus Edelstahl und PVD aus Edelstahl und Gelbgold PVD mit einem eleganten 7,17 mm Profil und einem passenden Armband f\u00fcr einen allt\u00e4glichen Stil sorgt. einen allt\u00e4glichen Stil sorgt. Dieser in der Schweiz hergestellte Zeitmesser ist mit einem Saphirglas ausgestattet.<\/p>\n","protected":false},"excerpt":{"rendered":"<p>Die Balmain Classic R ist eine anspruchsvolle Herrenuhr mit modernem Design, inspiriert von der Pariser Haute Couture. inspiriert von der Pariser Haute Couture. Das mittelgraue Zifferblatt und die modernen r\u00f6mischen Ziffern und die modernen r\u00f6mischen Ziffern sorgen f\u00fcr einen Hauch von Dynamik, w\u00e4hrend das 41 mm gro\u00dfe zweifarbige Geh\u00e4use aus Edelstahl und PVD aus Edelstahl &#8230; <a title=\"Balmain Classic R 41mm\" class=\"read-more\" href=\"https:\/\/dev.lediamant.ch\/de\/uhren\/219894-balmain-classic-r-41-mm-b41023161\/\" aria-label=\"Mehr Informationen \u00fcber Balmain Classic R 41mm\">Weiterlesen &#8230;<\/a><\/p>\n","protected":false},"featured_media":219780,"template":"","meta":{"_acf_changed":false,"_seopress_robots_primary_cat":"27173","_seopress_titles_title":"","_seopress_titles_desc":"Elegante Herrenuhr Balmain Classic R mit grauem Zifferblatt und zweifarbigem Geh\u00e4use, perfekt f\u00fcr einen raffinierten Alltagsstil.","_seopress_robots_index":""},"brand":[27083],"product_brand":[],"product_cat":[27123,27173,27433],"product_tag":[],"class_list":{"0":"post-219894","1":"product","2":"type-product","3":"status-publish","4":"has-post-thumbnail","6":"brand-balmain-de","7":"product_cat-uhren","8":"product_cat-balmain-de","9":"product_cat-classic-r-de","10":"pa_couleurduboitier-zweifarbig-de","11":"pa_couleurdubracelet-bicolor","12":"pa_couleurducadran-grau","13":"pa_etancheite-50m-de","14":"pa_forme-runden","15":"pa_genre-mann","16":"pa_matiere-zweifarbigstahlgelbgoldpvd","17":"pa_matierebraceletmontre-edelstahl","18":"pa_mouvement-quarzbatterie-de","19":"pa_swissmade-ja-de","20":"pa_verre-saphir-de","21":"sales-flash-overlay","22":"woocommerce-text-align-center","23":"woocommerce-image-align-center","24":"do-quantity-buttons","26":"first","27":"instock","28":"taxable","29":"shipping-taxable","30":"purchasable","31":"product-type-simple"},"acf":[],"_links":{"self":[{"href":"https:\/\/dev.lediamant.ch\/de\/wp-json\/wp\/v2\/product\/219894","targetHints":{"allow":["GET"]}}],"collection":[{"href":"https:\/\/dev.lediamant.ch\/de\/wp-json\/wp\/v2\/product"}],"about":[{"href":"https:\/\/dev.lediamant.ch\/de\/wp-json\/wp\/v2\/types\/product"}],"wp:featuredmedia":[{"embeddable":true,"href":"https:\/\/dev.lediamant.ch\/de\/wp-json\/wp\/v2\/media\/219780"}],"wp:attachment":[{"href":"https:\/\/dev.lediamant.ch\/de\/wp-json\/wp\/v2\/media?parent=219894"}],"wp:term":[{"taxonomy":"brand","embeddable":true,"href":"https:\/\/dev.lediamant.ch\/de\/wp-json\/wp\/v2\/brand?post=219894"},{"taxonomy":"product_brand","embeddable":true,"href":"https:\/\/dev.lediamant.ch\/de\/wp-json\/wp\/v2\/product_brand?post=219894"},{"taxonomy":"product_cat","embeddable":true,"href":"https:\/\/dev.lediamant.ch\/de\/wp-json\/wp\/v2\/product_cat?post=219894"},{"taxonomy":"product_tag","embeddable":true,"href":"https:\/\/dev.lediamant.ch\/de\/wp-json\/wp\/v2\/product_tag?post=219894"}],"curies":[{"name":"wp","href":"https:\/\/api.w.org\/{rel}","templated":true}]}}