{"id":219975,"date":"2025-09-26T16:15:21","date_gmt":"2025-09-26T14:15:21","guid":{"rendered":"https:\/\/dev.lediamant.ch\/produit\/unkategorisiert\/balmain-eirini-25-x-33-mm\/"},"modified":"2025-09-26T18:13:38","modified_gmt":"2025-09-26T16:13:38","slug":"balmain-eirini-25-x-33-mm","status":"publish","type":"product","link":"https:\/\/dev.lediamant.ch\/de\/uhren\/219975-balmain-eirini-25-x-33-mm-b43949276\/","title":{"rendered":"Balmain Eirini 25 x 33mm"},"content":{"rendered":"<p>Die Balmain Eirini ist eine elegante Damenuhr, die einen hellen Stil mit einem modernen Design verbindet, das von der Pariser Haute Couture inspiriert ist. Das Zifferblatt aus nat\u00fcrlichem Malachit und die Pyramidenziffern verleihen der Uhr einen femininen Touch. Das 25 x 33 mm gro\u00dfe, ros\u00e9goldfarbene PVD-Geh\u00e4use mit seinem eleganten 6,85 mm Profil und dem gr\u00fcnen Lederarmband bietet einen Stil, der f\u00fcr jeden Tag geeignet ist. Diese in der Schweiz hergestellte Uhr ist mit einem Saphirglas ausgestattet.<\/p>\n","protected":false},"excerpt":{"rendered":"<p>Die Balmain Eirini ist eine elegante Damenuhr, die einen hellen Stil mit einem modernen Design verbindet, das von der Pariser Haute Couture inspiriert ist. Das Zifferblatt aus nat\u00fcrlichem Malachit und die Pyramidenziffern verleihen der Uhr einen femininen Touch. Das 25 x 33 mm gro\u00dfe, ros\u00e9goldfarbene PVD-Geh\u00e4use mit seinem eleganten 6,85 mm Profil und dem gr\u00fcnen &#8230; <a title=\"Balmain Eirini 25 x 33mm\" class=\"read-more\" href=\"https:\/\/dev.lediamant.ch\/de\/uhren\/219975-balmain-eirini-25-x-33-mm-b43949276\/\" aria-label=\"Mehr Informationen \u00fcber Balmain Eirini 25 x 33mm\">Weiterlesen &#8230;<\/a><\/p>\n","protected":false},"featured_media":219945,"template":"","meta":{"_acf_changed":false,"_seopress_robots_primary_cat":"27173","_seopress_titles_title":"","_seopress_titles_desc":"Entdecken Sie die Eirini von Balmain: eine feminine, elegante Uhr mit einem Zifferblatt aus Malachit und einem gr\u00fcnen Lederarmband. Haute Couture Stil f\u00fcr den Alltag.","_seopress_robots_index":""},"brand":[27083],"product_brand":[],"product_cat":[27123,27173,27429],"product_tag":[],"class_list":{"0":"post-219975","1":"product","2":"type-product","3":"status-publish","4":"has-post-thumbnail","6":"brand-balmain-de","7":"product_cat-uhren","8":"product_cat-balmain-de","9":"product_cat-eirini-de","10":"pa_couleurdubracelet-grun-de","11":"pa_couleurducadran-grun","12":"pa_etancheite-30m-de","13":"pa_forme-rechteckig-de","14":"pa_genre-frau","15":"pa_matiere-rosegoldpvd","16":"pa_matierebraceletmontre-leder","17":"pa_mouvement-quarzbatterie-de","18":"pa_swissmade-ja-de","19":"pa_verre-saphir-de","20":"sales-flash-overlay","21":"woocommerce-text-align-center","22":"woocommerce-image-align-center","23":"do-quantity-buttons","25":"first","26":"instock","27":"taxable","28":"shipping-taxable","29":"purchasable","30":"product-type-simple"},"acf":[],"_links":{"self":[{"href":"https:\/\/dev.lediamant.ch\/de\/wp-json\/wp\/v2\/product\/219975","targetHints":{"allow":["GET"]}}],"collection":[{"href":"https:\/\/dev.lediamant.ch\/de\/wp-json\/wp\/v2\/product"}],"about":[{"href":"https:\/\/dev.lediamant.ch\/de\/wp-json\/wp\/v2\/types\/product"}],"wp:featuredmedia":[{"embeddable":true,"href":"https:\/\/dev.lediamant.ch\/de\/wp-json\/wp\/v2\/media\/219945"}],"wp:attachment":[{"href":"https:\/\/dev.lediamant.ch\/de\/wp-json\/wp\/v2\/media?parent=219975"}],"wp:term":[{"taxonomy":"brand","embeddable":true,"href":"https:\/\/dev.lediamant.ch\/de\/wp-json\/wp\/v2\/brand?post=219975"},{"taxonomy":"product_brand","embeddable":true,"href":"https:\/\/dev.lediamant.ch\/de\/wp-json\/wp\/v2\/product_brand?post=219975"},{"taxonomy":"product_cat","embeddable":true,"href":"https:\/\/dev.lediamant.ch\/de\/wp-json\/wp\/v2\/product_cat?post=219975"},{"taxonomy":"product_tag","embeddable":true,"href":"https:\/\/dev.lediamant.ch\/de\/wp-json\/wp\/v2\/product_tag?post=219975"}],"curies":[{"name":"wp","href":"https:\/\/api.w.org\/{rel}","templated":true}]}}