{"id":220511,"date":"2022-12-29T16:12:59","date_gmt":"2022-12-29T15:12:59","guid":{"rendered":"https:\/\/dev.lediamant.ch\/produit\/unkategorisiert\/balmain-classic-r-30-mm-5\/"},"modified":"2025-11-14T13:30:32","modified_gmt":"2025-11-14T12:30:32","slug":"balmain-classic-r-30-mm-5","status":"publish","type":"product","link":"https:\/\/dev.lediamant.ch\/de\/uhren\/220511-balmain-classic-r-30-mm-5-b41183112\/","title":{"rendered":"Balmain Classic R 30mm"},"content":{"rendered":"<p>Die Balmain Classic R ist eine raffinierte Damenuhr, die zeitlose Eleganz mit einem modernen Design verbindet, das von der Pariser Haute Couture inspiriert ist. Das Zifferblatt mit wei\u00dfen Arabesken und klassischen r\u00f6mischen Ziffern verleiht ihr eine vibrierende und anmutige Note, w\u00e4hrend das 30 mm Geh\u00e4use aus zweifarbigem Edelstahl und PVD Ros\u00e9gold mit seinem eleganten 6,50 mm Profil und dem passenden Armband Raffinesse f\u00fcr den Alltag bietet. Dieser in der Schweiz hergestellte Zeitmesser ist mit einem Saphirglas ausgestattet.<\/p>\n","protected":false},"excerpt":{"rendered":"<p>Die Balmain Classic R ist eine raffinierte Damenuhr, die zeitlose Eleganz mit einem modernen Design verbindet, das von der Pariser Haute Couture inspiriert ist. Das Zifferblatt mit wei\u00dfen Arabesken und klassischen r\u00f6mischen Ziffern verleiht ihr eine vibrierende und anmutige Note, w\u00e4hrend das 30 mm Geh\u00e4use aus zweifarbigem Edelstahl und PVD Ros\u00e9gold mit seinem eleganten 6,50 &#8230; <a title=\"Balmain Classic R 30mm\" class=\"read-more\" href=\"https:\/\/dev.lediamant.ch\/de\/uhren\/220511-balmain-classic-r-30-mm-5-b41183112\/\" aria-label=\"Mehr Informationen \u00fcber Balmain Classic R 30mm\">Weiterlesen &#8230;<\/a><\/p>\n","protected":false},"featured_media":223055,"template":"","meta":{"_acf_changed":false,"_seopress_robots_primary_cat":"27173","_seopress_titles_title":"","_seopress_titles_desc":"Eleganz und Modernit\u00e4t mit der Balmain Classic R, einer Schweizer Uhr mit Arabesken-Zifferblatt und zweifarbigem Stahlarmband. Perfekt f\u00fcr jeden Anlass.","_seopress_robots_index":""},"brand":[27083],"product_brand":[],"product_cat":[27123,27173,27433],"product_tag":[],"class_list":{"0":"post-220511","1":"product","2":"type-product","3":"status-publish","4":"has-post-thumbnail","6":"brand-balmain-de","7":"product_cat-uhren","8":"product_cat-balmain-de","9":"product_cat-classic-r-de","10":"pa_couleurduboitier-zweifarbig-de","11":"pa_couleurdubracelet-bicolor","12":"pa_couleurducadran-weiss","13":"pa_etancheite-50m-de","14":"pa_forme-runden","15":"pa_genre-frau","16":"pa_matiere-zweifarbigstahlrosegoldpvd","17":"pa_matierebraceletmontre-edelstahl","18":"pa_mouvement-quarzbatterie-de","19":"pa_swissmade-ja-de","20":"pa_verre-saphir-de","21":"sales-flash-overlay","22":"woocommerce-text-align-center","23":"woocommerce-image-align-center","24":"do-quantity-buttons","26":"first","27":"instock","28":"taxable","29":"shipping-taxable","30":"purchasable","31":"product-type-simple"},"acf":[],"_links":{"self":[{"href":"https:\/\/dev.lediamant.ch\/de\/wp-json\/wp\/v2\/product\/220511","targetHints":{"allow":["GET"]}}],"collection":[{"href":"https:\/\/dev.lediamant.ch\/de\/wp-json\/wp\/v2\/product"}],"about":[{"href":"https:\/\/dev.lediamant.ch\/de\/wp-json\/wp\/v2\/types\/product"}],"wp:featuredmedia":[{"embeddable":true,"href":"https:\/\/dev.lediamant.ch\/de\/wp-json\/wp\/v2\/media\/223055"}],"wp:attachment":[{"href":"https:\/\/dev.lediamant.ch\/de\/wp-json\/wp\/v2\/media?parent=220511"}],"wp:term":[{"taxonomy":"brand","embeddable":true,"href":"https:\/\/dev.lediamant.ch\/de\/wp-json\/wp\/v2\/brand?post=220511"},{"taxonomy":"product_brand","embeddable":true,"href":"https:\/\/dev.lediamant.ch\/de\/wp-json\/wp\/v2\/product_brand?post=220511"},{"taxonomy":"product_cat","embeddable":true,"href":"https:\/\/dev.lediamant.ch\/de\/wp-json\/wp\/v2\/product_cat?post=220511"},{"taxonomy":"product_tag","embeddable":true,"href":"https:\/\/dev.lediamant.ch\/de\/wp-json\/wp\/v2\/product_tag?post=220511"}],"curies":[{"name":"wp","href":"https:\/\/api.w.org\/{rel}","templated":true}]}}