{"id":220513,"date":"2023-03-29T16:30:59","date_gmt":"2023-03-29T14:30:59","guid":{"rendered":"https:\/\/dev.lediamant.ch\/produit\/unkategorisiert\/balmain-haute-elegance-24-mm-2\/"},"modified":"2025-11-07T17:57:17","modified_gmt":"2025-11-07T16:57:17","slug":"balmain-haute-elegance-24-mm-2","status":"publish","type":"product","link":"https:\/\/dev.lediamant.ch\/de\/uhren\/220513-balmain-haute-elegance-24-mm-2-b80913322\/","title":{"rendered":"Balmain Haute Elegance 24mm"},"content":{"rendered":"<p>Die Balmain Haute \u00c9l\u00e9gance ist eine elegante Damenuhr, die Helligkeit mit einem modernen Design verbindet, das von der Pariser Haute Couture inspiriert ist. Die L\u00fcnette mit der Gravur &#8222;Balmain&#8220; und das wei\u00dfe Zifferblatt mit klassischen r\u00f6mischen Ziffern verleihen ihr einen Hauch von Selbstbewusstsein. Das 24 mm Edelstahlgeh\u00e4use mit einem robusten 4,95 mm Profil und einem Edelstahlarmband sorgt f\u00fcr einen eleganten Stil im Alltag. Dieser in der Schweiz hergestellte Zeitmesser ist mit einem Saphirglas ausgestattet.<\/p>\n","protected":false},"excerpt":{"rendered":"<p>Die Balmain Haute \u00c9l\u00e9gance ist eine elegante Damenuhr, die Helligkeit mit einem modernen Design verbindet, das von der Pariser Haute Couture inspiriert ist. Die L\u00fcnette mit der Gravur &#8222;Balmain&#8220; und das wei\u00dfe Zifferblatt mit klassischen r\u00f6mischen Ziffern verleihen ihr einen Hauch von Selbstbewusstsein. Das 24 mm Edelstahlgeh\u00e4use mit einem robusten 4,95 mm Profil und einem &#8230; <a title=\"Balmain Haute Elegance 24mm\" class=\"read-more\" href=\"https:\/\/dev.lediamant.ch\/de\/uhren\/220513-balmain-haute-elegance-24-mm-2-b80913322\/\" aria-label=\"Mehr Informationen \u00fcber Balmain Haute Elegance 24mm\">Weiterlesen &#8230;<\/a><\/p>\n","protected":false},"featured_media":222763,"template":"","meta":{"_acf_changed":false,"_seopress_robots_primary_cat":"27173","_seopress_titles_title":"","_seopress_titles_desc":"Entdecken Sie die Balmain Haute \u00c9l\u00e9gance, eine Damenuhr, die modernen Stil mit Pariser Raffinesse verbindet. Ein elegantes Must-Have.","_seopress_robots_index":""},"brand":[27083],"product_brand":[],"product_cat":[27123,27173,27467],"product_tag":[],"class_list":{"0":"post-220513","1":"product","2":"type-product","3":"status-publish","4":"has-post-thumbnail","6":"brand-balmain-de","7":"product_cat-uhren","8":"product_cat-balmain-de","9":"product_cat-haute-elegance-de","10":"pa_couleurduboitier-grau-de","11":"pa_couleurdubracelet-grau-de","12":"pa_couleurducadran-weiss","13":"pa_etancheite-50m-de","14":"pa_forme-runden","15":"pa_genre-frau","16":"pa_matiere-stahl","17":"pa_matierebraceletmontre-edelstahl","18":"pa_mouvement-quarzbatterie-de","19":"pa_swissmade-ja-de","20":"pa_verre-saphir-de","21":"sales-flash-overlay","22":"woocommerce-text-align-center","23":"woocommerce-image-align-center","24":"do-quantity-buttons","26":"first","27":"instock","28":"taxable","29":"shipping-taxable","30":"purchasable","31":"product-type-simple"},"acf":[],"_links":{"self":[{"href":"https:\/\/dev.lediamant.ch\/de\/wp-json\/wp\/v2\/product\/220513","targetHints":{"allow":["GET"]}}],"collection":[{"href":"https:\/\/dev.lediamant.ch\/de\/wp-json\/wp\/v2\/product"}],"about":[{"href":"https:\/\/dev.lediamant.ch\/de\/wp-json\/wp\/v2\/types\/product"}],"wp:featuredmedia":[{"embeddable":true,"href":"https:\/\/dev.lediamant.ch\/de\/wp-json\/wp\/v2\/media\/222763"}],"wp:attachment":[{"href":"https:\/\/dev.lediamant.ch\/de\/wp-json\/wp\/v2\/media?parent=220513"}],"wp:term":[{"taxonomy":"brand","embeddable":true,"href":"https:\/\/dev.lediamant.ch\/de\/wp-json\/wp\/v2\/brand?post=220513"},{"taxonomy":"product_brand","embeddable":true,"href":"https:\/\/dev.lediamant.ch\/de\/wp-json\/wp\/v2\/product_brand?post=220513"},{"taxonomy":"product_cat","embeddable":true,"href":"https:\/\/dev.lediamant.ch\/de\/wp-json\/wp\/v2\/product_cat?post=220513"},{"taxonomy":"product_tag","embeddable":true,"href":"https:\/\/dev.lediamant.ch\/de\/wp-json\/wp\/v2\/product_tag?post=220513"}],"curies":[{"name":"wp","href":"https:\/\/api.w.org\/{rel}","templated":true}]}}