{"id":220523,"date":"2024-03-29T16:45:58","date_gmt":"2024-03-29T15:45:58","guid":{"rendered":"https:\/\/dev.lediamant.ch\/produit\/unkategorisiert\/balmain-classic-r-34-mm-diamonds-6\/"},"modified":"2025-11-07T15:48:42","modified_gmt":"2025-11-07T14:48:42","slug":"balmain-classic-r-34-mm-diamonds-6","status":"publish","type":"product","link":"https:\/\/dev.lediamant.ch\/de\/uhren\/220523-balmain-classic-r-34-mm-diamonds-6-b43183145\/","title":{"rendered":"Balmain Classic R Diamonds 34mm"},"content":{"rendered":"<p>Die Balmain Classic R ist eine elegante Damenuhr, die strahlende Raffinesse mit einem modernen Design verbindet, das von der Pariser Haute Couture inspiriert ist. Das ros\u00e9goldene Zifferblatt ist mit 8 Top Wesselton VS-SI Diamanten von insgesamt 0,030 Karat und klassischen r\u00f6mischen Ziffern besetzt und verleiht der Uhr einen sanften und raffinierten Touch. Das 34 mm gro\u00dfe, zweifarbige Geh\u00e4use aus Edelstahl und PVD-Rotgold mit einem eleganten 6,80 mm Profil und einem passenden Armband bietet Raffinesse f\u00fcr den Alltag. Dieser in der Schweiz hergestellte Zeitmesser ist mit einem Saphirglas ausgestattet.<\/p>\n","protected":false},"excerpt":{"rendered":"<p>Die Balmain Classic R ist eine elegante Damenuhr, die strahlende Raffinesse mit einem modernen Design verbindet, das von der Pariser Haute Couture inspiriert ist. Das ros\u00e9goldene Zifferblatt ist mit 8 Top Wesselton VS-SI Diamanten von insgesamt 0,030 Karat und klassischen r\u00f6mischen Ziffern besetzt und verleiht der Uhr einen sanften und raffinierten Touch. Das 34 mm &#8230; <a title=\"Balmain Classic R Diamonds 34mm\" class=\"read-more\" href=\"https:\/\/dev.lediamant.ch\/de\/uhren\/220523-balmain-classic-r-34-mm-diamonds-6-b43183145\/\" aria-label=\"Mehr Informationen \u00fcber Balmain Classic R Diamonds 34mm\">Weiterlesen &#8230;<\/a><\/p>\n","protected":false},"featured_media":222675,"template":"","meta":{"_acf_changed":false,"_seopress_robots_primary_cat":"27173","_seopress_titles_title":"","_seopress_titles_desc":"Eleganz und Raffinesse mit der Balmain Classic R f\u00fcr Damen: Haute Couture Design, Zifferblatt aus Ros\u00e9gold und Diamanten.","_seopress_robots_index":""},"brand":[27083],"product_brand":[],"product_cat":[27123,27173,27433],"product_tag":[],"class_list":{"0":"post-220523","1":"product","2":"type-product","3":"status-publish","4":"has-post-thumbnail","6":"brand-balmain-de","7":"product_cat-uhren","8":"product_cat-balmain-de","9":"product_cat-classic-r-de","10":"pa_couleurduboitier-zweifarbig-de","11":"pa_couleurdubracelet-bicolor","12":"pa_couleurducadran-rosa-de","13":"pa_detail-de-s-pierres-s-8-diamanten-003-ct-vs-si-top-wesselton","14":"pa_etancheite-50m-de","15":"pa_forme-runden","16":"pa_genre-frau","17":"pa_matiere-zweifarbigstahlrosegoldpvd","18":"pa_matierebraceletmontre-edelstahl","19":"pa_mouvement-quarzbatterie-de","20":"pa_swissmade-ja-de","21":"pa_typedemontre-uhrenmitdiamanten","22":"pa_verre-saphir-de","23":"sales-flash-overlay","24":"woocommerce-text-align-center","25":"woocommerce-image-align-center","26":"do-quantity-buttons","28":"first","29":"instock","30":"taxable","31":"shipping-taxable","32":"purchasable","33":"product-type-simple"},"acf":[],"_links":{"self":[{"href":"https:\/\/dev.lediamant.ch\/de\/wp-json\/wp\/v2\/product\/220523","targetHints":{"allow":["GET"]}}],"collection":[{"href":"https:\/\/dev.lediamant.ch\/de\/wp-json\/wp\/v2\/product"}],"about":[{"href":"https:\/\/dev.lediamant.ch\/de\/wp-json\/wp\/v2\/types\/product"}],"wp:featuredmedia":[{"embeddable":true,"href":"https:\/\/dev.lediamant.ch\/de\/wp-json\/wp\/v2\/media\/222675"}],"wp:attachment":[{"href":"https:\/\/dev.lediamant.ch\/de\/wp-json\/wp\/v2\/media?parent=220523"}],"wp:term":[{"taxonomy":"brand","embeddable":true,"href":"https:\/\/dev.lediamant.ch\/de\/wp-json\/wp\/v2\/brand?post=220523"},{"taxonomy":"product_brand","embeddable":true,"href":"https:\/\/dev.lediamant.ch\/de\/wp-json\/wp\/v2\/product_brand?post=220523"},{"taxonomy":"product_cat","embeddable":true,"href":"https:\/\/dev.lediamant.ch\/de\/wp-json\/wp\/v2\/product_cat?post=220523"},{"taxonomy":"product_tag","embeddable":true,"href":"https:\/\/dev.lediamant.ch\/de\/wp-json\/wp\/v2\/product_tag?post=220523"}],"curies":[{"name":"wp","href":"https:\/\/api.w.org\/{rel}","templated":true}]}}