{"id":220529,"date":"2025-02-28T17:09:59","date_gmt":"2025-02-28T16:09:59","guid":{"rendered":"https:\/\/dev.lediamant.ch\/produit\/unkategorisiert\/balmain-classic-r-30-mm-diamonds-7\/"},"modified":"2025-11-05T17:10:54","modified_gmt":"2025-11-05T16:10:54","slug":"balmain-classic-r-30-mm-diamonds-7","status":"publish","type":"product","link":"https:\/\/dev.lediamant.ch\/de\/uhren\/220529-balmain-classic-r-diamonds-30mm-b41123125\/","title":{"rendered":"Balmain Classic R Diamonds 30mm"},"content":{"rendered":"<p>Die Balmain Classic R ist eine anspruchsvolle Damenuhr, die einen strahlenden Stil mit einem modernen Design verbindet, das von der Pariser Haute Couture inspiriert ist. Ihr goldenes Zifferblatt mit 8 Top Wesselton VS-SI Diamanten von insgesamt 0,030 Karat und klassischen r\u00f6mischen Ziffern verleiht ihr einen vibrierenden und raffinierten Touch. Das 30-mm-Geh\u00e4use aus zweifarbigem Edelstahl und Gelbgold-PVD mit einem eleganten Profil von 6,50 mm und das passende Armband sorgen f\u00fcr einen unbestreitbaren Charme im Alltag. Dieser in der Schweiz hergestellte Zeitmesser ist mit einem Saphirglas versehen.<\/p>\n","protected":false},"excerpt":{"rendered":"<p>Die Balmain Classic R ist eine anspruchsvolle Damenuhr, die einen strahlenden Stil mit einem modernen Design verbindet, das von der Pariser Haute Couture inspiriert ist. Ihr goldenes Zifferblatt mit 8 Top Wesselton VS-SI Diamanten von insgesamt 0,030 Karat und klassischen r\u00f6mischen Ziffern verleiht ihr einen vibrierenden und raffinierten Touch. Das 30-mm-Geh\u00e4use aus zweifarbigem Edelstahl und &#8230; <a title=\"Balmain Classic R Diamonds 30mm\" class=\"read-more\" href=\"https:\/\/dev.lediamant.ch\/de\/uhren\/220529-balmain-classic-r-diamonds-30mm-b41123125\/\" aria-label=\"Mehr Informationen \u00fcber Balmain Classic R Diamonds 30mm\">Weiterlesen &#8230;<\/a><\/p>\n","protected":false},"featured_media":222572,"template":"","meta":{"_acf_changed":false,"_seopress_robots_primary_cat":"27173","_seopress_titles_title":"","_seopress_titles_desc":"Zeitlose Eleganz mit der Balmain Classic R, einer von der Haute Couture inspirierten Damenuhr mit vergoldetem Zifferblatt und Diamanten. Purer Luxus f\u00fcr den Alltag.","_seopress_robots_index":""},"brand":[27083],"product_brand":[],"product_cat":[27123,27173,27433],"product_tag":[],"class_list":{"0":"post-220529","1":"product","2":"type-product","3":"status-publish","4":"has-post-thumbnail","6":"brand-balmain-de","7":"product_cat-uhren","8":"product_cat-balmain-de","9":"product_cat-classic-r-de","10":"pa_couleurduboitier-zweifarbig-de","11":"pa_couleurdubracelet-bicolor","12":"pa_couleurducadran-gelb","13":"pa_detail-de-s-pierres-s-8-diamanten-003-ct-vs-si-top-wesselton","14":"pa_etancheite-50m-de","15":"pa_forme-runden","16":"pa_genre-frau","17":"pa_matiere-zweifarbigstahlgelbgoldpvd","18":"pa_matierebraceletmontre-edelstahl","19":"pa_mouvement-quarzbatterie-de","20":"pa_swissmade-ja-de","21":"pa_typedemontre-uhrenmitdiamanten","22":"pa_verre-saphir-de","23":"sales-flash-overlay","24":"woocommerce-text-align-center","25":"woocommerce-image-align-center","26":"do-quantity-buttons","28":"first","29":"instock","30":"taxable","31":"shipping-taxable","32":"purchasable","33":"product-type-simple"},"acf":[],"_links":{"self":[{"href":"https:\/\/dev.lediamant.ch\/de\/wp-json\/wp\/v2\/product\/220529","targetHints":{"allow":["GET"]}}],"collection":[{"href":"https:\/\/dev.lediamant.ch\/de\/wp-json\/wp\/v2\/product"}],"about":[{"href":"https:\/\/dev.lediamant.ch\/de\/wp-json\/wp\/v2\/types\/product"}],"wp:featuredmedia":[{"embeddable":true,"href":"https:\/\/dev.lediamant.ch\/de\/wp-json\/wp\/v2\/media\/222572"}],"wp:attachment":[{"href":"https:\/\/dev.lediamant.ch\/de\/wp-json\/wp\/v2\/media?parent=220529"}],"wp:term":[{"taxonomy":"brand","embeddable":true,"href":"https:\/\/dev.lediamant.ch\/de\/wp-json\/wp\/v2\/brand?post=220529"},{"taxonomy":"product_brand","embeddable":true,"href":"https:\/\/dev.lediamant.ch\/de\/wp-json\/wp\/v2\/product_brand?post=220529"},{"taxonomy":"product_cat","embeddable":true,"href":"https:\/\/dev.lediamant.ch\/de\/wp-json\/wp\/v2\/product_cat?post=220529"},{"taxonomy":"product_tag","embeddable":true,"href":"https:\/\/dev.lediamant.ch\/de\/wp-json\/wp\/v2\/product_tag?post=220529"}],"curies":[{"name":"wp","href":"https:\/\/api.w.org\/{rel}","templated":true}]}}