{"id":220554,"date":"2022-09-29T18:30:58","date_gmt":"2022-09-29T16:30:58","guid":{"rendered":"https:\/\/dev.lediamant.ch\/produit\/unkategorisiert\/hamilton-boulton-small-second-quartz\/"},"modified":"2025-11-01T14:13:18","modified_gmt":"2025-11-01T13:13:18","slug":"hamilton-boulton-small-second-quartz","status":"publish","type":"product","link":"https:\/\/dev.lediamant.ch\/de\/uhren\/220554-hamilton-boulton-small-second-quartz-h13421611\/","title":{"rendered":"Hamilton American Classic Boulton Small Second Gent"},"content":{"rendered":"<p>Die neue Hamilton Boulton ist eine Begegnung zwischen der \u00c4sthetik des Art Deco und dem Stil der American Classic. Die Boulton mit ihrem originellen Geh\u00e4use ist seit ihrer Einf\u00fchrung im Jahr 1940 ein Basic der Hamilton-Kollektion. Die f\u00fcr das 21. Jahrhundert neu gestaltete Uhr interpretiert die American Classic Codes von Hamilton in einem zeitlosen Stil.<\/p>\n","protected":false},"excerpt":{"rendered":"<p>Die neue Hamilton Boulton ist eine Begegnung zwischen der \u00c4sthetik des Art Deco und dem Stil der American Classic. Die Boulton mit ihrem originellen Geh\u00e4use ist seit ihrer Einf\u00fchrung im Jahr 1940 ein Basic der Hamilton-Kollektion. Die f\u00fcr das 21. Jahrhundert neu gestaltete Uhr interpretiert die American Classic Codes von Hamilton in einem zeitlosen Stil.<\/p>\n","protected":false},"featured_media":220294,"template":"","meta":{"_acf_changed":false,"_seopress_robots_primary_cat":"27181","_seopress_titles_title":"","_seopress_titles_desc":"Erkunden Sie den Boulton Hamilton, ein Symbol des Art Deco und American Classic Stils, der f\u00fcr das 21. Jahrhundert modernisiert wurde. Jahrhundert. Ein Klassiker seit 1940.","_seopress_robots_index":""},"brand":[27085],"product_brand":[],"product_cat":[27123,27181,27201],"product_tag":[],"class_list":{"0":"post-220554","1":"product","2":"type-product","3":"status-publish","4":"has-post-thumbnail","6":"brand-hamilton-de","7":"product_cat-uhren","8":"product_cat-hamilton-de","9":"product_cat-american-classic","10":"pa_couleurduboitier-grau-de","11":"pa_couleurdubracelet-blau-de","12":"pa_couleurducadran-weiss","13":"pa_etancheite-50m-de","14":"pa_forme-rechteckig-de","15":"pa_genre-mann","16":"pa_matiere-stahl","17":"pa_matierebraceletmontre-leder","18":"pa_mouvement-quarzbatterie-de","19":"pa_swissmade-ja-de","20":"pa_verre-saphir-de","21":"sales-flash-overlay","22":"woocommerce-text-align-center","23":"woocommerce-image-align-center","24":"do-quantity-buttons","26":"first","27":"instock","28":"taxable","29":"shipping-taxable","30":"purchasable","31":"product-type-simple"},"acf":[],"_links":{"self":[{"href":"https:\/\/dev.lediamant.ch\/de\/wp-json\/wp\/v2\/product\/220554","targetHints":{"allow":["GET"]}}],"collection":[{"href":"https:\/\/dev.lediamant.ch\/de\/wp-json\/wp\/v2\/product"}],"about":[{"href":"https:\/\/dev.lediamant.ch\/de\/wp-json\/wp\/v2\/types\/product"}],"wp:featuredmedia":[{"embeddable":true,"href":"https:\/\/dev.lediamant.ch\/de\/wp-json\/wp\/v2\/media\/220294"}],"wp:attachment":[{"href":"https:\/\/dev.lediamant.ch\/de\/wp-json\/wp\/v2\/media?parent=220554"}],"wp:term":[{"taxonomy":"brand","embeddable":true,"href":"https:\/\/dev.lediamant.ch\/de\/wp-json\/wp\/v2\/brand?post=220554"},{"taxonomy":"product_brand","embeddable":true,"href":"https:\/\/dev.lediamant.ch\/de\/wp-json\/wp\/v2\/product_brand?post=220554"},{"taxonomy":"product_cat","embeddable":true,"href":"https:\/\/dev.lediamant.ch\/de\/wp-json\/wp\/v2\/product_cat?post=220554"},{"taxonomy":"product_tag","embeddable":true,"href":"https:\/\/dev.lediamant.ch\/de\/wp-json\/wp\/v2\/product_tag?post=220554"}],"curies":[{"name":"wp","href":"https:\/\/api.w.org\/{rel}","templated":true}]}}