{"id":220597,"date":"2022-09-30T09:45:35","date_gmt":"2022-09-30T07:45:35","guid":{"rendered":"https:\/\/dev.lediamant.ch\/produit\/unkategorisiert\/hamilton-x-wind-day-date-auto\/"},"modified":"2025-10-01T15:21:31","modified_gmt":"2025-10-01T13:21:31","slug":"hamilton-x-wind-day-date-auto","status":"publish","type":"product","link":"https:\/\/dev.lediamant.ch\/de\/uhren\/220597-hamilton-x-wind-day-date-auto-h77755133\/","title":{"rendered":"Hamilton X-Wind Day Date Auto"},"content":{"rendered":"<p>Hamilton f\u00fcgt der Kollektion Khaki X-Wind eine Day Date Version mit automatischem Aufzug hinzu. Mit gro\u00dfen Super-LumiNova\u00ae Ziffern und sportlichen Zeigern bietet sie die au\u00dfergew\u00f6hnliche Ablesbarkeit, die Sie ben\u00f6tigen, wenn Sie nur den Bruchteil einer Sekunde Zeit haben, um auf das Zifferblatt zu schauen. Das Tag-Datum-Fenster bei 9 Uhr tr\u00e4gt zur visuellen Ausgewogenheit des Zifferblatts bei. Perfekt klar und bereit f\u00fcr den Flug.<\/p>\n","protected":false},"excerpt":{"rendered":"<p>Hamilton f\u00fcgt der Kollektion Khaki X-Wind eine Day Date Version mit automatischem Aufzug hinzu. Mit gro\u00dfen Super-LumiNova\u00ae Ziffern und sportlichen Zeigern bietet sie die au\u00dfergew\u00f6hnliche Ablesbarkeit, die Sie ben\u00f6tigen, wenn Sie nur den Bruchteil einer Sekunde Zeit haben, um auf das Zifferblatt zu schauen. Das Tag-Datum-Fenster bei 9 Uhr tr\u00e4gt zur visuellen Ausgewogenheit des Zifferblatts &#8230; <a title=\"Hamilton X-Wind Day Date Auto\" class=\"read-more\" href=\"https:\/\/dev.lediamant.ch\/de\/uhren\/220597-hamilton-x-wind-day-date-auto-h77755133\/\" aria-label=\"Mehr Informationen \u00fcber Hamilton X-Wind Day Date Auto\">Weiterlesen &#8230;<\/a><\/p>\n","protected":false},"featured_media":220418,"template":"","meta":{"_acf_changed":false,"_seopress_robots_primary_cat":"27181","_seopress_titles_title":"","_seopress_titles_desc":"Entdecken Sie die Hamilton Khaki X-Wind Day Date: optimale Ablesbarkeit mit Super-LumiNova\u00ae-Ziffern und sportlichem Design. Bereit f\u00fcr das Abenteuer!","_seopress_robots_index":""},"brand":[27085],"product_brand":[],"product_cat":[27123,27181,27269],"product_tag":[],"class_list":{"0":"post-220597","1":"product","2":"type-product","3":"status-publish","4":"has-post-thumbnail","6":"brand-hamilton-de","7":"product_cat-uhren","8":"product_cat-hamilton-de","9":"product_cat-khaki-aviation-de","10":"pa_couleurducadran-schwarz","11":"pa_etancheite-100m-de","12":"pa_genre-mann","13":"pa_matiere-stahl","14":"pa_matierebraceletmontre-edelstahl","15":"pa_mouvement-automatik-de","16":"pa_swissmade-ja-de","17":"pa_verre-saphir-de","18":"sales-flash-overlay","19":"woocommerce-text-align-center","20":"woocommerce-image-align-center","21":"do-quantity-buttons","23":"first","24":"instock","25":"taxable","26":"shipping-taxable","27":"purchasable","28":"product-type-simple"},"acf":[],"_links":{"self":[{"href":"https:\/\/dev.lediamant.ch\/de\/wp-json\/wp\/v2\/product\/220597","targetHints":{"allow":["GET"]}}],"collection":[{"href":"https:\/\/dev.lediamant.ch\/de\/wp-json\/wp\/v2\/product"}],"about":[{"href":"https:\/\/dev.lediamant.ch\/de\/wp-json\/wp\/v2\/types\/product"}],"wp:featuredmedia":[{"embeddable":true,"href":"https:\/\/dev.lediamant.ch\/de\/wp-json\/wp\/v2\/media\/220418"}],"wp:attachment":[{"href":"https:\/\/dev.lediamant.ch\/de\/wp-json\/wp\/v2\/media?parent=220597"}],"wp:term":[{"taxonomy":"brand","embeddable":true,"href":"https:\/\/dev.lediamant.ch\/de\/wp-json\/wp\/v2\/brand?post=220597"},{"taxonomy":"product_brand","embeddable":true,"href":"https:\/\/dev.lediamant.ch\/de\/wp-json\/wp\/v2\/product_brand?post=220597"},{"taxonomy":"product_cat","embeddable":true,"href":"https:\/\/dev.lediamant.ch\/de\/wp-json\/wp\/v2\/product_cat?post=220597"},{"taxonomy":"product_tag","embeddable":true,"href":"https:\/\/dev.lediamant.ch\/de\/wp-json\/wp\/v2\/product_tag?post=220597"}],"curies":[{"name":"wp","href":"https:\/\/api.w.org\/{rel}","templated":true}]}}