{"id":220604,"date":"2023-09-30T10:09:34","date_gmt":"2023-09-30T08:09:34","guid":{"rendered":"https:\/\/dev.lediamant.ch\/produit\/unkategorisiert\/hamilton-auto-4\/"},"modified":"2025-10-01T11:22:09","modified_gmt":"2025-10-01T09:22:09","slug":"hamilton-auto-4","status":"publish","type":"product","link":"https:\/\/dev.lediamant.ch\/de\/uhren\/220604-hamilton-auto-4-h32475520\/","title":{"rendered":"Hamilton Auto"},"content":{"rendered":"<p>Mit ihrem anspruchsvollen, rassigen Design ist die Jazzmaster Auto eine Uhr, die in ihrer Zeit verankert ist und Sie sowohl bei der Arbeit als auch beim Ausgehen begleitet. Angetrieben von einem Automatikwerk mit einer Spiralfeder aus Nivachron\u2122, einer neuen antimagnetischen Legierung, sorgt diese 40 mm gro\u00dfe Uhr die ganze Woche \u00fcber f\u00fcr eine tadellose Ganggenauigkeit.<\/p>\n","protected":false},"excerpt":{"rendered":"<p>Mit ihrem anspruchsvollen, rassigen Design ist die Jazzmaster Auto eine Uhr, die in ihrer Zeit verankert ist und Sie sowohl bei der Arbeit als auch beim Ausgehen begleitet. Angetrieben von einem Automatikwerk mit einer Spiralfeder aus Nivachron\u2122, einer neuen antimagnetischen Legierung, sorgt diese 40 mm gro\u00dfe Uhr die ganze Woche \u00fcber f\u00fcr eine tadellose Ganggenauigkeit.<\/p>\n","protected":false},"featured_media":220442,"template":"","meta":{"_acf_changed":false,"_seopress_robots_primary_cat":"27181","_seopress_titles_title":"","_seopress_titles_desc":"Die Jazzmaster Auto mit ihrem eleganten Design und dem automatischen Uhrwerk aus Nivachron\u2122, das perfekt f\u00fcr moderne Profis ist.","_seopress_robots_index":""},"brand":[27085],"product_brand":[],"product_cat":[27123,27181,27243],"product_tag":[],"class_list":{"0":"post-220604","1":"product","2":"type-product","3":"status-publish","4":"has-post-thumbnail","6":"brand-hamilton-de","7":"product_cat-uhren","8":"product_cat-hamilton-de","9":"product_cat-jazzmaster-de","10":"pa_couleurducadran-beige-de","11":"pa_etancheite-50m-de","12":"pa_genre-mann","13":"pa_matiere-stahl","14":"pa_matierebraceletmontre-leder","15":"pa_mouvement-automatik-de","16":"pa_swissmade-ja-de","17":"pa_verre-saphir-de","18":"sales-flash-overlay","19":"woocommerce-text-align-center","20":"woocommerce-image-align-center","21":"do-quantity-buttons","23":"first","24":"instock","25":"taxable","26":"shipping-taxable","27":"purchasable","28":"product-type-simple"},"acf":[],"_links":{"self":[{"href":"https:\/\/dev.lediamant.ch\/de\/wp-json\/wp\/v2\/product\/220604","targetHints":{"allow":["GET"]}}],"collection":[{"href":"https:\/\/dev.lediamant.ch\/de\/wp-json\/wp\/v2\/product"}],"about":[{"href":"https:\/\/dev.lediamant.ch\/de\/wp-json\/wp\/v2\/types\/product"}],"wp:featuredmedia":[{"embeddable":true,"href":"https:\/\/dev.lediamant.ch\/de\/wp-json\/wp\/v2\/media\/220442"}],"wp:attachment":[{"href":"https:\/\/dev.lediamant.ch\/de\/wp-json\/wp\/v2\/media?parent=220604"}],"wp:term":[{"taxonomy":"brand","embeddable":true,"href":"https:\/\/dev.lediamant.ch\/de\/wp-json\/wp\/v2\/brand?post=220604"},{"taxonomy":"product_brand","embeddable":true,"href":"https:\/\/dev.lediamant.ch\/de\/wp-json\/wp\/v2\/product_brand?post=220604"},{"taxonomy":"product_cat","embeddable":true,"href":"https:\/\/dev.lediamant.ch\/de\/wp-json\/wp\/v2\/product_cat?post=220604"},{"taxonomy":"product_tag","embeddable":true,"href":"https:\/\/dev.lediamant.ch\/de\/wp-json\/wp\/v2\/product_tag?post=220604"}],"curies":[{"name":"wp","href":"https:\/\/api.w.org\/{rel}","templated":true}]}}