{"id":220614,"date":"2025-09-30T12:10:40","date_gmt":"2025-09-30T10:10:40","guid":{"rendered":"https:\/\/dev.lediamant.ch\/produit\/unkategorisiert\/tissot-t-race-quartz-chronograph-38mm-2\/"},"modified":"2025-10-01T10:59:19","modified_gmt":"2025-10-01T08:59:19","slug":"tissot-t-race-quartz-chronograph-38mm-2","status":"publish","type":"product","link":"https:\/\/dev.lediamant.ch\/de\/uhren\/220614-tissot-t-race-quartz-chronograph-38mm-2-t1418173705100\/","title":{"rendered":"Tissot T-Race Quartz Chronograph 38mm"},"content":{"rendered":"<p>Diese Uhr wird von einem Quarzchronographenwerk angetrieben und nimmt Sie mit auf die Stra\u00dfe der Freiheit. Die einzigartigen Designmerkmale und der Durchmesser von 38mm verleihen der Identit\u00e4t der Kollektion eine neue Dimension. Diese Uhr, die sich auf die Pr\u00e4zision der Zeitmessung konzentriert, spiegelt unsere Leidenschaft f\u00fcr den Motorsport wider.<br \/>\nTissot hat sich von seiner Partnerschaft mit dem Motorradrennsport inspirieren lassen, um eine Uhr zu kreieren, die die Dynamik der Motorr\u00e4der und die Emotionen des Sports widerspiegelt. Die T-Race Kollektion l\u00e4sst den Tr\u00e4ger in eine mechanische Umgebung eintauchen und weckt den Geist dieser Umgebung. Die L\u00fcnette \u00e4hnelt einer Bremsscheibe, die Dr\u00fccker sind von Lenkern inspiriert und die K\u00fchlrippen eines Motors sind an der Seite des Geh\u00e4uses nachgebildet. Die Uhr ist wasserdicht bis zu einem Druck von 10 bar (100 m) und mit einem Quarzchronographenwerk ausgestattet.<br \/>\nDiese Version des Tissot T-Race Chronograph in 38mm hat ein Geh\u00e4use aus Edelstahl 316L. Das kratzfeste und entspiegelte Saphirglas sorgt f\u00fcr zus\u00e4tzliche Robustheit. Das massive und gleichzeitig flexible Armband aus Edelstahl 316L ist mit einer Sicherheitsfaltschlie\u00dfe mit Dr\u00fcckern ausgestattet, die diesen sportlichen Zeitmesser sicher h\u00e4lt.<\/p>\n","protected":false},"excerpt":{"rendered":"<p>Diese Uhr wird von einem Quarzchronographenwerk angetrieben und nimmt Sie mit auf die Stra\u00dfe der Freiheit. Die einzigartigen Designmerkmale und der Durchmesser von 38mm verleihen der Identit\u00e4t der Kollektion eine neue Dimension. Diese Uhr, die sich auf die Pr\u00e4zision der Zeitmessung konzentriert, spiegelt unsere Leidenschaft f\u00fcr den Motorsport wider. Tissot hat sich von seiner Partnerschaft &#8230; <a title=\"Tissot T-Race Quartz Chronograph 38mm\" class=\"read-more\" href=\"https:\/\/dev.lediamant.ch\/de\/uhren\/220614-tissot-t-race-quartz-chronograph-38mm-2-t1418173705100\/\" aria-label=\"Mehr Informationen \u00fcber Tissot T-Race Quartz Chronograph 38mm\">Weiterlesen &#8230;<\/a><\/p>\n","protected":false},"featured_media":220463,"template":"","meta":{"_acf_changed":false,"_seopress_robots_primary_cat":"27159","_seopress_titles_title":"","_seopress_titles_desc":"Entdecken Sie Luxus und Pr\u00e4zision mit dem Tissot T-Race Chronograph 38mm. Einzigartiges, vom Motorsport inspiriertes Design und wasserdicht bis 100m.","_seopress_robots_index":""},"brand":[27087],"product_brand":[],"product_cat":[27123,27159,27203,27509],"product_tag":[],"class_list":{"0":"post-220614","1":"product","2":"type-product","3":"status-publish","4":"has-post-thumbnail","6":"brand-tissot-de","7":"product_cat-uhren","8":"product_cat-tissot-de","9":"product_cat-tissot-sport","10":"product_cat-tissot-t-race","11":"pa_couleurdubracelet-schwarz-de","12":"pa_couleurducadran-schwarz","13":"pa_etancheite-100m-de","14":"pa_forme-runden","15":"pa_genre-mann","16":"pa_genre-frau","17":"pa_genre-kind","18":"pa_matiere-schwarzespvd","19":"pa_matierebraceletmontre-silikon","20":"pa_mouvement-quarzbatterie-de","21":"pa_swissmade-ja-de","22":"pa_typedemontre-chronograph-de","23":"pa_verre-saphir-de","24":"sales-flash-overlay","25":"woocommerce-text-align-center","26":"woocommerce-image-align-center","27":"do-quantity-buttons","29":"first","30":"instock","31":"taxable","32":"shipping-taxable","33":"purchasable","34":"product-type-simple"},"acf":[],"_links":{"self":[{"href":"https:\/\/dev.lediamant.ch\/de\/wp-json\/wp\/v2\/product\/220614","targetHints":{"allow":["GET"]}}],"collection":[{"href":"https:\/\/dev.lediamant.ch\/de\/wp-json\/wp\/v2\/product"}],"about":[{"href":"https:\/\/dev.lediamant.ch\/de\/wp-json\/wp\/v2\/types\/product"}],"wp:featuredmedia":[{"embeddable":true,"href":"https:\/\/dev.lediamant.ch\/de\/wp-json\/wp\/v2\/media\/220463"}],"wp:attachment":[{"href":"https:\/\/dev.lediamant.ch\/de\/wp-json\/wp\/v2\/media?parent=220614"}],"wp:term":[{"taxonomy":"brand","embeddable":true,"href":"https:\/\/dev.lediamant.ch\/de\/wp-json\/wp\/v2\/brand?post=220614"},{"taxonomy":"product_brand","embeddable":true,"href":"https:\/\/dev.lediamant.ch\/de\/wp-json\/wp\/v2\/product_brand?post=220614"},{"taxonomy":"product_cat","embeddable":true,"href":"https:\/\/dev.lediamant.ch\/de\/wp-json\/wp\/v2\/product_cat?post=220614"},{"taxonomy":"product_tag","embeddable":true,"href":"https:\/\/dev.lediamant.ch\/de\/wp-json\/wp\/v2\/product_tag?post=220614"}],"curies":[{"name":"wp","href":"https:\/\/api.w.org\/{rel}","templated":true}]}}