{"id":221416,"date":"2024-03-29T12:27:40","date_gmt":"2024-03-29T11:27:40","guid":{"rendered":"https:\/\/dev.lediamant.ch\/produit\/unkategorisiert\/balmain-classic-r-30-mm-3\/"},"modified":"2025-12-23T11:59:00","modified_gmt":"2025-12-23T10:59:00","slug":"balmain-classic-r-30-mm-3","status":"publish","type":"product","link":"https:\/\/dev.lediamant.ch\/de\/uhren\/221416-balmain-classic-r-30-mm-3-b41113172\/","title":{"rendered":"Balmain Classic R | 30 mm"},"content":{"rendered":"<p>Die Balmain Classic R ist eine raffinierte Damenuhr, die k\u00fchne Eleganz mit einem modernen Design verbindet, das von der Pariser Haute Couture inspiriert ist. Das t\u00fcrkisgr\u00fcne Zifferblatt und die klassischen r\u00f6mischen Ziffern verleihen ihr eine vibrierende und anmutige Note, w\u00e4hrend das 30 mm Edelstahlgeh\u00e4use, das elegante 6,50 mm Profil und das passende Armband f\u00fcr Raffinesse im Alltag sorgen. Dieser in der Schweiz hergestellte Zeitmesser ist mit einem Saphirglas ausgestattet.<\/p>\n","protected":false},"excerpt":{"rendered":"<p>Die Balmain Classic R ist eine raffinierte Damenuhr, die k\u00fchne Eleganz mit einem modernen Design verbindet, das von der Pariser Haute Couture inspiriert ist. Das t\u00fcrkisgr\u00fcne Zifferblatt und die klassischen r\u00f6mischen Ziffern verleihen ihr eine vibrierende und anmutige Note, w\u00e4hrend das 30 mm Edelstahlgeh\u00e4use, das elegante 6,50 mm Profil und das passende Armband f\u00fcr Raffinesse &#8230; <a title=\"Balmain Classic R | 30 mm\" class=\"read-more\" href=\"https:\/\/dev.lediamant.ch\/de\/uhren\/221416-balmain-classic-r-30-mm-3-b41113172\/\" aria-label=\"Mehr Informationen \u00fcber Balmain Classic R | 30 mm\">Weiterlesen &#8230;<\/a><\/p>\n","protected":false},"featured_media":224495,"template":"","meta":{"_acf_changed":false,"_seopress_robots_primary_cat":"27173","_seopress_titles_title":"","_seopress_titles_desc":"Entdecken Sie die Eleganz der Balmain Classic R, einer Damenuhr mit t\u00fcrkisfarbenem Zifferblatt und Haute Couture Design. T\u00e4gliche Raffinesse garantiert.","_seopress_robots_index":""},"brand":[27083],"product_brand":[],"product_cat":[27123,27173,27433],"product_tag":[],"class_list":{"0":"post-221416","1":"product","2":"type-product","3":"status-publish","4":"has-post-thumbnail","6":"brand-balmain-de","7":"product_cat-uhren","8":"product_cat-balmain-de","9":"product_cat-classic-r-de","10":"pa_couleurduboitier-grau-de","11":"pa_couleurdubracelet-grau-de","12":"pa_couleurducadran-grun","13":"pa_etancheite-50m-de","14":"pa_forme-runden","15":"pa_genre-frau","16":"pa_matiere-stahl","17":"pa_matierebraceletmontre-edelstahl","18":"pa_mouvement-quarzbatterie-de","19":"pa_swissmade-ja-de","20":"pa_verre-saphir-de","21":"sales-flash-overlay","22":"woocommerce-text-align-center","23":"woocommerce-image-align-center","24":"do-quantity-buttons","26":"first","27":"instock","28":"taxable","29":"shipping-taxable","30":"purchasable","31":"product-type-simple"},"acf":[],"_links":{"self":[{"href":"https:\/\/dev.lediamant.ch\/de\/wp-json\/wp\/v2\/product\/221416","targetHints":{"allow":["GET"]}}],"collection":[{"href":"https:\/\/dev.lediamant.ch\/de\/wp-json\/wp\/v2\/product"}],"about":[{"href":"https:\/\/dev.lediamant.ch\/de\/wp-json\/wp\/v2\/types\/product"}],"wp:featuredmedia":[{"embeddable":true,"href":"https:\/\/dev.lediamant.ch\/de\/wp-json\/wp\/v2\/media\/224495"}],"wp:attachment":[{"href":"https:\/\/dev.lediamant.ch\/de\/wp-json\/wp\/v2\/media?parent=221416"}],"wp:term":[{"taxonomy":"brand","embeddable":true,"href":"https:\/\/dev.lediamant.ch\/de\/wp-json\/wp\/v2\/brand?post=221416"},{"taxonomy":"product_brand","embeddable":true,"href":"https:\/\/dev.lediamant.ch\/de\/wp-json\/wp\/v2\/product_brand?post=221416"},{"taxonomy":"product_cat","embeddable":true,"href":"https:\/\/dev.lediamant.ch\/de\/wp-json\/wp\/v2\/product_cat?post=221416"},{"taxonomy":"product_tag","embeddable":true,"href":"https:\/\/dev.lediamant.ch\/de\/wp-json\/wp\/v2\/product_tag?post=221416"}],"curies":[{"name":"wp","href":"https:\/\/api.w.org\/{rel}","templated":true}]}}