{"id":221428,"date":"2023-02-01T13:15:40","date_gmt":"2023-02-01T12:15:40","guid":{"rendered":"https:\/\/dev.lediamant.ch\/produit\/unkategorisiert\/balmain-be-balmain-31-mm-diamonds-4\/"},"modified":"2025-11-14T17:56:54","modified_gmt":"2025-11-14T16:56:54","slug":"balmain-be-balmain-31-mm-diamonds-4","status":"publish","type":"product","link":"https:\/\/dev.lediamant.ch\/de\/uhren\/221428-balmain-be-balmain-diamonds-31mm-b49913386\/","title":{"rendered":"Balmain Be Balmain Diamonds 31mm"},"content":{"rendered":"<p>Die Balmain Be Balmain ist eine kunstvolle Damenuhr, die zarte Eleganz mit einem modernen Design verbindet, das von der Pariser Haute Couture inspiriert wurde. Das Zifferblatt aus wei\u00dfem Perlmutt ist mit 12 Top Wesselton VS-SI Diamanten von insgesamt 0,043 Karat besetzt und verf\u00fcgt \u00fcber Diamantziffern. Das 31 mm Edelstahlgeh\u00e4use, das elegante 7,65 mm Profil und das Edelstahlarmband bieten einen zeitlosen Stil f\u00fcr den Alltag. Diese Schweizer Uhr ist mit einem Saphirglas ausgestattet.<\/p>\n","protected":false},"excerpt":{"rendered":"<p>Die Balmain Be Balmain ist eine kunstvolle Damenuhr, die zarte Eleganz mit einem modernen Design verbindet, das von der Pariser Haute Couture inspiriert wurde. Das Zifferblatt aus wei\u00dfem Perlmutt ist mit 12 Top Wesselton VS-SI Diamanten von insgesamt 0,043 Karat besetzt und verf\u00fcgt \u00fcber Diamantziffern. Das 31 mm Edelstahlgeh\u00e4use, das elegante 7,65 mm Profil und &#8230; <a title=\"Balmain Be Balmain Diamonds 31mm\" class=\"read-more\" href=\"https:\/\/dev.lediamant.ch\/de\/uhren\/221428-balmain-be-balmain-diamonds-31mm-b49913386\/\" aria-label=\"Mehr Informationen \u00fcber Balmain Be Balmain Diamonds 31mm\">Weiterlesen &#8230;<\/a><\/p>\n","protected":false},"featured_media":223254,"template":"","meta":{"_acf_changed":false,"_seopress_robots_primary_cat":"27173","_seopress_titles_title":"","_seopress_titles_desc":"Entdecken Sie die Eleganz der Balmain Be Balmain Uhr, ein Meisterwerk der Haute Couture mit Diamanten und zeitlosem Design. Perfekt f\u00fcr jeden Anlass.","_seopress_robots_index":""},"brand":[27083],"product_brand":[],"product_cat":[27123,27173,27405],"product_tag":[],"class_list":{"0":"post-221428","1":"product","2":"type-product","3":"status-publish","4":"has-post-thumbnail","6":"brand-balmain-de","7":"product_cat-uhren","8":"product_cat-balmain-de","9":"product_cat-be-balmain-de","10":"pa_couleurduboitier-grau-de","11":"pa_couleurdubracelet-grau-de","12":"pa_couleurducadran-perlmutt","13":"pa_detail-de-s-pierres-s-12-diamanten-0-043ct","14":"pa_etancheite-50m-de","15":"pa_forme-runden","16":"pa_genre-frau","17":"pa_matiere-stahl","18":"pa_matierebraceletmontre-edelstahl","19":"pa_mouvement-quarzbatterie-de","20":"pa_swissmade-ja-de","21":"pa_verre-saphir-de","22":"sales-flash-overlay","23":"woocommerce-text-align-center","24":"woocommerce-image-align-center","25":"do-quantity-buttons","27":"first","28":"instock","29":"taxable","30":"shipping-taxable","31":"purchasable","32":"product-type-simple"},"acf":[],"_links":{"self":[{"href":"https:\/\/dev.lediamant.ch\/de\/wp-json\/wp\/v2\/product\/221428","targetHints":{"allow":["GET"]}}],"collection":[{"href":"https:\/\/dev.lediamant.ch\/de\/wp-json\/wp\/v2\/product"}],"about":[{"href":"https:\/\/dev.lediamant.ch\/de\/wp-json\/wp\/v2\/types\/product"}],"wp:featuredmedia":[{"embeddable":true,"href":"https:\/\/dev.lediamant.ch\/de\/wp-json\/wp\/v2\/media\/223254"}],"wp:attachment":[{"href":"https:\/\/dev.lediamant.ch\/de\/wp-json\/wp\/v2\/media?parent=221428"}],"wp:term":[{"taxonomy":"brand","embeddable":true,"href":"https:\/\/dev.lediamant.ch\/de\/wp-json\/wp\/v2\/brand?post=221428"},{"taxonomy":"product_brand","embeddable":true,"href":"https:\/\/dev.lediamant.ch\/de\/wp-json\/wp\/v2\/product_brand?post=221428"},{"taxonomy":"product_cat","embeddable":true,"href":"https:\/\/dev.lediamant.ch\/de\/wp-json\/wp\/v2\/product_cat?post=221428"},{"taxonomy":"product_tag","embeddable":true,"href":"https:\/\/dev.lediamant.ch\/de\/wp-json\/wp\/v2\/product_tag?post=221428"}],"curies":[{"name":"wp","href":"https:\/\/api.w.org\/{rel}","templated":true}]}}