{"id":221444,"date":"2024-11-29T15:45:59","date_gmt":"2024-11-29T14:45:59","guid":{"rendered":"https:\/\/dev.lediamant.ch\/produit\/unkategorisiert\/balmainia-bijou-36-mm-4\/"},"modified":"2025-11-14T15:47:06","modified_gmt":"2025-11-14T14:47:06","slug":"balmainia-bijou-36-mm-4","status":"publish","type":"product","link":"https:\/\/dev.lediamant.ch\/de\/uhren\/221444-balmain-balmainia-bijou-chrono-36mm-b62583326\/","title":{"rendered":"Balmain Balmainia Bijou Chrono 36mm"},"content":{"rendered":"<p>Die Balmain Balmainia Bijou Chrono ist eine kunstvolle Damenuhr, die k\u00fchne Eleganz mit einem modernen Design verbindet, das von der Pariser Haute Couture inspiriert ist. Das wei\u00dfe Zifferblatt mit drei kleinen Z\u00e4hlern und einer &#8222;Balmain&#8220;-Gravur auf der L\u00fcnette ist mit Pyramidenziffern versehen. Das 36 mm Geh\u00e4use aus zweifarbigem Edelstahl und ros\u00e9goldener PVD-Beschichtung mit einem raffinierten 10,25 mm Profil und einem passenden Armband bietet einen zeitlosen Stil f\u00fcr den Alltag. Dieser in der Schweiz hergestellte Zeitmesser ist mit einem Saphirglas ausgestattet.<\/p>\n","protected":false},"excerpt":{"rendered":"<p>Die Balmain Balmainia Bijou Chrono ist eine kunstvolle Damenuhr, die k\u00fchne Eleganz mit einem modernen Design verbindet, das von der Pariser Haute Couture inspiriert ist. Das wei\u00dfe Zifferblatt mit drei kleinen Z\u00e4hlern und einer &#8222;Balmain&#8220;-Gravur auf der L\u00fcnette ist mit Pyramidenziffern versehen. Das 36 mm Geh\u00e4use aus zweifarbigem Edelstahl und ros\u00e9goldener PVD-Beschichtung mit einem raffinierten &#8230; <a title=\"Balmain Balmainia Bijou Chrono 36mm\" class=\"read-more\" href=\"https:\/\/dev.lediamant.ch\/de\/uhren\/221444-balmain-balmainia-bijou-chrono-36mm-b62583326\/\" aria-label=\"Mehr Informationen \u00fcber Balmain Balmainia Bijou Chrono 36mm\">Weiterlesen &#8230;<\/a><\/p>\n","protected":false},"featured_media":223164,"template":"","meta":{"_acf_changed":false,"_seopress_robots_primary_cat":"27173","_seopress_titles_title":"","_seopress_titles_desc":"Entdecken Sie die Eleganz der Balmain Balmainia Bijou, einer Damenuhr, in der sich Modernit\u00e4t und Pariser Haute Couture vereinen.","_seopress_robots_index":""},"brand":[27083],"product_brand":[],"product_cat":[27123,27173,27431],"product_tag":[],"class_list":{"0":"post-221444","1":"product","2":"type-product","3":"status-publish","4":"has-post-thumbnail","6":"brand-balmain-de","7":"product_cat-uhren","8":"product_cat-balmain-de","9":"product_cat-balmainia-de","10":"pa_couleurduboitier-zweifarbig-de","11":"pa_couleurdubracelet-bicolor","12":"pa_couleurducadran-weiss","13":"pa_etancheite-50m-de","14":"pa_forme-runden","15":"pa_genre-frau","16":"pa_matiere-zweifarbigstahlrosegoldpvd","17":"pa_matierebraceletmontre-edelstahl","18":"pa_mouvement-quarzbatterie-de","19":"pa_swissmade-ja-de","20":"pa_typedemontre-chronograph-de","21":"pa_verre-saphir-de","22":"sales-flash-overlay","23":"woocommerce-text-align-center","24":"woocommerce-image-align-center","25":"do-quantity-buttons","27":"first","28":"instock","29":"taxable","30":"shipping-taxable","31":"purchasable","32":"product-type-simple"},"acf":[],"_links":{"self":[{"href":"https:\/\/dev.lediamant.ch\/de\/wp-json\/wp\/v2\/product\/221444","targetHints":{"allow":["GET"]}}],"collection":[{"href":"https:\/\/dev.lediamant.ch\/de\/wp-json\/wp\/v2\/product"}],"about":[{"href":"https:\/\/dev.lediamant.ch\/de\/wp-json\/wp\/v2\/types\/product"}],"wp:featuredmedia":[{"embeddable":true,"href":"https:\/\/dev.lediamant.ch\/de\/wp-json\/wp\/v2\/media\/223164"}],"wp:attachment":[{"href":"https:\/\/dev.lediamant.ch\/de\/wp-json\/wp\/v2\/media?parent=221444"}],"wp:term":[{"taxonomy":"brand","embeddable":true,"href":"https:\/\/dev.lediamant.ch\/de\/wp-json\/wp\/v2\/brand?post=221444"},{"taxonomy":"product_brand","embeddable":true,"href":"https:\/\/dev.lediamant.ch\/de\/wp-json\/wp\/v2\/product_brand?post=221444"},{"taxonomy":"product_cat","embeddable":true,"href":"https:\/\/dev.lediamant.ch\/de\/wp-json\/wp\/v2\/product_cat?post=221444"},{"taxonomy":"product_tag","embeddable":true,"href":"https:\/\/dev.lediamant.ch\/de\/wp-json\/wp\/v2\/product_tag?post=221444"}],"curies":[{"name":"wp","href":"https:\/\/api.w.org\/{rel}","templated":true}]}}