{"id":221462,"date":"2024-09-02T16:21:32","date_gmt":"2024-09-02T14:21:32","guid":{"rendered":"https:\/\/dev.lediamant.ch\/produit\/unkategorisiert\/aerowatch-chronographe-quartz\/"},"modified":"2025-10-31T13:34:53","modified_gmt":"2025-10-31T12:34:53","slug":"aerowatch-chronographe-quartz","status":"publish","type":"product","link":"https:\/\/dev.lediamant.ch\/de\/uhren\/221462-aerowatch-1942-chrono-quartz-schwarz-44mm-leder-a-79100-no05\/","title":{"rendered":"Aerowatch 1942 Chrono Quartz Schwarz 44mm Leder"},"content":{"rendered":"<p>Die Aerowatch 1942 Chrono Quarz pr\u00e4sentiert sich in dieser markanten Variante mit einem schwarzen PVD-Stahlgeh\u00e4use, das Modernit\u00e4t mit au\u00dfergew\u00f6hnlicher Robustheit verbindet. Das mattschwarze Zifferblatt bildet einen starken Kontrast und erm\u00f6glicht ein klares Ablesen der Zeit, w\u00e4hrend die drei Z\u00e4hler und die Datumsanzeige sich harmonisch in das Design einf\u00fcgen.<\/p>\n<p>Die pr\u00e4zisen und stilvollen Zeiger f\u00fcgen sich perfekt in das Gesamtbild ein und verleihen der Uhr einen Hauch von Eleganz. Das gew\u00f6lbte, entspiegelte Saphirglas sch\u00fctzt das Zifferblatt vor Kratzern und garantiert eine optimale Sicht, w\u00e4hrend die Leuchtzeiger und Indizes auch bei schlechten Lichtverh\u00e4ltnissen gut ablesbar sind.<\/p>\n<p>Das dunkelbraune Lederarmband mit beigen N\u00e4hten garantiert einen angenehmen Tragekomfort und rundet das raffinierte Design der Uhr perfekt ab. Die Aerowatch 1942 Chrono Quarz ist das ideale Accessoire f\u00fcr stilbewusste M\u00e4nner, die Wert auf h\u00f6chste Qualit\u00e4t und au\u00dfergew\u00f6hnliche Funktionalit\u00e4t legen. Mit dieser Uhr am Handgelenk sind Sie immer bereit, die Zeit zu beherrschen.<\/p>\n","protected":false},"excerpt":{"rendered":"<p>Die Aerowatch 1942 Chrono Quarz pr\u00e4sentiert sich in dieser markanten Variante mit einem schwarzen PVD-Stahlgeh\u00e4use, das Modernit\u00e4t mit au\u00dfergew\u00f6hnlicher Robustheit verbindet. Das mattschwarze Zifferblatt bildet einen starken Kontrast und erm\u00f6glicht ein klares Ablesen der Zeit, w\u00e4hrend die drei Z\u00e4hler und die Datumsanzeige sich harmonisch in das Design einf\u00fcgen. Die pr\u00e4zisen und stilvollen Zeiger f\u00fcgen sich &#8230; <a title=\"Aerowatch 1942 Chrono Quartz Schwarz 44mm Leder\" class=\"read-more\" href=\"https:\/\/dev.lediamant.ch\/de\/uhren\/221462-aerowatch-1942-chrono-quartz-schwarz-44mm-leder-a-79100-no05\/\" aria-label=\"Mehr Informationen \u00fcber Aerowatch 1942 Chrono Quartz Schwarz 44mm Leder\">Weiterlesen &#8230;<\/a><\/p>\n","protected":false},"featured_media":222081,"template":"","meta":{"_acf_changed":false,"_seopress_robots_primary_cat":"27167","_seopress_titles_title":"","_seopress_titles_desc":"Entdecken Sie die Exzellenz und Pr\u00e4zision des Aerowatch A 79100 No05 Chronographen. Eleganz und Leistung auf einen Klick.","_seopress_robots_index":""},"brand":[27081],"product_brand":[],"product_cat":[27123,27167,27241],"product_tag":[],"class_list":{"0":"post-221462","1":"product","2":"type-product","3":"status-publish","4":"has-post-thumbnail","6":"brand-aerowatch-de","7":"product_cat-uhren","8":"product_cat-aerowatch-de","9":"product_cat-1942-de","10":"pa_couleurduboitier-schwarz-de","11":"pa_couleurdubracelet-braun-de","12":"pa_couleurducadran-schwarz","13":"pa_etancheite-50m-de","14":"pa_forme-runden","15":"pa_genre-mann","16":"pa_matiere-schwarzespvd","17":"pa_matierebraceletmontre-leder","18":"pa_mouvement-quarzbatterie-de","19":"pa_swissmade-ja-de","20":"pa_typedemontre-chronograph-de","21":"pa_typedemontre-fliegeruhren","22":"pa_verre-saphir-de","23":"sales-flash-overlay","24":"woocommerce-text-align-center","25":"woocommerce-image-align-center","26":"do-quantity-buttons","28":"first","29":"instock","30":"taxable","31":"shipping-taxable","32":"purchasable","33":"product-type-simple"},"acf":[],"_links":{"self":[{"href":"https:\/\/dev.lediamant.ch\/de\/wp-json\/wp\/v2\/product\/221462","targetHints":{"allow":["GET"]}}],"collection":[{"href":"https:\/\/dev.lediamant.ch\/de\/wp-json\/wp\/v2\/product"}],"about":[{"href":"https:\/\/dev.lediamant.ch\/de\/wp-json\/wp\/v2\/types\/product"}],"wp:featuredmedia":[{"embeddable":true,"href":"https:\/\/dev.lediamant.ch\/de\/wp-json\/wp\/v2\/media\/222081"}],"wp:attachment":[{"href":"https:\/\/dev.lediamant.ch\/de\/wp-json\/wp\/v2\/media?parent=221462"}],"wp:term":[{"taxonomy":"brand","embeddable":true,"href":"https:\/\/dev.lediamant.ch\/de\/wp-json\/wp\/v2\/brand?post=221462"},{"taxonomy":"product_brand","embeddable":true,"href":"https:\/\/dev.lediamant.ch\/de\/wp-json\/wp\/v2\/product_brand?post=221462"},{"taxonomy":"product_cat","embeddable":true,"href":"https:\/\/dev.lediamant.ch\/de\/wp-json\/wp\/v2\/product_cat?post=221462"},{"taxonomy":"product_tag","embeddable":true,"href":"https:\/\/dev.lediamant.ch\/de\/wp-json\/wp\/v2\/product_tag?post=221462"}],"curies":[{"name":"wp","href":"https:\/\/api.w.org\/{rel}","templated":true}]}}