{"id":221488,"date":"2023-12-20T17:30:32","date_gmt":"2023-12-20T16:30:32","guid":{"rendered":"https:\/\/dev.lediamant.ch\/produit\/unkategorisiert\/aerowatch-quartz-sport-2\/"},"modified":"2025-10-30T13:43:59","modified_gmt":"2025-10-30T12:43:59","slug":"aerowatch-quartz-sport-2","status":"publish","type":"product","link":"https:\/\/dev.lediamant.ch\/de\/uhren\/221488-aerowatch-milan-quartz-sport-a-42999-aa06\/","title":{"rendered":"Aerowatch Milan Quartz Sport 41mm"},"content":{"rendered":"<p>Aerowatch, ein Familienunternehmen, das Uhren herstellt, hat vor kurzem eine Innovation eingef\u00fchrt, indem es eine Uhr im Industriedesign mit einem integrierten Armband entwarf. Diese Initiative ist eine Premiere in der Geschichte des Unternehmens. Seit seiner Gr\u00fcndung verfolgt Aerowatch einen Ansatz der Exzellenz, der die traditionellen Werte der Schweizer Uhrmacherei respektiert. Die neue Kollektion &#8222;MILAN&#8220; unterstreicht das Engagement unseres Unternehmens f\u00fcr den m\u00e4rchenhaften Jura mit seinen m\u00e4chtigen Tannen und dem drittgr\u00f6\u00dften Raubvogel desselben Namens.<\/p>\n<p>Die Uhr &#8222;MILAN&#8220; von Aerowatch vereint Robustheit und Eleganz mit einem Stahlgeh\u00e4use und H\u00f6rnern, die sich harmonisch zu einer sportlich raffinierten \u00c4sthetik vereinen. Die gezahnte L\u00fcnette und die gesch\u00fctzte Krone, wesentliche Elemente der \u00c4sthetik des Modells, f\u00fcgen sich harmonisch in das Gesamtbild ein und unterstreichen die klare Linie des Designs.<\/p>\n<p>Eine eingehende Analyse dieses Produkts zeigt eine akribische Liebe zum Detail, die die Philosophie von Aerowatch widerspiegelt: Das Streben nach Perfektion und die Liebe zum Detail stehen im Mittelpunkt des Unternehmens. Die raffinierte Umsetzung des emblematischen Tannenmotivs auf dem Zifferblatt und dem Sekundenzeiger verdient besondere Aufmerksamkeit. Das grafische Tannenmotiv, das Aush\u00e4ngeschild der Kollektion, schafft Tiefe und verwandelt das Zifferblatt in einen idyllischen Tannenwald, der zu einem mentalen Spaziergang durch die Weiten des Jura einl\u00e4dt.<\/p>\n","protected":false},"excerpt":{"rendered":"<p>Aerowatch, ein Familienunternehmen, das Uhren herstellt, hat vor kurzem eine Innovation eingef\u00fchrt, indem es eine Uhr im Industriedesign mit einem integrierten Armband entwarf. Diese Initiative ist eine Premiere in der Geschichte des Unternehmens. Seit seiner Gr\u00fcndung verfolgt Aerowatch einen Ansatz der Exzellenz, der die traditionellen Werte der Schweizer Uhrmacherei respektiert. Die neue Kollektion &#8222;MILAN&#8220; unterstreicht &#8230; <a title=\"Aerowatch Milan Quartz Sport 41mm\" class=\"read-more\" href=\"https:\/\/dev.lediamant.ch\/de\/uhren\/221488-aerowatch-milan-quartz-sport-a-42999-aa06\/\" aria-label=\"Mehr Informationen \u00fcber Aerowatch Milan Quartz Sport 41mm\">Weiterlesen &#8230;<\/a><\/p>\n","protected":false},"featured_media":221987,"template":"","meta":{"_acf_changed":false,"_seopress_robots_primary_cat":"27167","_seopress_titles_title":"","_seopress_titles_desc":"Entdecken Sie die Aerowatch Quartz Sport, eine perfekte Mischung aus Stil und Pr\u00e4zision. Ideal f\u00fcr das t\u00e4gliche Abenteuer.","_seopress_robots_index":""},"brand":[27081],"product_brand":[],"product_cat":[27123,27167,27233],"product_tag":[],"class_list":{"0":"post-221488","1":"product","2":"type-product","3":"status-publish","4":"has-post-thumbnail","6":"brand-aerowatch-de","7":"product_cat-uhren","8":"product_cat-aerowatch-de","9":"product_cat-milan-de","10":"pa_couleurduboitier-grau-de","11":"pa_couleurdubracelet-schwarz-de","12":"pa_couleurducadran-rot","13":"pa_etancheite-120m-de","14":"pa_forme-runden","15":"pa_genre-mann","16":"pa_matiere-stahl","17":"pa_matierebraceletmontre-kautschuk","18":"pa_mouvement-quarzbatterie-de","19":"pa_swissmade-ja-de","20":"pa_verre-saphir-de","21":"sales-flash-overlay","22":"woocommerce-text-align-center","23":"woocommerce-image-align-center","24":"do-quantity-buttons","26":"first","27":"instock","28":"taxable","29":"shipping-taxable","30":"purchasable","31":"product-type-simple"},"acf":[],"_links":{"self":[{"href":"https:\/\/dev.lediamant.ch\/de\/wp-json\/wp\/v2\/product\/221488","targetHints":{"allow":["GET"]}}],"collection":[{"href":"https:\/\/dev.lediamant.ch\/de\/wp-json\/wp\/v2\/product"}],"about":[{"href":"https:\/\/dev.lediamant.ch\/de\/wp-json\/wp\/v2\/types\/product"}],"wp:featuredmedia":[{"embeddable":true,"href":"https:\/\/dev.lediamant.ch\/de\/wp-json\/wp\/v2\/media\/221987"}],"wp:attachment":[{"href":"https:\/\/dev.lediamant.ch\/de\/wp-json\/wp\/v2\/media?parent=221488"}],"wp:term":[{"taxonomy":"brand","embeddable":true,"href":"https:\/\/dev.lediamant.ch\/de\/wp-json\/wp\/v2\/brand?post=221488"},{"taxonomy":"product_brand","embeddable":true,"href":"https:\/\/dev.lediamant.ch\/de\/wp-json\/wp\/v2\/product_brand?post=221488"},{"taxonomy":"product_cat","embeddable":true,"href":"https:\/\/dev.lediamant.ch\/de\/wp-json\/wp\/v2\/product_cat?post=221488"},{"taxonomy":"product_tag","embeddable":true,"href":"https:\/\/dev.lediamant.ch\/de\/wp-json\/wp\/v2\/product_tag?post=221488"}],"curies":[{"name":"wp","href":"https:\/\/api.w.org\/{rel}","templated":true}]}}