{"id":221972,"date":"2025-09-30T11:29:43","date_gmt":"2025-09-30T09:29:43","guid":{"rendered":"https:\/\/dev.lediamant.ch\/?post_type=product&#038;p=221972"},"modified":"2025-10-30T11:34:26","modified_gmt":"2025-10-30T10:34:26","slug":"h992-h4-2-grey-gradient","status":"publish","type":"product","link":"https:\/\/dev.lediamant.ch\/de\/uhren\/221972-h992-h4-2-grey-gradient-mh4ac08\/","title":{"rendered":"H992 H4.2 Grey Gradient"},"content":{"rendered":"<p>Ich entwickle mich weiter.<br \/>\nIch bin H4.2 Grey Gradient, eine COSC-zertifizierte Automatikuhr, die in La Chaux-de-Fonds geboren wurde.<\/p>\n<p>Mein graues, abgestuftes Zifferblatt dr\u00fcckt das perfekte Gleichgewicht zwischen Licht und Material aus. Unter meinem Saphirkristall spiegelt jedes Detail die Pr\u00e4zision und Strenge meines Designs wider. Mein austauschbares Armband l\u00e4sst sich im Handumdrehen von Metall auf Kautschuk umstellen.<\/p>\n<p>In limitierter Auflage \/992 hergestellt, trage ich die Signatur von H992 - Architecte Horloger.<\/p>\n","protected":false},"excerpt":{"rendered":"<p>Ich bin H992. Ich bin die Uhr, die bald an deinem Handgelenk sein wird. Ich komme aus einer neuen Marke. Von einer neuen Zeile. Ich bin die neue Uhr. Deine neue Uhr.<\/p>\n","protected":false},"featured_media":221974,"template":"","meta":{"_acf_changed":false,"_seopress_robots_primary_cat":"27177","_seopress_titles_title":"%%post_title%% %%sep%% %%sitetitle%%.ch","_seopress_titles_desc":"Lernen Sie die H4 Uhr kennen, mit einem raffinierten Design, austauschbarem Armband und Luminova-Zeigern. Exzellenz in der Uhrmacherei neu erfunden.","_seopress_robots_index":""},"brand":[27115],"product_brand":[],"product_cat":[27123,27177,41998],"product_tag":[],"class_list":{"0":"post-221972","1":"product","2":"type-product","3":"status-publish","4":"has-post-thumbnail","6":"brand-h992-de","7":"product_cat-uhren","8":"product_cat-h992-de","9":"product_cat-collection-h4-de","10":"pa_couleurduboitier-grau-de","11":"pa_couleurdubracelet-schwarz-de","12":"pa_couleurducadran-grau","13":"pa_etancheite-100m-de","14":"pa_forme-runden","15":"pa_garantie-24monate","16":"pa_genre-mann","17":"pa_limitededition-992-global-h4-kollektion","18":"pa_matiere-stahl","19":"pa_matierebraceletmontre-kautschuk","20":"pa_mouvement-automatik-de","21":"pa_swissmade-ja-de","22":"pa_typedemontre-chronometer","23":"sales-flash-overlay","24":"woocommerce-text-align-center","25":"woocommerce-image-align-center","26":"do-quantity-buttons","28":"first","29":"instock","30":"taxable","31":"shipping-taxable","32":"purchasable","33":"product-type-simple"},"acf":[],"_links":{"self":[{"href":"https:\/\/dev.lediamant.ch\/de\/wp-json\/wp\/v2\/product\/221972","targetHints":{"allow":["GET"]}}],"collection":[{"href":"https:\/\/dev.lediamant.ch\/de\/wp-json\/wp\/v2\/product"}],"about":[{"href":"https:\/\/dev.lediamant.ch\/de\/wp-json\/wp\/v2\/types\/product"}],"wp:featuredmedia":[{"embeddable":true,"href":"https:\/\/dev.lediamant.ch\/de\/wp-json\/wp\/v2\/media\/221974"}],"wp:attachment":[{"href":"https:\/\/dev.lediamant.ch\/de\/wp-json\/wp\/v2\/media?parent=221972"}],"wp:term":[{"taxonomy":"brand","embeddable":true,"href":"https:\/\/dev.lediamant.ch\/de\/wp-json\/wp\/v2\/brand?post=221972"},{"taxonomy":"product_brand","embeddable":true,"href":"https:\/\/dev.lediamant.ch\/de\/wp-json\/wp\/v2\/product_brand?post=221972"},{"taxonomy":"product_cat","embeddable":true,"href":"https:\/\/dev.lediamant.ch\/de\/wp-json\/wp\/v2\/product_cat?post=221972"},{"taxonomy":"product_tag","embeddable":true,"href":"https:\/\/dev.lediamant.ch\/de\/wp-json\/wp\/v2\/product_tag?post=221972"}],"curies":[{"name":"wp","href":"https:\/\/api.w.org\/{rel}","templated":true}]}}