{"id":222410,"date":"2025-09-05T14:29:55","date_gmt":"2025-09-05T12:29:55","guid":{"rendered":"https:\/\/dev.lediamant.ch\/?post_type=product&#038;p=222410"},"modified":"2025-11-05T15:07:39","modified_gmt":"2025-11-05T14:07:39","slug":"balmain-taffetas-bicolore-jaune-22-5-x-23-5mm","status":"publish","type":"product","link":"https:\/\/dev.lediamant.ch\/de\/uhren\/222410-balmain-taffetas-bicolor-gelb-225-x-235mm-b46523928\/","title":{"rendered":"Balmain Taffetas Bicolor Gelb 22.5 x 23.5mm"},"content":{"rendered":"<p>Die Balmain Taffetas ist mehr als nur eine Uhr: Sie ist ein architektonisches Meisterwerk, das von der Welt der Haute Couture inspiriert wurde. Ihr einzigartiger Charakter zeigt sich in ihrer au\u00dfergew\u00f6hnlichen Struktur, die das Armband und das Geh\u00e4use zu einer flie\u00dfenden Einheit verschmelzen l\u00e4sst. Wie ein Wasserfall aus pr\u00e4zise facettierten Elementen umschlie\u00dft das Armband das Handgelenk und erzeugt ein faszinierendes Spiel von Licht und Schatten. Jede Linie, jede Kante ist Ausdruck k\u00fchner Eleganz und f\u00e4ngt die Bewegung dynamisch ein. Das Geh\u00e4use nimmt diese skulpturale Sprache flie\u00dfend auf, um das Design zu vervollst\u00e4ndigen. Die Taffetas ist nicht einfach nur ein Zeitmesser, sondern eine Selbstbest\u00e4tigung, ein St\u00fcck, das die kreative DNA und den Pariser Chic des Hauses Balmain perfekt verk\u00f6rpert.<\/p>\n","protected":false},"excerpt":{"rendered":"<p>Die Balmain Taffetas ist mehr als nur eine Uhr: Sie ist ein architektonisches Meisterwerk, das von der Welt der Haute Couture inspiriert wurde. Ihr einzigartiger Charakter zeigt sich in ihrer au\u00dfergew\u00f6hnlichen Struktur, die das Armband und das Geh\u00e4use zu einer flie\u00dfenden Einheit verschmelzen l\u00e4sst. Wie ein Wasserfall aus pr\u00e4zise facettierten Elementen umschlie\u00dft das Armband das &#8230; <a title=\"Balmain Taffetas Bicolor Gelb 22.5 x 23.5mm\" class=\"read-more\" href=\"https:\/\/dev.lediamant.ch\/de\/uhren\/222410-balmain-taffetas-bicolor-gelb-225-x-235mm-b46523928\/\" aria-label=\"Mehr Informationen \u00fcber Balmain Taffetas Bicolor Gelb 22.5 x 23.5mm\">Weiterlesen &#8230;<\/a><\/p>\n","protected":false},"featured_media":222412,"template":"","meta":{"_acf_changed":false,"_seopress_robots_primary_cat":"27173","_seopress_titles_title":"","_seopress_titles_desc":"Entdecken Sie die Eleganz der Balmain Beleganza, einer Damenuhr mit Pariser Haute Couture Design, wei\u00dfem Zifferblatt und Stahlarmband.","_seopress_robots_index":""},"brand":[27083],"product_brand":[],"product_cat":[27123,27173,42260,27399],"product_tag":[],"class_list":{"0":"post-222410","1":"product","2":"type-product","3":"status-publish","4":"has-post-thumbnail","6":"brand-balmain-de","7":"product_cat-uhren","8":"product_cat-balmain-de","9":"product_cat-taffetas","10":"product_cat-beleganza-de","11":"pa_couleurduboitier-zweifarbig-de","12":"pa_couleurdubracelet-bicolor","13":"pa_couleurducadran-silber","14":"pa_dimensions-22-50-x-23-50-mm","15":"pa_etancheite-30m-de","16":"pa_forme-rechteckig-de","17":"pa_garantie-24monate","18":"pa_genre-frau","19":"pa_matiere-zweifarbigstahlgelbgoldpvd","20":"pa_matierebraceletmontre-edelstahl","21":"pa_mouvement-quarzbatterie-de","22":"pa_swissmade-ja-de","23":"pa_verre-saphir-de","24":"sales-flash-overlay","25":"woocommerce-text-align-center","26":"woocommerce-image-align-center","27":"do-quantity-buttons","29":"first","30":"instock","31":"taxable","32":"shipping-taxable","33":"purchasable","34":"product-type-simple"},"acf":[],"_links":{"self":[{"href":"https:\/\/dev.lediamant.ch\/de\/wp-json\/wp\/v2\/product\/222410","targetHints":{"allow":["GET"]}}],"collection":[{"href":"https:\/\/dev.lediamant.ch\/de\/wp-json\/wp\/v2\/product"}],"about":[{"href":"https:\/\/dev.lediamant.ch\/de\/wp-json\/wp\/v2\/types\/product"}],"wp:featuredmedia":[{"embeddable":true,"href":"https:\/\/dev.lediamant.ch\/de\/wp-json\/wp\/v2\/media\/222412"}],"wp:attachment":[{"href":"https:\/\/dev.lediamant.ch\/de\/wp-json\/wp\/v2\/media?parent=222410"}],"wp:term":[{"taxonomy":"brand","embeddable":true,"href":"https:\/\/dev.lediamant.ch\/de\/wp-json\/wp\/v2\/brand?post=222410"},{"taxonomy":"product_brand","embeddable":true,"href":"https:\/\/dev.lediamant.ch\/de\/wp-json\/wp\/v2\/product_brand?post=222410"},{"taxonomy":"product_cat","embeddable":true,"href":"https:\/\/dev.lediamant.ch\/de\/wp-json\/wp\/v2\/product_cat?post=222410"},{"taxonomy":"product_tag","embeddable":true,"href":"https:\/\/dev.lediamant.ch\/de\/wp-json\/wp\/v2\/product_tag?post=222410"}],"curies":[{"name":"wp","href":"https:\/\/api.w.org\/{rel}","templated":true}]}}