{"id":223774,"date":"2025-12-03T14:40:16","date_gmt":"2025-12-03T13:40:16","guid":{"rendered":"https:\/\/dev.lediamant.ch\/produit\/unkategorisiert\/tissot-ballade-39mm-2\/"},"modified":"2025-12-17T16:59:25","modified_gmt":"2025-12-17T15:59:25","slug":"tissot-ballade-39mm-2","status":"publish","type":"product","link":"https:\/\/dev.lediamant.ch\/de\/uhren\/223774-tissot-ballade-39mm-2-t1564081109300\/","title":{"rendered":"Tissot Ballade 39mm"},"content":{"rendered":"<p>Die Ballade COSC ist eine Weiterentwicklung eines tief in der Tissot-Kollektion verwurzelten Modells, das 2024 wieder eingef\u00fchrt wurde und nun mit einer Chronometer-zertifizierten Leistung ausgestattet ist. Ihr Herzst\u00fcck ist das Powermatic 80 Uhrwerk, das offiziell f\u00fcr seine Pr\u00e4zision und Zuverl\u00e4ssigkeit anerkannt ist. Die geriffelte L\u00fcnette definiert die Identit\u00e4t der Uhr, mit fein geschliffenen Kanten, die dem Geh\u00e4use Tiefe und Charakter verleihen. Die Ballade COSC vereint zertifizierte Leistung mit scharfen visuellen Details - eine Uhr, die ihre Pr\u00e4zision mit Haltung tr\u00e4gt.<\/p>\n","protected":false},"excerpt":{"rendered":"<p>Die Ballade COSC ist eine Weiterentwicklung eines tief in der Tissot-Kollektion verwurzelten Modells, das 2024 wieder eingef\u00fchrt wurde und nun mit einer Chronometer-zertifizierten Leistung ausgestattet ist. Ihr Herzst\u00fcck ist das Powermatic 80 Uhrwerk, das offiziell f\u00fcr seine Pr\u00e4zision und Zuverl\u00e4ssigkeit anerkannt ist. Die geriffelte L\u00fcnette definiert die Identit\u00e4t der Uhr, mit fein geschliffenen Kanten, die &#8230; <a title=\"Tissot Ballade 39mm\" class=\"read-more\" href=\"https:\/\/dev.lediamant.ch\/de\/uhren\/223774-tissot-ballade-39mm-2-t1564081109300\/\" aria-label=\"Mehr Informationen \u00fcber Tissot Ballade 39mm\">Weiterlesen &#8230;<\/a><\/p>\n","protected":false},"featured_media":224323,"template":"","meta":{"_acf_changed":false,"_seopress_robots_primary_cat":"27159","_seopress_titles_title":"","_seopress_titles_desc":"","_seopress_robots_index":""},"brand":[27087],"product_brand":[],"product_cat":[27123,27159,27245,41840],"product_tag":[],"class_list":{"0":"post-223774","1":"product","2":"type-product","3":"status-publish","4":"has-post-thumbnail","6":"brand-tissot-de","7":"product_cat-uhren","8":"product_cat-tissot-de","9":"product_cat-tissot-classic","10":"product_cat-tissot-ballade-de","11":"pa_couleurduboitier-grau-de","12":"pa_couleurdubracelet-grau-de","13":"pa_couleurducadran-grun","14":"pa_etancheite-100m-de","15":"pa_forme-runden","16":"pa_garantie-36-monate","17":"pa_genre-mann","18":"pa_matiere-stahl","19":"pa_matierebraceletmontre-edelstahl","20":"pa_mouvement-automatik-de","21":"pa_option-boitier-transparenter-hintergrund","22":"pa_swissmade-ja-de","23":"pa_typedemontre-chronometer","24":"pa_verre-saphir-de","25":"sales-flash-overlay","26":"woocommerce-text-align-center","27":"woocommerce-image-align-center","28":"do-quantity-buttons","30":"first","31":"instock","32":"taxable","33":"shipping-taxable","34":"purchasable","35":"product-type-simple"},"acf":[],"_links":{"self":[{"href":"https:\/\/dev.lediamant.ch\/de\/wp-json\/wp\/v2\/product\/223774","targetHints":{"allow":["GET"]}}],"collection":[{"href":"https:\/\/dev.lediamant.ch\/de\/wp-json\/wp\/v2\/product"}],"about":[{"href":"https:\/\/dev.lediamant.ch\/de\/wp-json\/wp\/v2\/types\/product"}],"wp:featuredmedia":[{"embeddable":true,"href":"https:\/\/dev.lediamant.ch\/de\/wp-json\/wp\/v2\/media\/224323"}],"wp:attachment":[{"href":"https:\/\/dev.lediamant.ch\/de\/wp-json\/wp\/v2\/media?parent=223774"}],"wp:term":[{"taxonomy":"brand","embeddable":true,"href":"https:\/\/dev.lediamant.ch\/de\/wp-json\/wp\/v2\/brand?post=223774"},{"taxonomy":"product_brand","embeddable":true,"href":"https:\/\/dev.lediamant.ch\/de\/wp-json\/wp\/v2\/product_brand?post=223774"},{"taxonomy":"product_cat","embeddable":true,"href":"https:\/\/dev.lediamant.ch\/de\/wp-json\/wp\/v2\/product_cat?post=223774"},{"taxonomy":"product_tag","embeddable":true,"href":"https:\/\/dev.lediamant.ch\/de\/wp-json\/wp\/v2\/product_tag?post=223774"}],"curies":[{"name":"wp","href":"https:\/\/api.w.org\/{rel}","templated":true}]}}