{"id":223966,"date":"2025-11-03T14:55:10","date_gmt":"2025-11-03T13:55:10","guid":{"rendered":"https:\/\/dev.lediamant.ch\/produit\/unkategorisiert\/tissot-le-locle-39-3mm-2\/"},"modified":"2025-12-22T15:06:18","modified_gmt":"2025-12-22T14:06:18","slug":"tissot-le-locle-39-3mm-2","status":"publish","type":"product","link":"https:\/\/dev.lediamant.ch\/de\/uhren\/223966-tissot-le-locle-39-mm-t0064072209300\/","title":{"rendered":"Tissot Le Locle Powermatic 80 39mm"},"content":{"rendered":"<p>Die Kollektion Le Locle wurde zum ersten Mal im Jahr 2003 anl\u00e4sslich des 150-j\u00e4hrigen Jubil\u00e4ums der Marke Tissot vorgestellt. Diese Uhr ist ein echtes historisches St\u00fcck und verk\u00f6rpert den Geist der Innovation, der Tissot seit \u00fcber einem Jahrhundert ausmacht.<\/p>\n<p>Dieses Herrenmodell hat ein gr\u00fcnes Zifferblatt und ist mit austauschbaren Armb\u00e4ndern mit Schnellverschluss ausgestattet. Alle Tissot Le Locle Uhren sind mit dem wundersch\u00f6nen guillochierten Clous de Paris Zifferblatt in Form von kleinen Pyramiden ausgestattet, ein Detail, das den Unterschied ausmacht. Das Zusammenspiel der polierten und geb\u00fcrsteten Oberfl\u00e4chen der Glieder schafft einen fesselnden visuellen Rhythmus, der das Licht bei jeder Bewegung einf\u00e4ngt. Die Tissot Le Locle Kollektion verk\u00f6rpert den Charme des Schweizer Erbes.<\/p>\n<p>Dieses Modell ist mit einer patentierten Unruhspirale aus Nivachron\u2122 ausgestattet, die die Auswirkungen von Magnetfeldern erheblich abschw\u00e4cht und gleichzeitig sto\u00dffest, alterungsbest\u00e4ndig und temperaturbest\u00e4ndig ist. Es verf\u00fcgt au\u00dferdem \u00fcber eine Datumsfunktion und einen transparenten Geh\u00e4useboden, durch den die interne Mechanik bewundert werden kann.<br \/>\nDer transparente Geh\u00e4useboden ist mit einer traditionellen Le Locle Signatur graviert, ein zus\u00e4tzliches Ma\u00df an Authentizit\u00e4t, das an unsere lange und ber\u00fchmte Geschichte der Uhrmachertradition erinnert.<\/p>\n","protected":false},"excerpt":{"rendered":"<p>Die Kollektion Le Locle wurde zum ersten Mal im Jahr 2003 anl\u00e4sslich des 150-j\u00e4hrigen Jubil\u00e4ums der Marke Tissot vorgestellt. Diese Uhr ist ein echtes historisches St\u00fcck und verk\u00f6rpert den Geist der Innovation, der Tissot seit \u00fcber einem Jahrhundert ausmacht. Dieses Herrenmodell hat ein gr\u00fcnes Zifferblatt und ist mit austauschbaren Armb\u00e4ndern mit Schnellverschluss ausgestattet. Alle Tissot &#8230; <a title=\"Tissot Le Locle Powermatic 80 39mm\" class=\"read-more\" href=\"https:\/\/dev.lediamant.ch\/de\/uhren\/223966-tissot-le-locle-39-mm-t0064072209300\/\" aria-label=\"Mehr Informationen \u00fcber Tissot Le Locle Powermatic 80 39mm\">Weiterlesen &#8230;<\/a><\/p>\n","protected":false},"featured_media":223968,"template":"","meta":{"_acf_changed":false,"_seopress_robots_primary_cat":"27159","_seopress_titles_title":"","_seopress_titles_desc":"","_seopress_robots_index":""},"brand":[27087],"product_brand":[],"product_cat":[27123,27159,27245,27473],"product_tag":[],"class_list":{"0":"post-223966","1":"product","2":"type-product","3":"status-publish","4":"has-post-thumbnail","6":"brand-tissot-de","7":"product_cat-uhren","8":"product_cat-tissot-de","9":"product_cat-tissot-classic","10":"product_cat-tissot-le-locle","11":"pa_couleurduboitier-zweifarbig-de","12":"pa_couleurdubracelet-bicolor","13":"pa_couleurducadran-grun","14":"pa_etancheite-30m-de","15":"pa_forme-runden","16":"pa_genre-mann","17":"pa_genre-frau","18":"pa_matiere-zweifarbigstahlgelbgoldpvd","19":"pa_matierebraceletmontre-edelstahl","20":"pa_mouvement-automatik-de","21":"pa_option-boitier-transparenter-hintergrund","22":"pa_swissmade-ja-de","23":"pa_verre-saphir-de","24":"sales-flash-overlay","25":"woocommerce-text-align-center","26":"woocommerce-image-align-center","27":"do-quantity-buttons","29":"first","30":"instock","31":"taxable","32":"shipping-taxable","33":"purchasable","34":"product-type-simple"},"acf":[],"_links":{"self":[{"href":"https:\/\/dev.lediamant.ch\/de\/wp-json\/wp\/v2\/product\/223966","targetHints":{"allow":["GET"]}}],"collection":[{"href":"https:\/\/dev.lediamant.ch\/de\/wp-json\/wp\/v2\/product"}],"about":[{"href":"https:\/\/dev.lediamant.ch\/de\/wp-json\/wp\/v2\/types\/product"}],"wp:featuredmedia":[{"embeddable":true,"href":"https:\/\/dev.lediamant.ch\/de\/wp-json\/wp\/v2\/media\/223968"}],"wp:attachment":[{"href":"https:\/\/dev.lediamant.ch\/de\/wp-json\/wp\/v2\/media?parent=223966"}],"wp:term":[{"taxonomy":"brand","embeddable":true,"href":"https:\/\/dev.lediamant.ch\/de\/wp-json\/wp\/v2\/brand?post=223966"},{"taxonomy":"product_brand","embeddable":true,"href":"https:\/\/dev.lediamant.ch\/de\/wp-json\/wp\/v2\/product_brand?post=223966"},{"taxonomy":"product_cat","embeddable":true,"href":"https:\/\/dev.lediamant.ch\/de\/wp-json\/wp\/v2\/product_cat?post=223966"},{"taxonomy":"product_tag","embeddable":true,"href":"https:\/\/dev.lediamant.ch\/de\/wp-json\/wp\/v2\/product_tag?post=223966"}],"curies":[{"name":"wp","href":"https:\/\/api.w.org\/{rel}","templated":true}]}}