{"id":224122,"date":"2025-09-12T16:40:08","date_gmt":"2025-09-12T14:40:08","guid":{"rendered":"https:\/\/dev.lediamant.ch\/produit\/unkategorisiert\/tissot-le-locle-29mm-4\/"},"modified":"2025-12-22T09:08:20","modified_gmt":"2025-12-22T08:08:20","slug":"tissot-le-locle-29mm-4","status":"publish","type":"product","link":"https:\/\/dev.lediamant.ch\/de\/uhren\/224122-tissot-le-locle-29mm-4-t0062072209601\/","title":{"rendered":"Tissot Le Locle 29mm"},"content":{"rendered":"<p>Die Kollektion Le Locle wurde 2003 anl\u00e4sslich des <sup>150-j\u00e4hrigen<\/sup> Jubil\u00e4ums von Tissot eingef\u00fchrt. Diese Uhr ist ein St\u00fcck Geschichte und verk\u00f6rpert den Geist der Innovation, der unsere Marke seit \u00fcber einem Jahrhundert definiert. <\/p>\n<p>Dieses Modell hat ein gr\u00fcnes Zifferblatt, bei dem die r\u00f6mischen Indizes durch acht funkelnde Diamanten ersetzt wurden, und ist mit austauschbaren Armb\u00e4ndern mit Schnellverschluss ausgestattet. Alle Le Locle Uhren haben das wundersch\u00f6ne guillochierte Zifferblatt in Form der kleinen Pyramiden der Clous de Paris: ein Detail, das wirklich den Unterschied ausmacht. Das Spiel der polierten und geb\u00fcrsteten Oberfl\u00e4chen der Glieder schafft einen fesselnden visuellen Rhythmus, der das Licht bei jeder Bewegung auff\u00e4ngt. Diese Uhr verk\u00f6rpert den Charme des Schweizer Erbes. Der kursive Schriftzug &#8222;Le Locle&#8220; auf dem Zifferblatt verleiht dem Design eine raffinierte Note.    <\/p>\n<p>Das neueste Modell ist mit der fortschrittlichen Nivachron Spring Balance Technologie ausgestattet, die die Auswirkungen von Magnetfeldern erheblich abschw\u00e4cht und gleichzeitig sto\u00dffest, alterungsbest\u00e4ndig und temperaturbest\u00e4ndig ist. Dieses Modell verf\u00fcgt \u00fcber eine Datumsfunktion und einen transparenten Geh\u00e4useboden, der den Blick auf die faszinierende Mechanik freigibt. <\/p>\n","protected":false},"excerpt":{"rendered":"<p>Die Kollektion Le Locle wurde 2003 anl\u00e4sslich des 150-j\u00e4hrigen Jubil\u00e4ums von Tissot eingef\u00fchrt. Diese Uhr ist ein St\u00fcck Geschichte und verk\u00f6rpert den Geist der Innovation, der unsere Marke seit \u00fcber einem Jahrhundert definiert. Dieses Modell hat ein gr\u00fcnes Zifferblatt, bei dem die r\u00f6mischen Indizes durch acht funkelnde Diamanten ersetzt wurden, und ist mit austauschbaren Armb\u00e4ndern &#8230; <a title=\"Tissot Le Locle 29mm\" class=\"read-more\" href=\"https:\/\/dev.lediamant.ch\/de\/uhren\/224122-tissot-le-locle-29mm-4-t0062072209601\/\" aria-label=\"Mehr Informationen \u00fcber Tissot Le Locle 29mm\">Weiterlesen &#8230;<\/a><\/p>\n","protected":false},"featured_media":224125,"template":"","meta":{"_acf_changed":false,"_seopress_robots_primary_cat":"27158","_seopress_titles_title":"","_seopress_titles_desc":"","_seopress_robots_index":""},"brand":[27087],"product_brand":[],"product_cat":[27123,27159,27245,27473],"product_tag":[],"class_list":{"0":"post-224122","1":"product","2":"type-product","3":"status-publish","4":"has-post-thumbnail","6":"brand-tissot-de","7":"product_cat-uhren","8":"product_cat-tissot-de","9":"product_cat-tissot-classic","10":"product_cat-tissot-le-locle","11":"pa_couleurduboitier-zweifarbig-de","12":"pa_couleurdubracelet-bicolor","13":"pa_couleurducadran-grun","14":"pa_detail-de-s-pierres-s-12-diamanten-005-ct","15":"pa_etancheite-30m-de","16":"pa_forme-runden","17":"pa_genre-frau","18":"pa_matiere-zweifarbigstahlgelbgoldpvd","19":"pa_matierebraceletmontre-edelstahl","20":"pa_mouvement-automatik-de","21":"pa_option-boitier-transparenter-hintergrund","22":"pa_swissmade-ja-de","23":"pa_verre-saphir-de","24":"sales-flash-overlay","25":"woocommerce-text-align-center","26":"woocommerce-image-align-center","27":"do-quantity-buttons","29":"first","30":"instock","31":"taxable","32":"shipping-taxable","33":"purchasable","34":"product-type-simple"},"acf":[],"_links":{"self":[{"href":"https:\/\/dev.lediamant.ch\/de\/wp-json\/wp\/v2\/product\/224122","targetHints":{"allow":["GET"]}}],"collection":[{"href":"https:\/\/dev.lediamant.ch\/de\/wp-json\/wp\/v2\/product"}],"about":[{"href":"https:\/\/dev.lediamant.ch\/de\/wp-json\/wp\/v2\/types\/product"}],"wp:featuredmedia":[{"embeddable":true,"href":"https:\/\/dev.lediamant.ch\/de\/wp-json\/wp\/v2\/media\/224125"}],"wp:attachment":[{"href":"https:\/\/dev.lediamant.ch\/de\/wp-json\/wp\/v2\/media?parent=224122"}],"wp:term":[{"taxonomy":"brand","embeddable":true,"href":"https:\/\/dev.lediamant.ch\/de\/wp-json\/wp\/v2\/brand?post=224122"},{"taxonomy":"product_brand","embeddable":true,"href":"https:\/\/dev.lediamant.ch\/de\/wp-json\/wp\/v2\/product_brand?post=224122"},{"taxonomy":"product_cat","embeddable":true,"href":"https:\/\/dev.lediamant.ch\/de\/wp-json\/wp\/v2\/product_cat?post=224122"},{"taxonomy":"product_tag","embeddable":true,"href":"https:\/\/dev.lediamant.ch\/de\/wp-json\/wp\/v2\/product_tag?post=224122"}],"curies":[{"name":"wp","href":"https:\/\/api.w.org\/{rel}","templated":true}]}}