{"id":224195,"date":"2025-06-12T16:37:01","date_gmt":"2025-06-12T14:37:01","guid":{"rendered":"https:\/\/dev.lediamant.ch\/produit\/unkategorisiert\/tissot-le-locle-gold-29mm\/"},"modified":"2025-12-22T11:43:32","modified_gmt":"2025-12-22T10:43:32","slug":"tissot-le-locle-gold-29mm","status":"publish","type":"product","link":"https:\/\/dev.lediamant.ch\/de\/uhren\/224195-tissot-le-locle-gold-29mm-t9322074604600\/","title":{"rendered":"Tissot Le Locle Automatic Diamond Rotgold 750\/18 k"},"content":{"rendered":"<p>Benannt nach der Heimatstadt von Tissot, verk\u00f6rpert die Tissot Le Locle die DNA und die handwerklichen Werte der Marke. Die Le Locle Automatic Lady wird von einem Schweizer Automatikwerk angetrieben und besticht durch ihre exquisite Eleganz. Entdecken Sie dieses Modell mit seinen Diamantindexen und der geriffelten L\u00fcnette aus 18 Karat Ros\u00e9gold f\u00fcr einen schicken und eleganten Look.<\/p>\n<p>Das zum Zifferblatt passende Lederarmband ist mit einer Schmetterlingsfaltschlie\u00dfe mit Druckkn\u00f6pfen ausgestattet. Es ist austauschbar und leicht zu \u00f6ffnen.<br \/>\nDiese Uhr ist der perfekte Abschluss f\u00fcr Tages- und Abendlooks.<\/p>\n","protected":false},"excerpt":{"rendered":"<p>Benannt nach der Heimatstadt von Tissot, verk\u00f6rpert die Tissot Le Locle die DNA und die handwerklichen Werte der Marke. Die Le Locle Automatic Lady wird von einem Schweizer Automatikwerk angetrieben und besticht durch ihre exquisite Eleganz. Entdecken Sie dieses Modell mit seinen Diamantindexen und der geriffelten L\u00fcnette aus 18 Karat Ros\u00e9gold f\u00fcr einen schicken und &#8230; <a title=\"Tissot Le Locle Automatic Diamond Rotgold 750\/18 k\" class=\"read-more\" href=\"https:\/\/dev.lediamant.ch\/de\/uhren\/224195-tissot-le-locle-gold-29mm-t9322074604600\/\" aria-label=\"Mehr Informationen \u00fcber Tissot Le Locle Automatic Diamond Rotgold 750\/18 k\">Weiterlesen &#8230;<\/a><\/p>\n","protected":false},"featured_media":224197,"template":"","meta":{"_acf_changed":false,"_seopress_robots_primary_cat":"27159","_seopress_titles_title":"","_seopress_titles_desc":"","_seopress_robots_index":""},"brand":[27087],"product_brand":[],"product_cat":[27123,27159,27245,27473,27349],"product_tag":[],"class_list":{"0":"post-224195","1":"product","2":"type-product","3":"status-publish","4":"has-post-thumbnail","6":"brand-tissot-de","7":"product_cat-uhren","8":"product_cat-tissot-de","9":"product_cat-tissot-classic","10":"product_cat-tissot-le-locle","11":"product_cat-tissot-gold","12":"pa_couleurduboitier-zweifarbig-de","13":"pa_couleurdubracelet-blau-de","14":"pa_couleurducadran-blau","15":"pa_detail-de-s-pierres-s-12-diamanten-005-ct","16":"pa_etancheite-30m-de","17":"pa_forme-runden","18":"pa_genre-frau","19":"pa_matiere-bicolorstahlrosegold75018kt","20":"pa_matierebraceletmontre-leder","21":"pa_mouvement-automatik-de","22":"pa_option-boitier-transparenter-hintergrund","23":"pa_swissmade-ja-de","24":"pa_typedemontre-uhrenmitdiamanten","25":"pa_verre-saphir-de","26":"sales-flash-overlay","27":"woocommerce-text-align-center","28":"woocommerce-image-align-center","29":"do-quantity-buttons","31":"first","32":"instock","33":"taxable","34":"shipping-taxable","35":"purchasable","36":"product-type-simple"},"acf":[],"_links":{"self":[{"href":"https:\/\/dev.lediamant.ch\/de\/wp-json\/wp\/v2\/product\/224195","targetHints":{"allow":["GET"]}}],"collection":[{"href":"https:\/\/dev.lediamant.ch\/de\/wp-json\/wp\/v2\/product"}],"about":[{"href":"https:\/\/dev.lediamant.ch\/de\/wp-json\/wp\/v2\/types\/product"}],"wp:featuredmedia":[{"embeddable":true,"href":"https:\/\/dev.lediamant.ch\/de\/wp-json\/wp\/v2\/media\/224197"}],"wp:attachment":[{"href":"https:\/\/dev.lediamant.ch\/de\/wp-json\/wp\/v2\/media?parent=224195"}],"wp:term":[{"taxonomy":"brand","embeddable":true,"href":"https:\/\/dev.lediamant.ch\/de\/wp-json\/wp\/v2\/brand?post=224195"},{"taxonomy":"product_brand","embeddable":true,"href":"https:\/\/dev.lediamant.ch\/de\/wp-json\/wp\/v2\/product_brand?post=224195"},{"taxonomy":"product_cat","embeddable":true,"href":"https:\/\/dev.lediamant.ch\/de\/wp-json\/wp\/v2\/product_cat?post=224195"},{"taxonomy":"product_tag","embeddable":true,"href":"https:\/\/dev.lediamant.ch\/de\/wp-json\/wp\/v2\/product_tag?post=224195"}],"curies":[{"name":"wp","href":"https:\/\/api.w.org\/{rel}","templated":true}]}}